{"id":3,"date":"2025-09-23T11:14:55","date_gmt":"2025-09-23T11:14:55","guid":{"rendered":"http:\/\/vac-tron.es\/?page_id=3"},"modified":"2026-03-09T10:09:03","modified_gmt":"2026-03-09T10:09:03","slug":"politique-de-confidentialite","status":"publish","type":"page","link":"https:\/\/vac-tron.es\/fr\/privacy-policy\/","title":{"rendered":"Politique de confidentialit\u00e9"},"content":{"rendered":"<div data-elementor-type=\"wp-page\" data-elementor-id=\"3\" class=\"elementor elementor-3\" data-elementor-post-type=\"page\">\n\t\t\t\t<div class=\"elementor-element elementor-element-313d858 e-flex e-con-boxed e-con e-parent\" data-id=\"313d858\" data-element_type=\"container\" data-e-type=\"container\">\n\t\t\t\t\t<div class=\"e-con-inner\">\n\t\t\t\t<div class=\"elementor-element elementor-element-b3256bd elementor-widget elementor-widget-heading\" data-id=\"b3256bd\" data-element_type=\"widget\" data-e-type=\"widget\" data-widget_type=\"heading.default\">\n\t\t\t\t\t<h1 class=\"elementor-heading-title elementor-size-default\">Politique de confidentialit\u00e9<\/h1>\t\t\t\t<\/div>\n\t\t\t\t\t<\/div>\n\t\t\t\t<\/div>\n\t\t<div class=\"elementor-element elementor-element-fdf3968 e-flex e-con-boxed e-con e-parent\" data-id=\"fdf3968\" data-element_type=\"container\" data-e-type=\"container\">\n\t\t\t\t\t<div class=\"e-con-inner\">\n\t\t\t\t<div class=\"elementor-element elementor-element-2acfe38 elementor-widget elementor-widget-text-editor\" data-id=\"2acfe38\" data-element_type=\"widget\" data-e-type=\"widget\" data-widget_type=\"text-editor.default\">\n\t\t\t\t\t\t\t\t\t<p>Veuillez noter qu'en acc\u00e9dant aux informations contenues dans le pr\u00e9sent site Web, WWW.VAC-TRON.ES (\u201csite Web\u201d), et en les utilisant, vous manifestez votre consentement et votre accord avec les termes et conditions contenus dans le pr\u00e9sent document. Si vous n'\u00eates pas d'accord, vous ne devez pas utiliser ce site web. Vac-tron, S.A. (\u201cVac-tron\u201d) se r\u00e9serve le droit unilat\u00e9ral de r\u00e9viser ces termes et conditions de temps \u00e0 autre, sans pr\u00e9avis, en mettant \u00e0 jour cette section.<\/p>\n<p>L'ensemble du contenu de ce site Web, qu'il s'agisse d'images ou de textes, est prot\u00e9g\u00e9 par des droits d'auteur et ne peut \u00eatre distribu\u00e9, t\u00e9l\u00e9charg\u00e9, modifi\u00e9, r\u00e9affich\u00e9 ou utilis\u00e9 \u00e0 d'autres fins, sauf disposition contraire dans le pr\u00e9sent document, sans l'autorisation \u00e9crite expresse de Vac-tron, qui peut \u00eatre accord\u00e9e ou refus\u00e9e pour quelque raison que ce soit. Le contenu de ce site Web ne peut \u00eatre t\u00e9l\u00e9charg\u00e9 ou utilis\u00e9 qu'\u00e0 des fins personnelles et non commerciales.<\/p>\n<p>\u201cVac-tron\u201d, VAC-TRON (LOGO) et\/ou d'autres noms ou produits Vac-tron mentionn\u00e9s dans le pr\u00e9sent document sont des noms commerciaux, des marques commerciales et\/ou des marques de service de Vac-tron, S.A. ou de ses filiales et soci\u00e9t\u00e9s affili\u00e9es (\u201cmarques Vac-tron\u201d) et sont enregistr\u00e9s en Espagne. Les marques Vac-tron ne peuvent \u00eatre utilis\u00e9es que sous licence. Toute autre utilisation est interdite et constitue une utilisation non autoris\u00e9e. Les autres noms de produits ou de soci\u00e9t\u00e9s mentionn\u00e9s dans le pr\u00e9sent document peuvent \u00eatre des appellations commerciales, des marques commerciales ou des marques de service de leurs propri\u00e9taires respectifs.<\/p>\n<p>Ce site Internet peut contenir des liens qui vous permettront de quitter ce site. Les sites li\u00e9s peuvent ne pas \u00eatre sous le contr\u00f4le de Vac-tron et Vac-tron n'est pas responsable du contenu des sites li\u00e9s ou des liens qui peuvent \u00eatre contenus dans un site li\u00e9. Vac-tron fournit ces liens uniquement pour des raisons de commodit\u00e9 et l'inclusion d'un lien sur ce site Web n'implique pas l'approbation, l'affiliation ou le parrainage de ce site par Vac-tron. Si vous d\u00e9cidez de visiter un site li\u00e9, vous le faites \u00e0 vos propres risques.<\/p>\n<p>Vac-tron a fait tous les efforts raisonnables pour inclure un contenu pr\u00e9cis et \u00e0 jour dans ce site Web. Toutes les informations sur les produits contenues dans ce site Web, y compris, mais sans s'y limiter, les illustrations, les sp\u00e9cifications et les dimensions, ainsi que les r\u00e9f\u00e9rences \u00e0 des produits fabriqu\u00e9s par des soci\u00e9t\u00e9s autres que Vac-tron, sont consid\u00e9r\u00e9es comme fiables \u00e0 la date de t\u00e9l\u00e9chargement du contenu de ce site Web. Vac-tron n'offre aucune garantie ni ne fait aucune d\u00e9claration quant \u00e0 l'exactitude du contenu de ce site Web. Le contenu du site Web peut contenir des inexactitudes techniques, des erreurs typographiques et peut \u00eatre modifi\u00e9 ou mis \u00e0 jour sans pr\u00e9avis. Vac-tron peut \u00e9galement apporter des am\u00e9liorations et\/ou des modifications aux produits et\/ou aux programmes d\u00e9crits dans le contenu, \u00e0 tout moment et sans pr\u00e9avis.<\/p>\n<p>Par cons\u00e9quent, vous acceptez que l'acc\u00e8s et l'utilisation de ce site Web et de son contenu se fassent strictement \u00e0 vos risques et p\u00e9rils. Ni Vac-tron ni aucune partie impliqu\u00e9e dans la cr\u00e9ation, la production ou la livraison de ce site Web ne pourra \u00eatre tenue responsable des dommages directs, accessoires, cons\u00e9cutifs, indirects ou punitifs r\u00e9sultant de l'acc\u00e8s, de l'utilisation ou de l'incapacit\u00e9 d'acc\u00e9der ou d'utiliser ce site Web ou de toute erreur ou omission dans son contenu, m\u00eame si Vac-tron est inform\u00e9e \u00e0 l'avance de la possibilit\u00e9 de tels dommages.<\/p>\n<p>Toute information envoy\u00e9e \u00e0 Vac-tron par le biais de ce site Web ou par courrier \u00e9lectronique ne sera pas consid\u00e9r\u00e9e par Vac-tron comme \u00e9tant confidentielle, ind\u00e9pendamment de tout marquage ou l\u00e9gende contraire. En envoyant \u00e0 Vac-tron des informations ou du mat\u00e9riel, vous accordez \u00e0 Vac-tron une licence mondiale gratuite, perp\u00e9tuelle, non exclusive et sans restriction pour utiliser, copier, accorder des sous-licences, adapter, transmettre, retransmettre, distribuer et\/ou ex\u00e9cuter ou afficher publiquement toute communication, ainsi que pour accorder des sous-licences \u00e0 des tiers pour le droit illimit\u00e9 d'exercer tous les droits pr\u00e9c\u00e9dents accord\u00e9s \u00e0 l'\u00e9gard de cette communication. Vous acceptez \u00e9galement que Vac-tron soit libre d'utiliser les id\u00e9es, les concepts, le savoir-faire ou les techniques contenus dans ces informations ou ce mat\u00e9riel \u00e0 quelque fin que ce soit. Les droits susmentionn\u00e9s comprennent le droit d'exploiter tous les droits relatifs \u00e0 cette communication, y compris, mais sans s'y limiter, les droits d'auteur, les marques de commerce, les marques de service, les lois sur les brevets ou toute autre propri\u00e9t\u00e9 intellectuelle, y compris les lois sur le droit \u00e0 l'image dans toute juridiction pertinente.<\/p>\n<p>Nonobstant ce qui pr\u00e9c\u00e8de, Vac-tron ne divulguera pas votre nom et ne rendra pas public le fait que vous avez soumis des informations ou du mat\u00e9riel \u00e0 Vac-tron, sauf si : a) nous vous demandons l'autorisation d'utiliser votre nom ou si nous sommes tenus de le faire en vertu de la loi.<\/p>\n<p>Sans limiter la port\u00e9e de ce qui pr\u00e9c\u00e8de, tout ce qui se trouve sur ce site Web, y compris sur d'autres sites Web li\u00e9s, vous est fourni \u201c en l'\u00e9tat \u201d, sans garantie d'aucune sorte, qu'elle soit expresse ou implicite, y compris, mais sans s'y limiter, les garanties implicites de qualit\u00e9 marchande, d'ad\u00e9quation \u00e0 un usage particulier ou de non-violation de la propri\u00e9t\u00e9 intellectuelle, LES GARANTIES IMPLICITES DE QUALIT\u00c9 MARCHANDE, D'AD\u00c9QUATION \u00c0 UN USAGE PARTICULIER OU DE NON-VIOLATION DE LA PROPRI\u00c9T\u00c9 INTELLECTUELLE, M\u00caME SI VAC-TRON EST INFORM\u00c9 \u00c0 L'AVANCE DE LA POSSIBILIT\u00c9 DE TELS DOMMAGES. EN OUTRE, VAC-TRON NE GARANTIT PAS QUE LES FONCTIONS CONTENUES DANS CE SITE SERONT ININTERROMPUES OU EXEMPTES D'ERREURS, QUE LES D\u00c9FAUTS SERONT CORRIG\u00c9S OU QUE CE SITE, Y COMPRIS LE SERVEUR QUI LE MET \u00c0 DISPOSITION, EST EXEMPT DE VIRUS OU D'AUTRES COMPOSANTS NUISIBLES. CETTE CLAUSE DE NON-RESPONSABILIT\u00c9 S'APPLIQUE \u00c0 TOUT DOMMAGE OU PR\u00c9JUDICE CAUS\u00c9 PAR UN D\u00c9FAUT DE PERFORMANCE, UNE ERREUR, UNE OMISSION, UNE INTERRUPTION, UNE SUPPRESSION, UN D\u00c9FAUT, UN RETARD DANS LE FONCTIONNEMENT OU LA TRANSMISSION. LES DOMMAGES CAUS\u00c9S PAR UN VIRUS INFORMATIQUE, UNE D\u00c9FAILLANCE DE LA LIGNE DE COMMUNICATION, LE VOL OU LA DESTRUCTION OU L'ACC\u00c8S NON AUTORIS\u00c9, L'ALT\u00c9RATION OU L'UTILISATION D'ENREGISTREMENTS, QUE CE SOIT EN RAISON D'UNE RUPTURE DE CONTRAT, D'UN COMPORTEMENT D\u00c9LICTUEUX, D'UNE N\u00c9GLIGENCE OU DE TOUTE AUTRE CAUSE D'ACTION.<\/p>\n<p>Il est recommand\u00e9 de tester et d'\u00e9valuer les produits de mani\u00e8re ind\u00e9pendante en fonction de l'utilisation que vous en ferez.<br \/>Le pr\u00e9sent accord est r\u00e9gi et interpr\u00e9t\u00e9 conform\u00e9ment aux lois de la r\u00e9gion de Catalogne, sans tenir compte des dispositions relatives aux conflits de lois. Si une disposition du pr\u00e9sent accord est ill\u00e9gale, nulle ou inapplicable pour quelque raison que ce soit, cette disposition sera consid\u00e9r\u00e9e comme dissociable du pr\u00e9sent accord et n'affectera pas la validit\u00e9 et l'applicabilit\u00e9 des autres dispositions.<\/p>\n<p>Les notifications de toute violation pr\u00e9sum\u00e9e des droits d'auteur doivent \u00eatre envoy\u00e9es \u00e0 l'adresse suivante : Vac-tron, S.A., C\/Juan de la Cierva 6, 08420 Canovelles, Barcelone, Espagne.<\/p>\n<p>Le pr\u00e9sent accord constitue l'int\u00e9gralit\u00e9 de l'accord et est valable jusqu'\u00e0 sa r\u00e9siliation par Vac-tron, \u00e0 tout moment, pour quelque raison que ce soit et sans pr\u00e9avis. En cas de r\u00e9siliation, vous n'\u00eates plus autoris\u00e9 \u00e0 acc\u00e9der \u00e0 ce site et les restrictions qui vous sont impos\u00e9es en ce qui concerne le mat\u00e9riel t\u00e9l\u00e9charg\u00e9 \u00e0 partir de ce site, les clauses de non-responsabilit\u00e9 et les limitations de responsabilit\u00e9 \u00e9nonc\u00e9es dans le pr\u00e9sent accord resteront en vigueur apr\u00e8s une telle r\u00e9siliation.<\/p>\t\t\t\t\t\t\t\t<\/div>\n\t\t\t\t\t<\/div>\n\t\t\t\t<\/div>\n\t\t\t\t<\/div>","protected":false},"excerpt":{"rendered":"<p>Please note that your access and use of the information contained in this website, WWW.VAC-TRON.ES (\u201cWebsite\u201d), manifests your consent to and agreement with the terms and conditions herein contained. In the event that you do not agree, you should not use this Website. Vac-tron, S.A (\u201cVac-tron\u201d) reserves the unilateral right to revise these terms and [&hellip;]<\/p>\n","protected":false},"author":1,"featured_media":0,"parent":0,"menu_order":0,"comment_status":"closed","ping_status":"open","template":"elementor_header_footer","meta":{"_acf_changed":false,"_joinchat":[],"footnotes":""},"class_list":["post-3","page","type-page","status-publish","hentry"],"acf":[],"yoast_head":"<!-- This site is optimized with the Yoast SEO plugin v27.3 - https:\/\/yoast.com\/product\/yoast-seo-wordpress\/ -->\n<title>Privacy Policy - vac-tron.es<\/title>\n<meta name=\"description\" content=\"Privacy Policy outlining how Vac-Tron collects, processes and protects personal data in compliance with data protection regulations and privacy standards\" \/>\n<meta name=\"robots\" content=\"index, follow, max-snippet:-1, max-image-preview:large, max-video-preview:-1\" \/>\n<link rel=\"canonical\" href=\"https:\/\/vac-tron.es\/fr\/politique-de-confidentialite\/\" \/>\n<meta property=\"og:locale\" content=\"fr_FR\" \/>\n<meta property=\"og:type\" content=\"article\" \/>\n<meta property=\"og:title\" content=\"Privacy Policy - vac-tron.es\" \/>\n<meta property=\"og:description\" content=\"Privacy Policy outlining how Vac-Tron collects, processes and protects personal data in compliance with data protection regulations and privacy standards\" \/>\n<meta property=\"og:url\" content=\"https:\/\/vac-tron.es\/fr\/politique-de-confidentialite\/\" \/>\n<meta property=\"og:site_name\" content=\"vac-tron.es\" \/>\n<meta property=\"article:modified_time\" content=\"2026-03-09T10:09:03+00:00\" \/>\n<meta name=\"twitter:card\" content=\"summary_large_image\" \/>\n<meta name=\"twitter:label1\" content=\"Dur\u00e9e de lecture estim\u00e9e\" \/>\n\t<meta name=\"twitter:data1\" content=\"5 minutes\" \/>\n<script type=\"application\/ld+json\" class=\"yoast-schema-graph\">{\"@context\":\"https:\\\/\\\/schema.org\",\"@graph\":[{\"@type\":\"WebPage\",\"@id\":\"https:\\\/\\\/vac-tron.es\\\/privacy-policy\\\/\",\"url\":\"https:\\\/\\\/vac-tron.es\\\/privacy-policy\\\/\",\"name\":\"Privacy Policy - vac-tron.es\",\"isPartOf\":{\"@id\":\"https:\\\/\\\/vac-tron.es\\\/#website\"},\"datePublished\":\"2025-09-23T11:14:55+00:00\",\"dateModified\":\"2026-03-09T10:09:03+00:00\",\"description\":\"Privacy Policy outlining how Vac-Tron collects, processes and protects personal data in compliance with data protection regulations and privacy standards\",\"breadcrumb\":{\"@id\":\"https:\\\/\\\/vac-tron.es\\\/privacy-policy\\\/#breadcrumb\"},\"inLanguage\":\"fr-FR\",\"potentialAction\":[{\"@type\":\"ReadAction\",\"target\":[\"https:\\\/\\\/vac-tron.es\\\/privacy-policy\\\/\"]}]},{\"@type\":\"BreadcrumbList\",\"@id\":\"https:\\\/\\\/vac-tron.es\\\/privacy-policy\\\/#breadcrumb\",\"itemListElement\":[{\"@type\":\"ListItem\",\"position\":1,\"name\":\"Home\",\"item\":\"https:\\\/\\\/vac-tron.es\\\/\"},{\"@type\":\"ListItem\",\"position\":2,\"name\":\"Privacy Policy\"}]},{\"@type\":\"WebSite\",\"@id\":\"https:\\\/\\\/vac-tron.es\\\/#website\",\"url\":\"https:\\\/\\\/vac-tron.es\\\/\",\"name\":\"vac-tron.es\",\"description\":\"\",\"publisher\":{\"@id\":\"https:\\\/\\\/vac-tron.es\\\/#organization\"},\"potentialAction\":[{\"@type\":\"SearchAction\",\"target\":{\"@type\":\"EntryPoint\",\"urlTemplate\":\"https:\\\/\\\/vac-tron.es\\\/?s={search_term_string}\"},\"query-input\":{\"@type\":\"PropertyValueSpecification\",\"valueRequired\":true,\"valueName\":\"search_term_string\"}}],\"inLanguage\":\"fr-FR\"},{\"@type\":\"Organization\",\"@id\":\"https:\\\/\\\/vac-tron.es\\\/#organization\",\"name\":\"vac-tron.es\",\"url\":\"https:\\\/\\\/vac-tron.es\\\/\",\"logo\":{\"@type\":\"ImageObject\",\"inLanguage\":\"fr-FR\",\"@id\":\"https:\\\/\\\/vac-tron.es\\\/#\\\/schema\\\/logo\\\/image\\\/\",\"url\":\"https:\\\/\\\/vac-tron.es\\\/wp-content\\\/uploads\\\/2025\\\/09\\\/Vac-Tron_Logotipo.svg\",\"contentUrl\":\"https:\\\/\\\/vac-tron.es\\\/wp-content\\\/uploads\\\/2025\\\/09\\\/Vac-Tron_Logotipo.svg\",\"width\":419,\"height\":143,\"caption\":\"vac-tron.es\"},\"image\":{\"@id\":\"https:\\\/\\\/vac-tron.es\\\/#\\\/schema\\\/logo\\\/image\\\/\"},\"sameAs\":[\"https:\\\/\\\/www.linkedin.com\\\/company\\\/vac-tron-s-a\\\/\"]}]}<\/script>\n<!-- \/ Yoast SEO plugin. -->","yoast_head_json":{"title":"Politique de confidentialit\u00e9 - vac-tron.es","description":"Politique de confidentialit\u00e9 d\u00e9crivant la mani\u00e8re dont Vac-Tron collecte, traite et prot\u00e8ge les donn\u00e9es personnelles conform\u00e9ment aux r\u00e9glementations en mati\u00e8re de protection des donn\u00e9es et aux normes de confidentialit\u00e9.","robots":{"index":"index","follow":"follow","max-snippet":"max-snippet:-1","max-image-preview":"max-image-preview:large","max-video-preview":"max-video-preview:-1"},"canonical":"https:\/\/vac-tron.es\/fr\/politique-de-confidentialite\/","og_locale":"fr_FR","og_type":"article","og_title":"Privacy Policy - vac-tron.es","og_description":"Privacy Policy outlining how Vac-Tron collects, processes and protects personal data in compliance with data protection regulations and privacy standards","og_url":"https:\/\/vac-tron.es\/fr\/politique-de-confidentialite\/","og_site_name":"vac-tron.es","article_modified_time":"2026-03-09T10:09:03+00:00","twitter_card":"summary_large_image","twitter_misc":{"Dur\u00e9e de lecture estim\u00e9e":"5 minutes"},"schema":{"@context":"https:\/\/schema.org","@graph":[{"@type":"WebPage","@id":"https:\/\/vac-tron.es\/privacy-policy\/","url":"https:\/\/vac-tron.es\/privacy-policy\/","name":"Politique de confidentialit\u00e9 - vac-tron.es","isPartOf":{"@id":"https:\/\/vac-tron.es\/#website"},"datePublished":"2025-09-23T11:14:55+00:00","dateModified":"2026-03-09T10:09:03+00:00","description":"Politique de confidentialit\u00e9 d\u00e9crivant la mani\u00e8re dont Vac-Tron collecte, traite et prot\u00e8ge les donn\u00e9es personnelles conform\u00e9ment aux r\u00e9glementations en mati\u00e8re de protection des donn\u00e9es et aux normes de confidentialit\u00e9.","breadcrumb":{"@id":"https:\/\/vac-tron.es\/privacy-policy\/#breadcrumb"},"inLanguage":"fr-FR","potentialAction":[{"@type":"ReadAction","target":["https:\/\/vac-tron.es\/privacy-policy\/"]}]},{"@type":"BreadcrumbList","@id":"https:\/\/vac-tron.es\/privacy-policy\/#breadcrumb","itemListElement":[{"@type":"ListItem","position":1,"name":"Home","item":"https:\/\/vac-tron.es\/"},{"@type":"ListItem","position":2,"name":"Privacy Policy"}]},{"@type":"WebSite","@id":"https:\/\/vac-tron.es\/#website","url":"https:\/\/vac-tron.es\/","name":"vac-tron.es","description":"","publisher":{"@id":"https:\/\/vac-tron.es\/#organization"},"potentialAction":[{"@type":"SearchAction","target":{"@type":"EntryPoint","urlTemplate":"https:\/\/vac-tron.es\/?s={search_term_string}"},"query-input":{"@type":"PropertyValueSpecification","valueRequired":true,"valueName":"search_term_string"}}],"inLanguage":"fr-FR"},{"@type":"Organization","@id":"https:\/\/vac-tron.es\/#organization","name":"vac-tron.es","url":"https:\/\/vac-tron.es\/","logo":{"@type":"ImageObject","inLanguage":"fr-FR","@id":"https:\/\/vac-tron.es\/#\/schema\/logo\/image\/","url":"https:\/\/vac-tron.es\/wp-content\/uploads\/2025\/09\/Vac-Tron_Logotipo.svg","contentUrl":"https:\/\/vac-tron.es\/wp-content\/uploads\/2025\/09\/Vac-Tron_Logotipo.svg","width":419,"height":143,"caption":"vac-tron.es"},"image":{"@id":"https:\/\/vac-tron.es\/#\/schema\/logo\/image\/"},"sameAs":["https:\/\/www.linkedin.com\/company\/vac-tron-s-a\/"]}]}},"_links":{"self":[{"href":"https:\/\/vac-tron.es\/fr\/wp-json\/wp\/v2\/pages\/3","targetHints":{"allow":["GET"]}}],"collection":[{"href":"https:\/\/vac-tron.es\/fr\/wp-json\/wp\/v2\/pages"}],"about":[{"href":"https:\/\/vac-tron.es\/fr\/wp-json\/wp\/v2\/types\/page"}],"author":[{"embeddable":true,"href":"https:\/\/vac-tron.es\/fr\/wp-json\/wp\/v2\/users\/1"}],"replies":[{"embeddable":true,"href":"https:\/\/vac-tron.es\/fr\/wp-json\/wp\/v2\/comments?post=3"}],"version-history":[{"count":10,"href":"https:\/\/vac-tron.es\/fr\/wp-json\/wp\/v2\/pages\/3\/revisions"}],"predecessor-version":[{"id":1432,"href":"https:\/\/vac-tron.es\/fr\/wp-json\/wp\/v2\/pages\/3\/revisions\/1432"}],"wp:attachment":[{"href":"https:\/\/vac-tron.es\/fr\/wp-json\/wp\/v2\/media?parent=3"}],"curies":[{"name":"wp","href":"https:\/\/api.w.org\/{rel}","templated":true}]}}