{"id":1040,"date":"2026-01-26T11:38:05","date_gmt":"2026-01-26T11:38:05","guid":{"rendered":"https:\/\/vac-tron.es\/?page_id=1040"},"modified":"2026-02-06T13:22:29","modified_gmt":"2026-02-06T13:22:29","slug":"politique-en-matiere-de-cookies","status":"publish","type":"page","link":"https:\/\/vac-tron.es\/fr\/politique-en-matiere-de-cookies\/","title":{"rendered":"Politique en mati\u00e8re de cookies"},"content":{"rendered":"<div data-elementor-type=\"wp-page\" data-elementor-id=\"1040\" class=\"elementor elementor-1040\" data-elementor-post-type=\"page\">\n\t\t\t\t<div class=\"elementor-element elementor-element-a427763 e-flex e-con-boxed e-con e-parent\" data-id=\"a427763\" data-element_type=\"container\" data-e-type=\"container\">\n\t\t\t\t\t<div class=\"e-con-inner\">\n\t\t\t\t<div class=\"elementor-element elementor-element-a9ebe38 elementor-widget elementor-widget-heading\" data-id=\"a9ebe38\" data-element_type=\"widget\" data-e-type=\"widget\" data-widget_type=\"heading.default\">\n\t\t\t\t\t<h2 class=\"elementor-heading-title elementor-size-default\">Politique en mati\u00e8re de cookies<\/h2>\t\t\t\t<\/div>\n\t\t\t\t\t<\/div>\n\t\t\t\t<\/div>\n\t\t<div class=\"elementor-element elementor-element-5158d794 e-flex e-con-boxed e-con e-parent\" data-id=\"5158d794\" data-element_type=\"container\" data-e-type=\"container\">\n\t\t\t\t\t<div class=\"e-con-inner\">\n\t\t\t\t<div class=\"elementor-element elementor-element-22c9e1d3 elementor-widget elementor-widget-text-editor\" data-id=\"22c9e1d3\" data-element_type=\"widget\" data-e-type=\"widget\" data-widget_type=\"text-editor.default\">\n\t\t\t\t\t\t\t\t\t\n<p>Conform\u00e9ment au r\u00e8glement (UE) 2016\/679 (GDPR), \u00e0 la loi organique 3\/2018 (LOPDGDD) et \u00e0 la loi 34\/2002 sur les services de la soci\u00e9t\u00e9 de l'information et le commerce \u00e9lectronique (LSSI-CE), VAC-TRON, S.A. informe par la pr\u00e9sente les utilisateurs de l'utilisation de cookies sur son site Web.<\/p>\n\n<p><strong>Propri\u00e9taire du site web:<\/strong><strong><br \/><\/strong>VAC-TRON, S.A.<br \/>Num\u00e9ro d'identification fiscale (CIF) : A58006677<br \/>Si\u00e8ge social: Juan de la Cierva, 6 G-H, Pol. Ind. \u00ab\u202fCan Castells\u202f\u00bb, 08420 Canovelles (Barcelone), Espagne<\/p>\n\n<p class=\"wp-block-heading\"><strong>Qu'est-ce qu'un biscuit ?<\/strong><\/p>\n\n<p>Les cookies sont de petits fichiers texte qui sont t\u00e9l\u00e9charg\u00e9s sur l'appareil de l'utilisateur lorsqu'il acc\u00e8de \u00e0 certains sites web. Ils permettent \u00e0 un site web, entre autres, de stocker et de r\u00e9cup\u00e9rer des informations sur les habitudes de navigation d'un utilisateur ou de son appareil et, en fonction des informations qu'ils contiennent et de la mani\u00e8re dont l'appareil est utilis\u00e9, ils peuvent \u00eatre utilis\u00e9s pour reconna\u00eetre l'utilisateur.<\/p>\n\n<p class=\"wp-block-heading\"><strong>Types de cookies utilis\u00e9s sur ce site web<\/strong><\/p>\n\n<p>Ce site web utilise les types de cookies suivants :<\/p>\n\n<p><strong>Cookies techniques ou n\u00e9cessaires<\/strong><strong><br \/><\/strong>Ces cookies permettent aux utilisateurs de naviguer sur le site web et d'utiliser les diff\u00e9rentes options ou services qui y sont disponibles, tels que le contr\u00f4le du trafic et de la communication des donn\u00e9es, l'identification de la session ou l'acc\u00e8s \u00e0 des zones restreintes.<\/p>\n\n<p><strong>Cookies analytiques<\/strong><strong><br \/><\/strong>Ces cookies permettent de suivre et d'analyser le comportement des utilisateurs sur le site web afin d'apporter des am\u00e9liorations bas\u00e9es sur l'analyse des donn\u00e9es d'utilisation, par exemple les cookies de Google Analytics ou des outils similaires.<\/p>\n\n<p><strong>Cookies de personnalisation (le cas \u00e9ch\u00e9ant)<\/strong><strong><br \/><\/strong>Ces cookies permettent de m\u00e9moriser des informations afin que les utilisateurs puissent acc\u00e9der au service avec certaines caract\u00e9ristiques susceptibles de diff\u00e9rencier leur exp\u00e9rience, telles que la langue ou le type de navigateur.<\/p>\n\n<p><strong>Cookies de tiers<\/strong><strong><br \/><\/strong>Ce site web peut utiliser des services tiers qui collectent des informations \u00e0 des fins statistiques et\/ou pour la fourniture d'autres services li\u00e9s \u00e0 l'activit\u00e9 du site web.<\/p>\n\n<p class=\"wp-block-heading\"><strong>Base juridique pour l'utilisation de cookies<\/strong><\/p>\n\n<p>La base juridique de l'utilisation des cookies techniques est l'int\u00e9r\u00eat l\u00e9gitime du propri\u00e9taire du site web.<br \/>La base juridique de l'utilisation de cookies non essentiels est le consentement de l'utilisateur, qui est demand\u00e9 par le biais de la banni\u00e8re de cookies ou du panneau de configuration.<\/p>\n\n<p class=\"wp-block-heading\"><strong>Comment g\u00e9rer ou d\u00e9sactiver les cookies<\/strong><\/p>\n\n<p>L'utilisateur peut autoriser, bloquer ou supprimer les cookies install\u00e9s sur son appareil en configurant les options du navigateur install\u00e9 sur son appareil. Les principaux navigateurs sont d\u00e9crits ci-dessous :<\/p>\n\n<ul class=\"wp-block-list\">\n<li>Google Chrome<\/li>\n\n<li>Mozilla Firefox<\/li>\n\n<li>Safari<\/li>\n\n<li>Microsoft Edge<\/li>\n<\/ul>\n\n<p>La d\u00e9sactivation des cookies peut affecter le bon fonctionnement du site web.<\/p>\n\n<p class=\"wp-block-heading\"><strong>Mises \u00e0 jour de la politique en mati\u00e8re de cookies<\/strong><\/p>\n\n<p>VAC-TRON, S.A. se r\u00e9serve le droit de modifier cette politique de confidentialit\u00e9 en r\u00e9ponse \u00e0 de nouvelles exigences l\u00e9gislatives ou r\u00e9glementaires ou pour l'adapter aux instructions de l'Agence espagnole de protection des donn\u00e9es.<\/p>\n\n<p>Il est conseill\u00e9 aux utilisateurs de revoir p\u00e9riodiquement cette politique.<\/p>\n\n<p class=\"wp-block-heading\"><strong>Contact<\/strong><\/p>\n\n<p>Pour toute question relative \u00e0 l'utilisation des cookies sur ce site Web, les utilisateurs peuvent contacter VAC-TRON, S.A. par l'interm\u00e9diaire des canaux de contact disponibles sur le site Web.<\/p>\n\t\t\t\t\t\t\t\t<\/div>\n\t\t\t\t\t<\/div>\n\t\t\t\t<\/div>\n\t\t\t\t<\/div>","protected":false},"excerpt":{"rendered":"<p>In accordance with Regulation (EU) 2016\/679 (GDPR), Organic Law 3\/2018 (LOPDGDD) and Law 34\/2002 on Information Society Services and Electronic Commerce (LSSI-CE), VAC-TRON, S.A. hereby informs users about the use of cookies on its website. Website owner:VAC-TRON, S.A.Tax ID (CIF): A58006677Registered office: Juan de la Cierva, 6 G-H, Pol. Ind. \u201cCan Castells\u201d, 08420 Canovelles (Barcelona), [&hellip;]<\/p>\n","protected":false},"author":3,"featured_media":0,"parent":0,"menu_order":0,"comment_status":"closed","ping_status":"closed","template":"elementor_header_footer","meta":{"_acf_changed":false,"_joinchat":[],"footnotes":""},"class_list":["post-1040","page","type-page","status-publish","hentry"],"acf":[],"yoast_head":"<!-- This site is optimized with the Yoast SEO plugin v26.9 - https:\/\/yoast.com\/product\/yoast-seo-wordpress\/ -->\n<title>Cookie Policy - vac-tron.es<\/title>\n<meta name=\"robots\" content=\"index, follow, max-snippet:-1, max-image-preview:large, max-video-preview:-1\" \/>\n<link rel=\"canonical\" href=\"https:\/\/vac-tron.es\/fr\/politique-en-matiere-de-cookies\/\" \/>\n<meta property=\"og:locale\" content=\"fr_FR\" \/>\n<meta property=\"og:type\" content=\"article\" \/>\n<meta property=\"og:title\" content=\"Cookie Policy - vac-tron.es\" \/>\n<meta property=\"og:description\" content=\"In accordance with Regulation (EU) 2016\/679 (GDPR), Organic Law 3\/2018 (LOPDGDD) and Law 34\/2002 on Information Society Services and Electronic Commerce (LSSI-CE), VAC-TRON, S.A. hereby informs users about the use of cookies on its website. Website owner:VAC-TRON, S.A.Tax ID (CIF): A58006677Registered office: Juan de la Cierva, 6 G-H, Pol. Ind. \u201cCan Castells\u201d, 08420 Canovelles (Barcelona), [&hellip;]\" \/>\n<meta property=\"og:url\" content=\"https:\/\/vac-tron.es\/fr\/politique-en-matiere-de-cookies\/\" \/>\n<meta property=\"og:site_name\" content=\"vac-tron.es\" \/>\n<meta property=\"article:modified_time\" content=\"2026-02-06T13:22:29+00:00\" \/>\n<meta name=\"twitter:card\" content=\"summary_large_image\" \/>\n<meta name=\"twitter:label1\" content=\"Dur\u00e9e de lecture estim\u00e9e\" \/>\n\t<meta name=\"twitter:data1\" content=\"2 minutes\" \/>\n<script type=\"application\/ld+json\" class=\"yoast-schema-graph\">{\"@context\":\"https:\/\/schema.org\",\"@graph\":[{\"@type\":\"WebPage\",\"@id\":\"https:\/\/vac-tron.es\/cookie-policy\/\",\"url\":\"https:\/\/vac-tron.es\/cookie-policy\/\",\"name\":\"Cookie Policy - vac-tron.es\",\"isPartOf\":{\"@id\":\"https:\/\/vac-tron.es\/#website\"},\"datePublished\":\"2026-01-26T11:38:05+00:00\",\"dateModified\":\"2026-02-06T13:22:29+00:00\",\"breadcrumb\":{\"@id\":\"https:\/\/vac-tron.es\/cookie-policy\/#breadcrumb\"},\"inLanguage\":\"fr-FR\",\"potentialAction\":[{\"@type\":\"ReadAction\",\"target\":[\"https:\/\/vac-tron.es\/cookie-policy\/\"]}]},{\"@type\":\"BreadcrumbList\",\"@id\":\"https:\/\/vac-tron.es\/cookie-policy\/#breadcrumb\",\"itemListElement\":[{\"@type\":\"ListItem\",\"position\":1,\"name\":\"Home\",\"item\":\"https:\/\/vac-tron.es\/\"},{\"@type\":\"ListItem\",\"position\":2,\"name\":\"Cookie Policy\"}]},{\"@type\":\"WebSite\",\"@id\":\"https:\/\/vac-tron.es\/#website\",\"url\":\"https:\/\/vac-tron.es\/\",\"name\":\"vac-tron.es\",\"description\":\"\",\"publisher\":{\"@id\":\"https:\/\/vac-tron.es\/#organization\"},\"potentialAction\":[{\"@type\":\"SearchAction\",\"target\":{\"@type\":\"EntryPoint\",\"urlTemplate\":\"https:\/\/vac-tron.es\/?s={search_term_string}\"},\"query-input\":{\"@type\":\"PropertyValueSpecification\",\"valueRequired\":true,\"valueName\":\"search_term_string\"}}],\"inLanguage\":\"fr-FR\"},{\"@type\":\"Organization\",\"@id\":\"https:\/\/vac-tron.es\/#organization\",\"name\":\"vac-tron.es\",\"url\":\"https:\/\/vac-tron.es\/\",\"logo\":{\"@type\":\"ImageObject\",\"inLanguage\":\"fr-FR\",\"@id\":\"https:\/\/vac-tron.es\/#\/schema\/logo\/image\/\",\"url\":\"https:\/\/vac-tron.es\/wp-content\/uploads\/2025\/09\/Vac-Tron_Logotipo.svg\",\"contentUrl\":\"https:\/\/vac-tron.es\/wp-content\/uploads\/2025\/09\/Vac-Tron_Logotipo.svg\",\"width\":419,\"height\":143,\"caption\":\"vac-tron.es\"},\"image\":{\"@id\":\"https:\/\/vac-tron.es\/#\/schema\/logo\/image\/\"},\"sameAs\":[\"https:\/\/www.linkedin.com\/company\/vac-tron-s-a\/\"]}]}<\/script>\n<!-- \/ Yoast SEO plugin. -->","yoast_head_json":{"title":"Politique en mati\u00e8re de cookies - vac-tron.es","robots":{"index":"index","follow":"follow","max-snippet":"max-snippet:-1","max-image-preview":"max-image-preview:large","max-video-preview":"max-video-preview:-1"},"canonical":"https:\/\/vac-tron.es\/fr\/politique-en-matiere-de-cookies\/","og_locale":"fr_FR","og_type":"article","og_title":"Cookie Policy - vac-tron.es","og_description":"In accordance with Regulation (EU) 2016\/679 (GDPR), Organic Law 3\/2018 (LOPDGDD) and Law 34\/2002 on Information Society Services and Electronic Commerce (LSSI-CE), VAC-TRON, S.A. hereby informs users about the use of cookies on its website. Website owner:VAC-TRON, S.A.Tax ID (CIF): A58006677Registered office: Juan de la Cierva, 6 G-H, Pol. Ind. \u201cCan Castells\u201d, 08420 Canovelles (Barcelona), [&hellip;]","og_url":"https:\/\/vac-tron.es\/fr\/politique-en-matiere-de-cookies\/","og_site_name":"vac-tron.es","article_modified_time":"2026-02-06T13:22:29+00:00","twitter_card":"summary_large_image","twitter_misc":{"Dur\u00e9e de lecture estim\u00e9e":"2 minutes"},"schema":{"@context":"https:\/\/schema.org","@graph":[{"@type":"WebPage","@id":"https:\/\/vac-tron.es\/cookie-policy\/","url":"https:\/\/vac-tron.es\/cookie-policy\/","name":"Politique en mati\u00e8re de cookies - vac-tron.es","isPartOf":{"@id":"https:\/\/vac-tron.es\/#website"},"datePublished":"2026-01-26T11:38:05+00:00","dateModified":"2026-02-06T13:22:29+00:00","breadcrumb":{"@id":"https:\/\/vac-tron.es\/cookie-policy\/#breadcrumb"},"inLanguage":"fr-FR","potentialAction":[{"@type":"ReadAction","target":["https:\/\/vac-tron.es\/cookie-policy\/"]}]},{"@type":"BreadcrumbList","@id":"https:\/\/vac-tron.es\/cookie-policy\/#breadcrumb","itemListElement":[{"@type":"ListItem","position":1,"name":"Home","item":"https:\/\/vac-tron.es\/"},{"@type":"ListItem","position":2,"name":"Cookie Policy"}]},{"@type":"WebSite","@id":"https:\/\/vac-tron.es\/#website","url":"https:\/\/vac-tron.es\/","name":"vac-tron.es","description":"","publisher":{"@id":"https:\/\/vac-tron.es\/#organization"},"potentialAction":[{"@type":"SearchAction","target":{"@type":"EntryPoint","urlTemplate":"https:\/\/vac-tron.es\/?s={search_term_string}"},"query-input":{"@type":"PropertyValueSpecification","valueRequired":true,"valueName":"search_term_string"}}],"inLanguage":"fr-FR"},{"@type":"Organization","@id":"https:\/\/vac-tron.es\/#organization","name":"vac-tron.es","url":"https:\/\/vac-tron.es\/","logo":{"@type":"ImageObject","inLanguage":"fr-FR","@id":"https:\/\/vac-tron.es\/#\/schema\/logo\/image\/","url":"https:\/\/vac-tron.es\/wp-content\/uploads\/2025\/09\/Vac-Tron_Logotipo.svg","contentUrl":"https:\/\/vac-tron.es\/wp-content\/uploads\/2025\/09\/Vac-Tron_Logotipo.svg","width":419,"height":143,"caption":"vac-tron.es"},"image":{"@id":"https:\/\/vac-tron.es\/#\/schema\/logo\/image\/"},"sameAs":["https:\/\/www.linkedin.com\/company\/vac-tron-s-a\/"]}]}},"_links":{"self":[{"href":"https:\/\/vac-tron.es\/fr\/wp-json\/wp\/v2\/pages\/1040","targetHints":{"allow":["GET"]}}],"collection":[{"href":"https:\/\/vac-tron.es\/fr\/wp-json\/wp\/v2\/pages"}],"about":[{"href":"https:\/\/vac-tron.es\/fr\/wp-json\/wp\/v2\/types\/page"}],"author":[{"embeddable":true,"href":"https:\/\/vac-tron.es\/fr\/wp-json\/wp\/v2\/users\/3"}],"replies":[{"embeddable":true,"href":"https:\/\/vac-tron.es\/fr\/wp-json\/wp\/v2\/comments?post=1040"}],"version-history":[{"count":4,"href":"https:\/\/vac-tron.es\/fr\/wp-json\/wp\/v2\/pages\/1040\/revisions"}],"predecessor-version":[{"id":1254,"href":"https:\/\/vac-tron.es\/fr\/wp-json\/wp\/v2\/pages\/1040\/revisions\/1254"}],"wp:attachment":[{"href":"https:\/\/vac-tron.es\/fr\/wp-json\/wp\/v2\/media?parent=1040"}],"curies":[{"name":"wp","href":"https:\/\/api.w.org\/{rel}","templated":true}]}}