{"id":1038,"date":"2026-01-26T11:36:32","date_gmt":"2026-01-26T11:36:32","guid":{"rendered":"https:\/\/vac-tron.es\/?page_id=1038"},"modified":"2026-02-06T13:25:52","modified_gmt":"2026-02-06T13:25:52","slug":"avis-juridique","status":"publish","type":"page","link":"https:\/\/vac-tron.es\/fr\/legal-notice\/","title":{"rendered":"Avis juridique"},"content":{"rendered":"<div data-elementor-type=\"wp-page\" data-elementor-id=\"1038\" class=\"elementor elementor-1038\" data-elementor-post-type=\"page\">\n\t\t\t\t<div class=\"elementor-element elementor-element-6bba7600 e-flex e-con-boxed e-con e-parent\" data-id=\"6bba7600\" data-element_type=\"container\" data-e-type=\"container\">\n\t\t\t\t\t<div class=\"e-con-inner\">\n\t\t\t\t<div class=\"elementor-element elementor-element-44bacb1 elementor-widget elementor-widget-heading\" data-id=\"44bacb1\" data-element_type=\"widget\" data-e-type=\"widget\" data-widget_type=\"heading.default\">\n\t\t\t\t\t<h2 class=\"elementor-heading-title elementor-size-default\">Avis juridique<\/h2>\t\t\t\t<\/div>\n\t\t\t\t<div class=\"elementor-element elementor-element-607734e8 elementor-widget elementor-widget-text-editor\" data-id=\"607734e8\" data-element_type=\"widget\" data-e-type=\"widget\" data-widget_type=\"text-editor.default\">\n\t\t\t\t\t\t\t\t\t\n<p>Conform\u00e9ment aux dispositions de la loi 34\/2002 du 11 juillet sur les services de la soci\u00e9t\u00e9 de l\u2019information et le commerce \u00e9lectronique (LSSI-CE), les utilisateurs sont inform\u00e9s des coordonn\u00e9es d\u2019identification du propri\u00e9taire du site web:<\/p>\n\n<p><strong>Propri\u00e9taire du site web:<\/strong><strong><br \/><\/strong>VAC-TRON, S.A.<br \/>Num\u00e9ro d'identification fiscale (CIF) : A58006677<br \/>Si\u00e8ge social: Juan de la Cierva, 6 G-H, Pol. Ind. \u00ab\u202fCan Castells\u202f\u00bb, 08420 Canovelles (Barcelone), Espagne<\/p>\n\n<p class=\"wp-block-heading\"><strong>Objet du site web<\/strong><\/p>\n\n<p>Ce site web est destin\u00e9 \u00e0 fournir des informations corporatives sur VAC-TRON, S.A. et \u00e0 permettre aux utilisateurs de contacter l'entreprise par le biais des moyens mis \u00e0 leur disposition, en particulier le formulaire de contact.<\/p>\n\n<p class=\"wp-block-heading\"><strong>Conditions d'utilisation<\/strong><\/p>\n\n<p>L'acc\u00e8s et la navigation sur le site web conf\u00e8rent le statut d'utilisateur et impliquent l'acceptation des pr\u00e9sentes conditions g\u00e9n\u00e9rales. Les utilisateurs s'engagent \u00e0 faire un usage appropri\u00e9 du site web conform\u00e9ment \u00e0 la l\u00e9gislation applicable, \u00e0 la bonne foi et \u00e0 l'ordre public.<\/p>\n\n<p>VAC-TRON, S.A. se r\u00e9serve le droit de modifier le contenu du site Web et les pr\u00e9sentes mentions l\u00e9gales \u00e0 tout moment et sans pr\u00e9avis.<\/p>\n\n<p class=\"wp-block-heading\"><strong>Propri\u00e9t\u00e9 intellectuelle et industrielle<\/strong><\/p>\n\n<p>Tous les contenus du site Web (textes, images, dessins, logos, code source, etc.) sont la propri\u00e9t\u00e9 de VAC-TRON, S.A. ou de tiers ayant autoris\u00e9 leur utilisation, et sont prot\u00e9g\u00e9s par les r\u00e9glementations en vigueur en mati\u00e8re de propri\u00e9t\u00e9 intellectuelle et industrielle.<\/p>\n\n<p>Toute reproduction, distribution ou communication publique de ces contenus sans l'autorisation expresse du d\u00e9tenteur des droits est strictement interdite.<\/p>\n\n<p class=\"wp-block-heading\"><strong>Responsabilit\u00e9<\/strong><\/p>\n\n<p>VAC-TRON, S.A. n'est pas responsable de l'utilisation incorrecte du site Web par les utilisateurs, ni des dommages pouvant r\u00e9sulter de l'acc\u00e8s ou de l'utilisation du site Web.<\/p>\n\n<p>Elle ne garantit pas non plus l'absence d'interruptions ou d'erreurs dans l'acc\u00e8s au site web, bien qu'elle s'engage \u00e0 adopter les mesures n\u00e9cessaires pour les pr\u00e9venir chaque fois que cela est raisonnablement possible.<\/p>\n\n<p class=\"wp-block-heading\"><strong>Liens externes<\/strong><\/p>\n\n<p>Lorsque le site Web contient des liens vers des sites Web de tiers, VAC-TRON, S.A. n'assume aucune responsabilit\u00e9 quant au contenu, aux services ou aux informations disponibles sur ces sites, qui rel\u00e8vent de la seule responsabilit\u00e9 de leurs propri\u00e9taires respectifs.<\/p>\n\n<p class=\"wp-block-heading\"><strong>Protection des donn\u00e9es personnelles<\/strong><\/p>\n\n<p>Les donn\u00e9es personnelles fournies par les utilisateurs via le formulaire de contact seront trait\u00e9es conform\u00e9ment au r\u00e8glement (UE) 2016\/679 (GDPR) et \u00e0 la loi organique 3\/2018 (LOPDGDD), uniquement dans le but de traiter les demandes re\u00e7ues.<\/p>\n\n<p>Des informations d\u00e9taill\u00e9es sur le traitement des donn\u00e9es peuvent \u00eatre trouv\u00e9es dans la politique de confidentialit\u00e9 du site web.<\/p>\n\n<p class=\"wp-block-heading\"><strong>Droit applicable et juridiction<\/strong><\/p>\n\n<p>Les relations entre VAC-TRON, S.A. et l'utilisateur sont r\u00e9gies par la l\u00e9gislation espagnole en vigueur. Pour la r\u00e9solution de tout litige d\u00e9coulant de l'acc\u00e8s ou de l'utilisation du site Web, les parties se soumettent aux cours et tribunaux qui peuvent correspondre conform\u00e9ment \u00e0 la loi.<\/p>\n\t\t\t\t\t\t\t\t<\/div>\n\t\t\t\t\t<\/div>\n\t\t\t\t<\/div>\n\t\t\t\t<\/div>","protected":false},"excerpt":{"rendered":"<p>In accordance with the provisions of Law 34\/2002 of 11 July, on Information Society Services and Electronic Commerce (LSSI-CE), users are hereby informed of the identifying details of the owner of the website: Website owner:VAC-TRON, S.A.Tax ID (CIF): A58006677Registered office: Juan de la Cierva, 6 G-H, Pol. Ind. \u201cCan Castells\u201d, 08420 Canovelles (Barcelona), Spain This [&hellip;]<\/p>\n","protected":false},"author":3,"featured_media":0,"parent":0,"menu_order":0,"comment_status":"closed","ping_status":"closed","template":"elementor_header_footer","meta":{"_acf_changed":false,"_joinchat":[],"footnotes":""},"class_list":["post-1038","page","type-page","status-publish","hentry"],"acf":[],"yoast_head":"<!-- This site is optimized with the Yoast SEO plugin v27.3 - https:\/\/yoast.com\/product\/yoast-seo-wordpress\/ -->\n<title>Legal notice - vac-tron.es<\/title>\n<meta name=\"robots\" content=\"index, follow, max-snippet:-1, max-image-preview:large, max-video-preview:-1\" \/>\n<link rel=\"canonical\" href=\"https:\/\/vac-tron.es\/fr\/avis-juridique\/\" \/>\n<meta property=\"og:locale\" content=\"fr_FR\" \/>\n<meta property=\"og:type\" content=\"article\" \/>\n<meta property=\"og:title\" content=\"Legal notice - vac-tron.es\" \/>\n<meta property=\"og:description\" content=\"In accordance with the provisions of Law 34\/2002 of 11 July, on Information Society Services and Electronic Commerce (LSSI-CE), users are hereby informed of the identifying details of the owner of the website: Website owner:VAC-TRON, S.A.Tax ID (CIF): A58006677Registered office: Juan de la Cierva, 6 G-H, Pol. Ind. \u201cCan Castells\u201d, 08420 Canovelles (Barcelona), Spain This [&hellip;]\" \/>\n<meta property=\"og:url\" content=\"https:\/\/vac-tron.es\/fr\/avis-juridique\/\" \/>\n<meta property=\"og:site_name\" content=\"vac-tron.es\" \/>\n<meta property=\"article:modified_time\" content=\"2026-02-06T13:25:52+00:00\" \/>\n<meta name=\"twitter:card\" content=\"summary_large_image\" \/>\n<meta name=\"twitter:label1\" content=\"Dur\u00e9e de lecture estim\u00e9e\" \/>\n\t<meta name=\"twitter:data1\" content=\"2 minutes\" \/>\n<script type=\"application\/ld+json\" class=\"yoast-schema-graph\">{\"@context\":\"https:\\\/\\\/schema.org\",\"@graph\":[{\"@type\":\"WebPage\",\"@id\":\"https:\\\/\\\/vac-tron.es\\\/legal-notice\\\/\",\"url\":\"https:\\\/\\\/vac-tron.es\\\/legal-notice\\\/\",\"name\":\"Legal notice - vac-tron.es\",\"isPartOf\":{\"@id\":\"https:\\\/\\\/vac-tron.es\\\/#website\"},\"datePublished\":\"2026-01-26T11:36:32+00:00\",\"dateModified\":\"2026-02-06T13:25:52+00:00\",\"breadcrumb\":{\"@id\":\"https:\\\/\\\/vac-tron.es\\\/legal-notice\\\/#breadcrumb\"},\"inLanguage\":\"fr-FR\",\"potentialAction\":[{\"@type\":\"ReadAction\",\"target\":[\"https:\\\/\\\/vac-tron.es\\\/legal-notice\\\/\"]}]},{\"@type\":\"BreadcrumbList\",\"@id\":\"https:\\\/\\\/vac-tron.es\\\/legal-notice\\\/#breadcrumb\",\"itemListElement\":[{\"@type\":\"ListItem\",\"position\":1,\"name\":\"Home\",\"item\":\"https:\\\/\\\/vac-tron.es\\\/\"},{\"@type\":\"ListItem\",\"position\":2,\"name\":\"Legal notice\"}]},{\"@type\":\"WebSite\",\"@id\":\"https:\\\/\\\/vac-tron.es\\\/#website\",\"url\":\"https:\\\/\\\/vac-tron.es\\\/\",\"name\":\"vac-tron.es\",\"description\":\"\",\"publisher\":{\"@id\":\"https:\\\/\\\/vac-tron.es\\\/#organization\"},\"potentialAction\":[{\"@type\":\"SearchAction\",\"target\":{\"@type\":\"EntryPoint\",\"urlTemplate\":\"https:\\\/\\\/vac-tron.es\\\/?s={search_term_string}\"},\"query-input\":{\"@type\":\"PropertyValueSpecification\",\"valueRequired\":true,\"valueName\":\"search_term_string\"}}],\"inLanguage\":\"fr-FR\"},{\"@type\":\"Organization\",\"@id\":\"https:\\\/\\\/vac-tron.es\\\/#organization\",\"name\":\"vac-tron.es\",\"url\":\"https:\\\/\\\/vac-tron.es\\\/\",\"logo\":{\"@type\":\"ImageObject\",\"inLanguage\":\"fr-FR\",\"@id\":\"https:\\\/\\\/vac-tron.es\\\/#\\\/schema\\\/logo\\\/image\\\/\",\"url\":\"https:\\\/\\\/vac-tron.es\\\/wp-content\\\/uploads\\\/2025\\\/09\\\/Vac-Tron_Logotipo.svg\",\"contentUrl\":\"https:\\\/\\\/vac-tron.es\\\/wp-content\\\/uploads\\\/2025\\\/09\\\/Vac-Tron_Logotipo.svg\",\"width\":419,\"height\":143,\"caption\":\"vac-tron.es\"},\"image\":{\"@id\":\"https:\\\/\\\/vac-tron.es\\\/#\\\/schema\\\/logo\\\/image\\\/\"},\"sameAs\":[\"https:\\\/\\\/www.linkedin.com\\\/company\\\/vac-tron-s-a\\\/\"]}]}<\/script>\n<!-- \/ Yoast SEO plugin. -->","yoast_head_json":{"title":"Avis juridique - vac-tron.es","robots":{"index":"index","follow":"follow","max-snippet":"max-snippet:-1","max-image-preview":"max-image-preview:large","max-video-preview":"max-video-preview:-1"},"canonical":"https:\/\/vac-tron.es\/fr\/avis-juridique\/","og_locale":"fr_FR","og_type":"article","og_title":"Legal notice - vac-tron.es","og_description":"In accordance with the provisions of Law 34\/2002 of 11 July, on Information Society Services and Electronic Commerce (LSSI-CE), users are hereby informed of the identifying details of the owner of the website: Website owner:VAC-TRON, S.A.Tax ID (CIF): A58006677Registered office: Juan de la Cierva, 6 G-H, Pol. Ind. \u201cCan Castells\u201d, 08420 Canovelles (Barcelona), Spain This [&hellip;]","og_url":"https:\/\/vac-tron.es\/fr\/avis-juridique\/","og_site_name":"vac-tron.es","article_modified_time":"2026-02-06T13:25:52+00:00","twitter_card":"summary_large_image","twitter_misc":{"Dur\u00e9e de lecture estim\u00e9e":"2 minutes"},"schema":{"@context":"https:\/\/schema.org","@graph":[{"@type":"WebPage","@id":"https:\/\/vac-tron.es\/legal-notice\/","url":"https:\/\/vac-tron.es\/legal-notice\/","name":"Avis juridique - vac-tron.es","isPartOf":{"@id":"https:\/\/vac-tron.es\/#website"},"datePublished":"2026-01-26T11:36:32+00:00","dateModified":"2026-02-06T13:25:52+00:00","breadcrumb":{"@id":"https:\/\/vac-tron.es\/legal-notice\/#breadcrumb"},"inLanguage":"fr-FR","potentialAction":[{"@type":"ReadAction","target":["https:\/\/vac-tron.es\/legal-notice\/"]}]},{"@type":"BreadcrumbList","@id":"https:\/\/vac-tron.es\/legal-notice\/#breadcrumb","itemListElement":[{"@type":"ListItem","position":1,"name":"Home","item":"https:\/\/vac-tron.es\/"},{"@type":"ListItem","position":2,"name":"Legal notice"}]},{"@type":"WebSite","@id":"https:\/\/vac-tron.es\/#website","url":"https:\/\/vac-tron.es\/","name":"vac-tron.es","description":"","publisher":{"@id":"https:\/\/vac-tron.es\/#organization"},"potentialAction":[{"@type":"SearchAction","target":{"@type":"EntryPoint","urlTemplate":"https:\/\/vac-tron.es\/?s={search_term_string}"},"query-input":{"@type":"PropertyValueSpecification","valueRequired":true,"valueName":"search_term_string"}}],"inLanguage":"fr-FR"},{"@type":"Organization","@id":"https:\/\/vac-tron.es\/#organization","name":"vac-tron.es","url":"https:\/\/vac-tron.es\/","logo":{"@type":"ImageObject","inLanguage":"fr-FR","@id":"https:\/\/vac-tron.es\/#\/schema\/logo\/image\/","url":"https:\/\/vac-tron.es\/wp-content\/uploads\/2025\/09\/Vac-Tron_Logotipo.svg","contentUrl":"https:\/\/vac-tron.es\/wp-content\/uploads\/2025\/09\/Vac-Tron_Logotipo.svg","width":419,"height":143,"caption":"vac-tron.es"},"image":{"@id":"https:\/\/vac-tron.es\/#\/schema\/logo\/image\/"},"sameAs":["https:\/\/www.linkedin.com\/company\/vac-tron-s-a\/"]}]}},"_links":{"self":[{"href":"https:\/\/vac-tron.es\/fr\/wp-json\/wp\/v2\/pages\/1038","targetHints":{"allow":["GET"]}}],"collection":[{"href":"https:\/\/vac-tron.es\/fr\/wp-json\/wp\/v2\/pages"}],"about":[{"href":"https:\/\/vac-tron.es\/fr\/wp-json\/wp\/v2\/types\/page"}],"author":[{"embeddable":true,"href":"https:\/\/vac-tron.es\/fr\/wp-json\/wp\/v2\/users\/3"}],"replies":[{"embeddable":true,"href":"https:\/\/vac-tron.es\/fr\/wp-json\/wp\/v2\/comments?post=1038"}],"version-history":[{"count":4,"href":"https:\/\/vac-tron.es\/fr\/wp-json\/wp\/v2\/pages\/1038\/revisions"}],"predecessor-version":[{"id":1257,"href":"https:\/\/vac-tron.es\/fr\/wp-json\/wp\/v2\/pages\/1038\/revisions\/1257"}],"wp:attachment":[{"href":"https:\/\/vac-tron.es\/fr\/wp-json\/wp\/v2\/media?parent=1038"}],"curies":[{"name":"wp","href":"https:\/\/api.w.org\/{rel}","templated":true}]}}