{"id":858,"date":"2026-01-13T10:31:34","date_gmt":"2026-01-13T10:31:34","guid":{"rendered":"https:\/\/vac-tron.es\/?page_id=858"},"modified":"2026-03-09T10:12:40","modified_gmt":"2026-03-09T10:12:40","slug":"calidad","status":"publish","type":"page","link":"https:\/\/vac-tron.es\/es\/quality\/","title":{"rendered":"Calidad\u00a0"},"content":{"rendered":"<div data-elementor-type=\"wp-page\" data-elementor-id=\"858\" class=\"elementor elementor-858\" data-elementor-post-type=\"page\">\n\t\t\t\t<div class=\"elementor-element elementor-element-fd1a3b9 e-flex e-con-boxed e-con e-parent\" data-id=\"fd1a3b9\" data-element_type=\"container\" data-e-type=\"container\" data-settings=\"{&quot;background_background&quot;:&quot;classic&quot;}\">\n\t\t\t\t\t<div class=\"e-con-inner\">\n\t\t\t\t<div class=\"elementor-element elementor-element-e6597bd elementor-widget elementor-widget-heading\" data-id=\"e6597bd\" data-element_type=\"widget\" data-e-type=\"widget\" data-widget_type=\"heading.default\">\n\t\t\t\t\t<h1 class=\"elementor-heading-title elementor-size-default\">Calidad y certificaciones<\/h1>\t\t\t\t<\/div>\n\t\t\t\t\t<\/div>\n\t\t\t\t<\/div>\n\t\t<div class=\"elementor-element elementor-element-7837ffd e-flex e-con-boxed elementor-invisible e-con e-parent\" data-id=\"7837ffd\" data-element_type=\"container\" data-e-type=\"container\" data-settings=\"{&quot;background_background&quot;:&quot;classic&quot;,&quot;animation&quot;:&quot;fadeInDown&quot;}\">\n\t\t\t\t\t<div class=\"e-con-inner\">\n\t\t<div class=\"elementor-element elementor-element-5884fbd e-con-full e-flex elementor-invisible e-con e-child\" data-id=\"5884fbd\" data-element_type=\"container\" data-e-type=\"container\" data-settings=\"{&quot;animation&quot;:&quot;fadeInLeft&quot;}\">\n\t\t<div class=\"elementor-element elementor-element-be128e5 e-con-full e-flex e-con e-child\" data-id=\"be128e5\" data-element_type=\"container\" data-e-type=\"container\" data-settings=\"{&quot;background_background&quot;:&quot;classic&quot;}\">\n\t\t\t\t<div class=\"elementor-element elementor-element-905d0ce elementor-widget elementor-widget-heading\" data-id=\"905d0ce\" data-element_type=\"widget\" data-e-type=\"widget\" data-widget_type=\"heading.default\">\n\t\t\t\t\t<h2 class=\"elementor-heading-title elementor-size-default\"><a href=\"https:\/\/vac-tron.es\/wp-content\/uploads\/2025\/11\/21879925-CERTIFICADOS-AERO_INGLES_SINGLE-SITE-VAC-TRON-SA.pdf\" target=\"_blank\">EN 9100<\/a><\/h2>\t\t\t\t<\/div>\n\t\t\t\t<\/div>\n\t\t<div class=\"elementor-element elementor-element-03df2c5 e-con-full e-flex e-con e-child\" data-id=\"03df2c5\" data-element_type=\"container\" data-e-type=\"container\" data-settings=\"{&quot;background_background&quot;:&quot;classic&quot;}\">\n\t\t\t\t<div class=\"elementor-element elementor-element-f07f62c elementor-widget elementor-widget-heading\" data-id=\"f07f62c\" data-element_type=\"widget\" data-e-type=\"widget\" data-widget_type=\"heading.default\">\n\t\t\t\t\t<h2 class=\"elementor-heading-title elementor-size-default\"><a href=\"https:\/\/vac-tron.es\/wp-content\/uploads\/2025\/11\/21879925-BUP-VAC-TRON-SA-INGLES.pdf\" target=\"_blank\"> ISO 9001<\/a><\/h2>\t\t\t\t<\/div>\n\t\t\t\t<\/div>\n\t\t<div class=\"elementor-element elementor-element-55cdf54 e-con-full e-flex e-con e-child\" data-id=\"55cdf54\" data-element_type=\"container\" data-e-type=\"container\" data-settings=\"{&quot;background_background&quot;:&quot;classic&quot;}\">\n\t\t\t\t<div class=\"elementor-element elementor-element-72aba3a elementor-widget elementor-widget-heading\" data-id=\"72aba3a\" data-element_type=\"widget\" data-e-type=\"widget\" data-widget_type=\"heading.default\">\n\t\t\t\t\t<h2 class=\"elementor-heading-title elementor-size-default\"><a href=\"https:\/\/vac-tron.es\/wp-content\/uploads\/2025\/11\/21190117-BUQ-VAC-TRON-SA-INGLES.pdf\" target=\"_blank\">ISO 14001<\/a><\/h2>\t\t\t\t<\/div>\n\t\t\t\t<\/div>\n\t\t\t\t<\/div>\n\t\t<div class=\"elementor-element elementor-element-a7ea29e e-con-full e-flex elementor-invisible e-con e-child\" data-id=\"a7ea29e\" data-element_type=\"container\" data-e-type=\"container\" data-settings=\"{&quot;animation&quot;:&quot;fadeInLeft&quot;}\">\n\t\t<div class=\"elementor-element elementor-element-6599baa e-con-full e-flex e-con e-child\" data-id=\"6599baa\" data-element_type=\"container\" data-e-type=\"container\" data-settings=\"{&quot;background_background&quot;:&quot;classic&quot;}\">\n\t\t\t\t<div class=\"elementor-element elementor-element-dd34fc3 elementor-widget elementor-widget-heading\" data-id=\"dd34fc3\" data-element_type=\"widget\" data-e-type=\"widget\" data-widget_type=\"heading.default\">\n\t\t\t\t\t<h2 class=\"elementor-heading-title elementor-size-default\"><a href=\"https:\/\/vac-tron.es\/wp-content\/uploads\/2026\/01\/Code-of-Ethics.pdf\" target=\"_blank\">C\u00d3DIGO \u00c9TICO<\/a><\/h2>\t\t\t\t<\/div>\n\t\t\t\t<\/div>\n\t\t<div class=\"elementor-element elementor-element-57de13d e-con-full e-flex e-con e-child\" data-id=\"57de13d\" data-element_type=\"container\" data-e-type=\"container\" data-settings=\"{&quot;background_background&quot;:&quot;classic&quot;}\">\n\t\t\t\t<div class=\"elementor-element elementor-element-565d0fb elementor-widget elementor-widget-heading\" data-id=\"565d0fb\" data-element_type=\"widget\" data-e-type=\"widget\" data-widget_type=\"heading.default\">\n\t\t\t\t\t<h2 class=\"elementor-heading-title elementor-size-default\"><a href=\"https:\/\/vac-tron.es\/wp-content\/uploads\/2025\/11\/21879925-BUP-VAC-TRON-SA-INGLES.pdf\" target=\"_blank\">Pol\u00edtica de calidad y medio ambiente 2022<\/a><\/h2>\t\t\t\t<\/div>\n\t\t\t\t<\/div>\n\t\t\t\t<\/div>\n\t\t<div class=\"elementor-element elementor-element-7d9606b e-con-full e-flex elementor-invisible e-con e-child\" data-id=\"7d9606b\" data-element_type=\"container\" data-e-type=\"container\" data-settings=\"{&quot;animation&quot;:&quot;fadeInLeft&quot;}\">\n\t\t<div class=\"elementor-element elementor-element-ed41a1c e-con-full e-flex e-con e-child\" data-id=\"ed41a1c\" data-element_type=\"container\" data-e-type=\"container\" data-settings=\"{&quot;background_background&quot;:&quot;classic&quot;}\">\n\t\t\t\t<div class=\"elementor-element elementor-element-78a753d elementor-widget elementor-widget-heading\" data-id=\"78a753d\" data-element_type=\"widget\" data-e-type=\"widget\" data-widget_type=\"heading.default\">\n\t\t\t\t\t<h2 class=\"elementor-heading-title elementor-size-default\">Nuestro Sistema Integrado de Gesti\u00f3n garantiza el cumplimiento a todos los niveles. <\/h2>\t\t\t\t<\/div>\n\t\t\t\t<\/div>\n\t\t\t\t<\/div>\n\t\t\t\t\t<\/div>\n\t\t\t\t<\/div>\n\t\t<div class=\"elementor-element elementor-element-dd4b854 e-flex e-con-boxed e-con e-parent\" data-id=\"dd4b854\" data-element_type=\"container\" data-e-type=\"container\" data-settings=\"{&quot;background_background&quot;:&quot;classic&quot;}\">\n\t\t\t\t\t<div class=\"e-con-inner\">\n\t\t\t\t<div class=\"elementor-element elementor-element-b9bb254 elementor-widget elementor-widget-heading\" data-id=\"b9bb254\" data-element_type=\"widget\" data-e-type=\"widget\" data-widget_type=\"heading.default\">\n\t\t\t\t\t<h2 class=\"elementor-heading-title elementor-size-default\">Casos de \u00e9xito<\/h2>\t\t\t\t<\/div>\n\t\t\t\t<div class=\"elementor-element elementor-element-c97dd55 elementor-widget elementor-widget-text-editor\" data-id=\"c97dd55\" data-element_type=\"widget\" data-e-type=\"widget\" data-widget_type=\"text-editor.default\">\n\t\t\t\t\t\t\t\t\t<p>Proyectos internacionales que avalan nuestra experiencia<\/p>\t\t\t\t\t\t\t\t<\/div>\n\t\t\t\t<div class=\"elementor-element elementor-element-91478bc elementor-grid-3 elementor-grid-tablet-2 elementor-grid-mobile-1 elementor-posts--thumbnail-top elementor-card-shadow-yes elementor-posts__hover-gradient elementor-widget elementor-widget-posts\" data-id=\"91478bc\" data-element_type=\"widget\" data-e-type=\"widget\" data-settings=\"{&quot;cards_columns&quot;:&quot;3&quot;,&quot;cards_columns_tablet&quot;:&quot;2&quot;,&quot;cards_columns_mobile&quot;:&quot;1&quot;,&quot;cards_row_gap&quot;:{&quot;unit&quot;:&quot;px&quot;,&quot;size&quot;:35,&quot;sizes&quot;:[]},&quot;cards_row_gap_tablet&quot;:{&quot;unit&quot;:&quot;px&quot;,&quot;size&quot;:&quot;&quot;,&quot;sizes&quot;:[]},&quot;cards_row_gap_mobile&quot;:{&quot;unit&quot;:&quot;px&quot;,&quot;size&quot;:&quot;&quot;,&quot;sizes&quot;:[]}}\" data-widget_type=\"posts.cards\">\n\t\t\t\t<div class=\"elementor-widget-container\">\n\t\t\t\t\t\t\t<div class=\"elementor-posts-container elementor-posts elementor-posts--skin-cards elementor-grid\" role=\"list\">\n\t\t\t\t<article class=\"elementor-post elementor-grid-item post-1526 post type-post status-publish format-standard has-post-thumbnail hentry category-uncategorized\" role=\"listitem\">\n\t\t\t<div class=\"elementor-post__card\">\n\t\t\t\t<a class=\"elementor-post__thumbnail__link\" href=\"https:\/\/vac-tron.es\/es\/blog\/essential-guide-to-gtms-technology-why-hermeticity-is-critical-in-harsh-environments\/\" tabindex=\"-1\" ><div class=\"elementor-post__thumbnail\"><img fetchpriority=\"high\" decoding=\"async\" width=\"300\" height=\"238\" src=\"https:\/\/vac-tron.es\/wp-content\/uploads\/2025\/12\/rd-300x238.webp\" class=\"attachment-medium size-medium wp-image-696\" alt=\"Vista de cerca de una superficie de paso herm\u00e9tica circular que muestra clavijas el\u00e9ctricas selladas vidrio-metal espaciadas uniformemente e incrustadas en un material aislante oscuro.\" srcset=\"https:\/\/vac-tron.es\/wp-content\/uploads\/2025\/12\/rd-300x238.webp 300w, https:\/\/vac-tron.es\/wp-content\/uploads\/2025\/12\/rd.webp 478w\" sizes=\"(max-width: 300px) 100vw, 300px\" \/><\/div><\/a>\n\t\t\t\t<div class=\"elementor-post__text\">\n\t\t\t\t<h3 class=\"elementor-post__title\">\n\t\t\t<a href=\"https:\/\/vac-tron.es\/es\/blog\/essential-guide-to-gtms-technology-why-hermeticity-is-critical-in-harsh-environments\/\" >\n\t\t\t\tGu\u00eda esencial de la tecnolog\u00eda GTMS: Por qu\u00e9 el hermetismo es fundamental en entornos hostiles\t\t\t<\/a>\n\t\t<\/h3>\n\t\t\t\t<div class=\"elementor-post__excerpt\">\n\t\t\t<p>Descubra las ventajas de la tecnolog\u00eda Glass-to-Metal Seal (GTMS) frente a los m\u00e9todos de sellado tradicionales. Optimice la hermeticidad y durabilidad de sus componentes electr\u00f3nicos.<\/p>\n\t\t<\/div>\n\t\t\n\t\t<a class=\"elementor-post__read-more\" href=\"https:\/\/vac-tron.es\/es\/blog\/essential-guide-to-gtms-technology-why-hermeticity-is-critical-in-harsh-environments\/\" aria-label=\"Read more about Essential Guide to GTMS Technology: Why Hermeticity Is Critical in Harsh Environments\" tabindex=\"-1\" >\n\t\t\tLeer M\u00e1s \u00bb\t\t<\/a>\n\n\t\t\t\t<\/div>\n\t\t\t\t\t<\/div>\n\t\t<\/article>\n\t\t\t\t<article class=\"elementor-post elementor-grid-item post-832 post type-post status-publish format-standard has-post-thumbnail hentry category-uncategorized\" role=\"listitem\">\n\t\t\t<div class=\"elementor-post__card\">\n\t\t\t\t<a class=\"elementor-post__thumbnail__link\" href=\"https:\/\/vac-tron.es\/es\/blog\/blog-1\/\" tabindex=\"-1\" ><div class=\"elementor-post__thumbnail\"><img decoding=\"async\" width=\"300\" height=\"238\" src=\"https:\/\/vac-tron.es\/wp-content\/uploads\/2025\/12\/foto-sciences-300x238.webp\" class=\"attachment-medium size-medium wp-image-806\" alt=\"\" srcset=\"https:\/\/vac-tron.es\/wp-content\/uploads\/2025\/12\/foto-sciences-300x238.webp 300w, https:\/\/vac-tron.es\/wp-content\/uploads\/2025\/12\/foto-sciences.webp 478w\" sizes=\"(max-width: 300px) 100vw, 300px\" \/><\/div><\/a>\n\t\t\t\t<div class=\"elementor-post__text\">\n\t\t\t\t<h3 class=\"elementor-post__title\">\n\t\t\t<a href=\"https:\/\/vac-tron.es\/es\/blog\/blog-1\/\" >\n\t\t\t\tBlog 1\t\t\t<\/a>\n\t\t<\/h3>\n\t\t\t\t<div class=\"elementor-post__excerpt\">\n\t\t\t<p>Lorem ipsum dolor sit amet, consectetur adipiscing elit. Phasellus id lorem ut enim mattis aliquam. Pellentesque dictum ipsum a mi<\/p>\n\t\t<\/div>\n\t\t\n\t\t<a class=\"elementor-post__read-more\" href=\"https:\/\/vac-tron.es\/es\/blog\/blog-1\/\" aria-label=\"Read more about Blog 1\" tabindex=\"-1\" >\n\t\t\tLeer M\u00e1s \u00bb\t\t<\/a>\n\n\t\t\t\t<\/div>\n\t\t\t\t\t<\/div>\n\t\t<\/article>\n\t\t\t\t<\/div>\n\t\t\n\t\t\t\t\t\t<\/div>\n\t\t\t\t<\/div>\n\t\t\t\t\t<\/div>\n\t\t\t\t<\/div>\n\t\t\t\t<\/div>","protected":false},"excerpt":{"rendered":"<p>Quality &amp; Certifications EN 9100 ISO 9001 ISO 14001 CODE OF ETHICS Quality and Environment Policy 2022 Our Integrated Management System ensures compliance at every level. Success stories International projects that endorse our experience<\/p>","protected":false},"author":3,"featured_media":0,"parent":0,"menu_order":0,"comment_status":"closed","ping_status":"closed","template":"elementor_header_footer","meta":{"_acf_changed":false,"_joinchat":[],"footnotes":""},"class_list":["post-858","page","type-page","status-publish","hentry"],"acf":[],"yoast_head":"<!-- This site is optimized with the Yoast SEO plugin v27.3 - https:\/\/yoast.com\/product\/yoast-seo-wordpress\/ -->\n<title>Quality\u00a0 - vac-tron.es<\/title>\n<meta name=\"description\" content=\"Quality at Vac-Tron, detailing certifications, inspection processes and standards ensuring reliable hermetic components for critical industries.\" \/>\n<meta name=\"robots\" content=\"index, follow, max-snippet:-1, max-image-preview:large, max-video-preview:-1\" \/>\n<link rel=\"canonical\" href=\"https:\/\/vac-tron.es\/es\/calidad\/\" \/>\n<meta property=\"og:locale\" content=\"es_ES\" \/>\n<meta property=\"og:type\" content=\"article\" \/>\n<meta property=\"og:title\" content=\"Quality\u00a0 - vac-tron.es\" \/>\n<meta property=\"og:description\" content=\"Quality at Vac-Tron, detailing certifications, inspection processes and standards ensuring reliable hermetic components for critical industries.\" \/>\n<meta property=\"og:url\" content=\"https:\/\/vac-tron.es\/es\/calidad\/\" \/>\n<meta property=\"og:site_name\" content=\"vac-tron.es\" \/>\n<meta property=\"article:modified_time\" content=\"2026-03-09T10:12:40+00:00\" \/>\n<meta name=\"twitter:card\" content=\"summary_large_image\" \/>\n<meta name=\"twitter:label1\" content=\"Tiempo de lectura\" \/>\n\t<meta name=\"twitter:data1\" content=\"1 minuto\" \/>\n<script type=\"application\/ld+json\" class=\"yoast-schema-graph\">{\"@context\":\"https:\\\/\\\/schema.org\",\"@graph\":[{\"@type\":\"WebPage\",\"@id\":\"https:\\\/\\\/vac-tron.es\\\/quality\\\/\",\"url\":\"https:\\\/\\\/vac-tron.es\\\/quality\\\/\",\"name\":\"Quality\u00a0 - vac-tron.es\",\"isPartOf\":{\"@id\":\"https:\\\/\\\/vac-tron.es\\\/#website\"},\"datePublished\":\"2026-01-13T10:31:34+00:00\",\"dateModified\":\"2026-03-09T10:12:40+00:00\",\"description\":\"Quality at Vac-Tron, detailing certifications, inspection processes and standards ensuring reliable hermetic components for critical industries.\",\"breadcrumb\":{\"@id\":\"https:\\\/\\\/vac-tron.es\\\/quality\\\/#breadcrumb\"},\"inLanguage\":\"es\",\"potentialAction\":[{\"@type\":\"ReadAction\",\"target\":[\"https:\\\/\\\/vac-tron.es\\\/quality\\\/\"]}]},{\"@type\":\"BreadcrumbList\",\"@id\":\"https:\\\/\\\/vac-tron.es\\\/quality\\\/#breadcrumb\",\"itemListElement\":[{\"@type\":\"ListItem\",\"position\":1,\"name\":\"Home\",\"item\":\"https:\\\/\\\/vac-tron.es\\\/\"},{\"@type\":\"ListItem\",\"position\":2,\"name\":\"Quality\u00a0\"}]},{\"@type\":\"WebSite\",\"@id\":\"https:\\\/\\\/vac-tron.es\\\/#website\",\"url\":\"https:\\\/\\\/vac-tron.es\\\/\",\"name\":\"vac-tron.es\",\"description\":\"\",\"publisher\":{\"@id\":\"https:\\\/\\\/vac-tron.es\\\/#organization\"},\"potentialAction\":[{\"@type\":\"SearchAction\",\"target\":{\"@type\":\"EntryPoint\",\"urlTemplate\":\"https:\\\/\\\/vac-tron.es\\\/?s={search_term_string}\"},\"query-input\":{\"@type\":\"PropertyValueSpecification\",\"valueRequired\":true,\"valueName\":\"search_term_string\"}}],\"inLanguage\":\"es\"},{\"@type\":\"Organization\",\"@id\":\"https:\\\/\\\/vac-tron.es\\\/#organization\",\"name\":\"vac-tron.es\",\"url\":\"https:\\\/\\\/vac-tron.es\\\/\",\"logo\":{\"@type\":\"ImageObject\",\"inLanguage\":\"es\",\"@id\":\"https:\\\/\\\/vac-tron.es\\\/#\\\/schema\\\/logo\\\/image\\\/\",\"url\":\"https:\\\/\\\/vac-tron.es\\\/wp-content\\\/uploads\\\/2025\\\/09\\\/Vac-Tron_Logotipo.svg\",\"contentUrl\":\"https:\\\/\\\/vac-tron.es\\\/wp-content\\\/uploads\\\/2025\\\/09\\\/Vac-Tron_Logotipo.svg\",\"width\":419,\"height\":143,\"caption\":\"vac-tron.es\"},\"image\":{\"@id\":\"https:\\\/\\\/vac-tron.es\\\/#\\\/schema\\\/logo\\\/image\\\/\"},\"sameAs\":[\"https:\\\/\\\/www.linkedin.com\\\/company\\\/vac-tron-s-a\\\/\"]}]}<\/script>\n<!-- \/ Yoast SEO plugin. -->","yoast_head_json":{"title":"Calidad - vac-tron.es","description":"Quality at Vac-Tron, detailing certifications, inspection processes and standards ensuring reliable hermetic components for critical industries.","robots":{"index":"index","follow":"follow","max-snippet":"max-snippet:-1","max-image-preview":"max-image-preview:large","max-video-preview":"max-video-preview:-1"},"canonical":"https:\/\/vac-tron.es\/es\/calidad\/","og_locale":"es_ES","og_type":"article","og_title":"Quality\u00a0 - vac-tron.es","og_description":"Quality at Vac-Tron, detailing certifications, inspection processes and standards ensuring reliable hermetic components for critical industries.","og_url":"https:\/\/vac-tron.es\/es\/calidad\/","og_site_name":"vac-tron.es","article_modified_time":"2026-03-09T10:12:40+00:00","twitter_card":"summary_large_image","twitter_misc":{"Tiempo de lectura":"1 minuto"},"schema":{"@context":"https:\/\/schema.org","@graph":[{"@type":"WebPage","@id":"https:\/\/vac-tron.es\/quality\/","url":"https:\/\/vac-tron.es\/quality\/","name":"Calidad - vac-tron.es","isPartOf":{"@id":"https:\/\/vac-tron.es\/#website"},"datePublished":"2026-01-13T10:31:34+00:00","dateModified":"2026-03-09T10:12:40+00:00","description":"Quality at Vac-Tron, detailing certifications, inspection processes and standards ensuring reliable hermetic components for critical industries.","breadcrumb":{"@id":"https:\/\/vac-tron.es\/quality\/#breadcrumb"},"inLanguage":"es","potentialAction":[{"@type":"ReadAction","target":["https:\/\/vac-tron.es\/quality\/"]}]},{"@type":"BreadcrumbList","@id":"https:\/\/vac-tron.es\/quality\/#breadcrumb","itemListElement":[{"@type":"ListItem","position":1,"name":"Home","item":"https:\/\/vac-tron.es\/"},{"@type":"ListItem","position":2,"name":"Quality\u00a0"}]},{"@type":"WebSite","@id":"https:\/\/vac-tron.es\/#website","url":"https:\/\/vac-tron.es\/","name":"vac-tron.es","description":"","publisher":{"@id":"https:\/\/vac-tron.es\/#organization"},"potentialAction":[{"@type":"SearchAction","target":{"@type":"EntryPoint","urlTemplate":"https:\/\/vac-tron.es\/?s={search_term_string}"},"query-input":{"@type":"PropertyValueSpecification","valueRequired":true,"valueName":"search_term_string"}}],"inLanguage":"es"},{"@type":"Organization","@id":"https:\/\/vac-tron.es\/#organization","name":"vac-tron.es","url":"https:\/\/vac-tron.es\/","logo":{"@type":"ImageObject","inLanguage":"es","@id":"https:\/\/vac-tron.es\/#\/schema\/logo\/image\/","url":"https:\/\/vac-tron.es\/wp-content\/uploads\/2025\/09\/Vac-Tron_Logotipo.svg","contentUrl":"https:\/\/vac-tron.es\/wp-content\/uploads\/2025\/09\/Vac-Tron_Logotipo.svg","width":419,"height":143,"caption":"vac-tron.es"},"image":{"@id":"https:\/\/vac-tron.es\/#\/schema\/logo\/image\/"},"sameAs":["https:\/\/www.linkedin.com\/company\/vac-tron-s-a\/"]}]}},"_links":{"self":[{"href":"https:\/\/vac-tron.es\/es\/wp-json\/wp\/v2\/pages\/858","targetHints":{"allow":["GET"]}}],"collection":[{"href":"https:\/\/vac-tron.es\/es\/wp-json\/wp\/v2\/pages"}],"about":[{"href":"https:\/\/vac-tron.es\/es\/wp-json\/wp\/v2\/types\/page"}],"author":[{"embeddable":true,"href":"https:\/\/vac-tron.es\/es\/wp-json\/wp\/v2\/users\/3"}],"replies":[{"embeddable":true,"href":"https:\/\/vac-tron.es\/es\/wp-json\/wp\/v2\/comments?post=858"}],"version-history":[{"count":10,"href":"https:\/\/vac-tron.es\/es\/wp-json\/wp\/v2\/pages\/858\/revisions"}],"predecessor-version":[{"id":1435,"href":"https:\/\/vac-tron.es\/es\/wp-json\/wp\/v2\/pages\/858\/revisions\/1435"}],"wp:attachment":[{"href":"https:\/\/vac-tron.es\/es\/wp-json\/wp\/v2\/media?parent=858"}],"curies":[{"name":"wp","href":"https:\/\/api.w.org\/{rel}","templated":true}]}}