{"id":820,"date":"2026-01-12T11:36:16","date_gmt":"2026-01-12T11:36:16","guid":{"rendered":"https:\/\/vac-tron.es\/?page_id=820"},"modified":"2026-04-08T06:54:40","modified_gmt":"2026-04-08T06:54:40","slug":"preguntas-frecuentes","status":"publish","type":"page","link":"https:\/\/vac-tron.es\/es\/faqs\/","title":{"rendered":"Faqs"},"content":{"rendered":"<div data-elementor-type=\"wp-page\" data-elementor-id=\"820\" class=\"elementor elementor-820\" data-elementor-post-type=\"page\">\n\t\t\t\t<div class=\"elementor-element elementor-element-647f1c2 e-flex e-con-boxed e-con e-parent\" data-id=\"647f1c2\" data-element_type=\"container\" data-e-type=\"container\" data-settings=\"{&quot;background_background&quot;:&quot;classic&quot;}\">\n\t\t\t\t\t<div class=\"e-con-inner\">\n\t\t\t\t<div class=\"elementor-element elementor-element-244151b elementor-widget elementor-widget-heading\" data-id=\"244151b\" data-element_type=\"widget\" data-e-type=\"widget\" data-widget_type=\"heading.default\">\n\t\t\t\t\t<h1 class=\"elementor-heading-title elementor-size-default\">Preguntas m\u00e1s frecuentes (FAQ) <br>\nVAC-TRON\n<\/h1>\t\t\t\t<\/div>\n\t\t\t\t\t<\/div>\n\t\t\t\t<\/div>\n\t\t<div class=\"elementor-element elementor-element-09351f7 e-flex e-con-boxed e-con e-parent\" data-id=\"09351f7\" data-element_type=\"container\" data-e-type=\"container\">\n\t\t\t\t\t<div class=\"e-con-inner\">\n\t\t\t\t<div class=\"elementor-element elementor-element-31c34a0 elementor-widget elementor-widget-heading\" data-id=\"31c34a0\" data-element_type=\"widget\" data-e-type=\"widget\" data-widget_type=\"heading.default\">\n\t\t\t\t\t<h2 class=\"elementor-heading-title elementor-size-default\">\u00bfQui\u00e9n es Vac-tron?\n<\/h2>\t\t\t\t<\/div>\n\t\t\t\t<div class=\"elementor-element elementor-element-35d85ac elementor-widget elementor-widget-text-editor\" data-id=\"35d85ac\" data-element_type=\"widget\" data-e-type=\"widget\" data-widget_type=\"text-editor.default\">\n\t\t\t\t\t\t\t\t\t<p><span style=\"font-weight: 400;\">VAC-TRON es una empresa especializada en la fabricaci\u00f3n de conectores herm\u00e9ticos de alta calidad para aplicaciones industriales, aeroespaciales, instalaciones cient\u00edficas, petr\u00f3leo y gas, defensa, equipos m\u00e9dicos y electr\u00f3nica.\u00a0<\/span><\/p>\t\t\t\t\t\t\t\t<\/div>\n\t\t\t\t<div class=\"elementor-element elementor-element-6e7d280 elementor-widget elementor-widget-heading\" data-id=\"6e7d280\" data-element_type=\"widget\" data-e-type=\"widget\" data-widget_type=\"heading.default\">\n\t\t\t\t\t<h2 class=\"elementor-heading-title elementor-size-default\">\u00bfQu\u00e9 es el sellado vidrio-metal (GTMS)?<br><\/h2>\t\t\t\t<\/div>\n\t\t\t\t<div class=\"elementor-element elementor-element-0a16a7b elementor-widget elementor-widget-text-editor\" data-id=\"0a16a7b\" data-element_type=\"widget\" data-e-type=\"widget\" data-widget_type=\"text-editor.default\">\n\t\t\t\t\t\t\t\t\t<p><span style=\"font-weight: 400;\">La tecnolog\u00eda de sellado vidrio-metal se utiliza para crear una uni\u00f3n herm\u00e9tica entre el vidrio y el metal y se utiliza ampliamente en conectores y pasamuros herm\u00e9ticos.&nbsp;<\/span><\/p>\n<p><span style=\"font-weight: 400;\">El sellado de vidrio a metal es un proceso especial para unir dos materiales dis\u00edmiles.<\/span><span style=\"font-weight: 400;\">.&nbsp;<\/span><\/p>\t\t\t\t\t\t\t\t<\/div>\n\t\t\t\t<div class=\"elementor-element elementor-element-da1592e elementor-widget elementor-widget-heading\" data-id=\"da1592e\" data-element_type=\"widget\" data-e-type=\"widget\" data-widget_type=\"heading.default\">\n\t\t\t\t\t<h2 class=\"elementor-heading-title elementor-size-default\">\u00bfC\u00f3mo se fabrica? \n\n\n<\/h2>\t\t\t\t<\/div>\n\t\t\t\t<div class=\"elementor-element elementor-element-704f866 elementor-widget elementor-widget-text-editor\" data-id=\"704f866\" data-element_type=\"widget\" data-e-type=\"widget\" data-widget_type=\"text-editor.default\">\n\t\t\t\t\t\t\t\t\t<p><span style=\"font-weight: 400;\">Se funde un vidrio especial (normalmente borosilicato) y se une al metal en condiciones de temperatura controlada. Al enfriarse, el vidrio se solidifica y forma una uni\u00f3n herm\u00e9tica y resistente con el metal. Esta junta impide el paso de gases y l\u00edquidos, incluso a alta presi\u00f3n o al vac\u00edo.<\/span><\/p>\t\t\t\t\t\t\t\t<\/div>\n\t\t\t\t<div class=\"elementor-element elementor-element-0713f67 elementor-widget elementor-widget-heading\" data-id=\"0713f67\" data-element_type=\"widget\" data-e-type=\"widget\" data-widget_type=\"heading.default\">\n\t\t\t\t\t<h2 class=\"elementor-heading-title elementor-size-default\">\u00bfCu\u00e1l es la funci\u00f3n de una junta vidrio-metal? \n\n<\/h2>\t\t\t\t<\/div>\n\t\t\t\t<div class=\"elementor-element elementor-element-91c5af0 elementor-widget elementor-widget-text-editor\" data-id=\"91c5af0\" data-element_type=\"widget\" data-e-type=\"widget\" data-widget_type=\"text-editor.default\">\n\t\t\t\t\t\t\t\t\t<p><span style=\"font-weight: 400;\">El vidrio fundido se adhiere al metal, creando una junta sin poros que garantiza la ausencia de fugas de gas o l\u00edquido, ideal para entornos de alto vac\u00edo o alta presi\u00f3n.<\/span><\/p><p><span style=\"font-weight: 400;\">El vidrio act\u00faa como aislante diel\u00e9ctrico, separando los conductores el\u00e9ctricos de la carcasa met\u00e1lica. Esto permite que las se\u00f1ales el\u00e9ctricas atraviesen una barrera herm\u00e9tica sin riesgo de cortocircuitos.<\/span><\/p><p><span style=\"font-weight: 400;\">Resiste temperaturas muy elevadas (hasta 400 \u00b0C en algunos casos) y entornos corrosivos. A diferencia de otros tipos de juntas (como las polim\u00e9ricas), no se degrada con el tiempo, lo que la hace muy fiable para aplicaciones de larga duraci\u00f3n.<\/span><\/p>\t\t\t\t\t\t\t\t<\/div>\n\t\t\t\t<div class=\"elementor-element elementor-element-2856b96 elementor-widget elementor-widget-heading\" data-id=\"2856b96\" data-element_type=\"widget\" data-e-type=\"widget\" data-widget_type=\"heading.default\">\n\t\t\t\t\t<h2 class=\"elementor-heading-title elementor-size-default\">\u00bfCu\u00e1ndo necesito la tecnolog\u00eda GTMS? \n\n\n<\/h2>\t\t\t\t<\/div>\n\t\t\t\t<div class=\"elementor-element elementor-element-e69fab3 elementor-widget elementor-widget-text-editor\" data-id=\"e69fab3\" data-element_type=\"widget\" data-e-type=\"widget\" data-widget_type=\"text-editor.default\">\n\t\t\t\t\t\t\t\t\t<ul><li><span style=\"font-weight: 400;\"> Si necesita pasar se\u00f1ales el\u00e9ctricas entre dos atm\u00f3sferas\/ambientes diferentes.<\/span><\/li><li><span style=\"font-weight: 400;\"> Si su aparato electr\u00f3nico debe funcionar durante m\u00e1s de 15 a\u00f1os sin mantenimiento.<\/span><\/li><li><span style=\"font-weight: 400;\"> Si hay variaciones de temperatura de -65\u00baC a 300\u00baC.<\/span><\/li><li><span style=\"font-weight: 400;\"> Si el entorno implica alta presi\u00f3n y\/o una atm\u00f3sfera corrosiva.<\/span><\/li><li><span style=\"font-weight: 400;\"> Si necesita utilizar materiales que no generen desgasificaci\u00f3n.<\/span><\/li><\/ul>\t\t\t\t\t\t\t\t<\/div>\n\t\t\t\t<div class=\"elementor-element elementor-element-b75cd1e elementor-widget elementor-widget-heading\" data-id=\"b75cd1e\" data-element_type=\"widget\" data-e-type=\"widget\" data-widget_type=\"heading.default\">\n\t\t\t\t\t<h2 class=\"elementor-heading-title elementor-size-default\">\u00bfQu\u00e9 tipos de conectores herm\u00e9ticos fabrican?\n<\/h2>\t\t\t\t<\/div>\n\t\t\t\t<div class=\"elementor-element elementor-element-0552e75 elementor-widget elementor-widget-text-editor\" data-id=\"0552e75\" data-element_type=\"widget\" data-e-type=\"widget\" data-widget_type=\"text-editor.default\">\n\t\t\t\t\t\t\t\t\t<p><span style=\"font-weight: 400;\">Fabricamos pasamuros individuales, pasamuros m\u00faltiples, bases para rel\u00e9s, conectores, bases para sensores y microsensores, bases y tapas para filtros y osciladores, bases pirot\u00e9cnicas y productos personalizados.<\/span><\/p>\t\t\t\t\t\t\t\t<\/div>\n\t\t\t\t<div class=\"elementor-element elementor-element-a2a356c elementor-widget elementor-widget-heading\" data-id=\"a2a356c\" data-element_type=\"widget\" data-e-type=\"widget\" data-widget_type=\"heading.default\">\n\t\t\t\t\t<h2 class=\"elementor-heading-title elementor-size-default\">\u00bfQu\u00e9 material se utiliza para fabricar un pasamuros? \n<\/h2>\t\t\t\t<\/div>\n\t\t\t\t<div class=\"elementor-element elementor-element-6e92961 elementor-widget elementor-widget-text-editor\" data-id=\"6e92961\" data-element_type=\"widget\" data-e-type=\"widget\" data-widget_type=\"text-editor.default\">\n\t\t\t\t\t\t\t\t\t<p><span style=\"font-weight: 400;\">Los pasamuros suelen fabricarse con materiales de alto rendimiento que garantizan la hermeticidad, el aislamiento el\u00e9ctrico y la fiabilidad a largo plazo. Los materiales m\u00e1s comunes son:<\/span><\/p><ul><li><b>Metales:<\/b><span style=\"font-weight: 400;\"> Acero inoxidable, Inconel, Kovar, titanio y otras aleaciones de n\u00edquel y hierro que ofrecen una excelente estabilidad t\u00e9rmica y resistencia a la corrosi\u00f3n.<\/span><\/li><li><b>Vidrio:<\/b><span style=\"font-weight: 400;\"> Vidrio de sellado especial, normalmente <\/span><b>borosilicato<\/b><span style=\"font-weight: 400;\"> o <\/span><b>vidrio \u00e1lcali-cal<\/b><span style=\"font-weight: 400;\">, utilizado para crear el sellado herm\u00e9tico vidrio-metal.<\/span><\/li><li><b>Conductores:<\/b><span style=\"font-weight: 400;\"> Cobre, cobre niquelado, aleaciones doradas u otros materiales conductores en funci\u00f3n de los requisitos de corriente, tensi\u00f3n y entorno.<\/span><\/li><li><b>Acabados superficiales:<\/b><span style=\"font-weight: 400;\"> Chapado en oro, n\u00edquel o esta\u00f1o para mejorar la conductividad, la resistencia a la corrosi\u00f3n y la soldabilidad.\u00a0<\/span><\/li><\/ul><p><span style=\"font-weight: 400;\">Estos materiales se seleccionan en funci\u00f3n de la aplicaci\u00f3n espec\u00edfica, la temperatura de funcionamiento, la hermeticidad requerida y las condiciones ambientales.<\/span><\/p>\t\t\t\t\t\t\t\t<\/div>\n\t\t\t\t<div class=\"elementor-element elementor-element-7e45f92 elementor-widget elementor-widget-heading\" data-id=\"7e45f92\" data-element_type=\"widget\" data-e-type=\"widget\" data-widget_type=\"heading.default\">\n\t\t\t\t\t<h2 class=\"elementor-heading-title elementor-size-default\">\u00bfQu\u00e9 es un feedthrough?  \n\n<\/h2>\t\t\t\t<\/div>\n\t\t\t\t<div class=\"elementor-element elementor-element-ecb22c9 elementor-widget elementor-widget-text-editor\" data-id=\"ecb22c9\" data-element_type=\"widget\" data-e-type=\"widget\" data-widget_type=\"text-editor.default\">\n\t\t\t\t\t\t\t\t\t<p><span style=\"font-weight: 400;\">Es un componente dise\u00f1ado para permitir el paso de se\u00f1ales el\u00e9ctricas u \u00f3pticas a trav\u00e9s de una pared o barrera sin perder estanqueidad.<\/span><\/p>\t\t\t\t\t\t\t\t<\/div>\n\t\t\t\t<div class=\"elementor-element elementor-element-b988029 elementor-widget elementor-widget-heading\" data-id=\"b988029\" data-element_type=\"widget\" data-e-type=\"widget\" data-widget_type=\"heading.default\">\n\t\t\t\t\t<h2 class=\"elementor-heading-title elementor-size-default\">\u00bfCu\u00e1l es la diferencia entre un conector herm\u00e9tico y uno que no lo es?\n\n\n<\/h2>\t\t\t\t<\/div>\n\t\t\t\t<div class=\"elementor-element elementor-element-987ff8c elementor-widget elementor-widget-text-editor\" data-id=\"987ff8c\" data-element_type=\"widget\" data-e-type=\"widget\" data-widget_type=\"text-editor.default\">\n\t\t\t\t\t\t\t\t\t<p><span style=\"font-weight: 400;\">Un conector herm\u00e9tico est\u00e1 dise\u00f1ado para impedir el paso de gases, l\u00edquidos y contaminantes entre dos entornos. Soporta temperaturas extremas, vibraciones y entornos corrosivos. Un conector est\u00e1ndar conecta el\u00e9ctrica o mec\u00e1nicamente sin necesidad de sellado herm\u00e9tico permitiendo el paso de humedad o gases\u00a0<\/span><\/p>\t\t\t\t\t\t\t\t<\/div>\n\t\t\t\t<div class=\"elementor-element elementor-element-9745adb elementor-widget elementor-widget-heading\" data-id=\"9745adb\" data-element_type=\"widget\" data-e-type=\"widget\" data-widget_type=\"heading.default\">\n\t\t\t\t\t<h2 class=\"elementor-heading-title elementor-size-default\">\u00bfQu\u00e9 vida \u00fatil tiene un conector?\n\n\n<\/h2>\t\t\t\t<\/div>\n\t\t\t\t<div class=\"elementor-element elementor-element-42c612c elementor-widget elementor-widget-text-editor\" data-id=\"42c612c\" data-element_type=\"widget\" data-e-type=\"widget\" data-widget_type=\"text-editor.default\">\n\t\t\t\t\t\t\t\t\t<p><span style=\"font-weight: 400;\">Un conector con tecnolog\u00eda GTMS est\u00e1 dise\u00f1ado para no ser sustituido nunca.  A diferencia de un conector sin cristal en las mismas condiciones probablemente deber\u00eda sustituirse entre 3 - 5 a\u00f1os. <\/span><\/p>\t\t\t\t\t\t\t\t<\/div>\n\t\t\t\t<div class=\"elementor-element elementor-element-547c5ee elementor-widget elementor-widget-heading\" data-id=\"547c5ee\" data-element_type=\"widget\" data-e-type=\"widget\" data-widget_type=\"heading.default\">\n\t\t\t\t\t<h2 class=\"elementor-heading-title elementor-size-default\">\u00bfC\u00f3mo garantizamos la hermeticidad y la calidad?<\/h2>\t\t\t\t<\/div>\n\t\t\t\t<div class=\"elementor-element elementor-element-3e21f8a elementor-widget elementor-widget-text-editor\" data-id=\"3e21f8a\" data-element_type=\"widget\" data-e-type=\"widget\" data-widget_type=\"text-editor.default\">\n\t\t\t\t\t\t\t\t\t<p><span style=\"font-weight: 400;\">40 a\u00f1os de experiencia nos avalan en la industria del GTMS y en cada fabricaci\u00f3n se realizan pruebas de estanqueidad (prueba de fugas con helio), para asegurar la hermeticidad. Tambi\u00e9n realizamos rigurosas pruebas de presi\u00f3n hasta 2000bars, temperatura hasta 300\u00ba y resistencia seg\u00fan diferentes normas internacionales, (MILT-STD-883). <\/span><span style=\"font-weight: 400;\"><br \/><\/span><span style=\"font-weight: 400;\">Dado que cada industria tiene necesidades diferentes, estamos dispuestos a adaptar nuestro sistema de control de calidad seg\u00fan las normas del cliente.\u00a0<\/span><\/p>\t\t\t\t\t\t\t\t<\/div>\n\t\t\t\t<div class=\"elementor-element elementor-element-f925327 elementor-widget elementor-widget-heading\" data-id=\"f925327\" data-element_type=\"widget\" data-e-type=\"widget\" data-widget_type=\"heading.default\">\n\t\t\t\t\t<h2 class=\"elementor-heading-title elementor-size-default\">\u00bfOfrecen soluciones personalizadas?\n\n<\/h2>\t\t\t\t<\/div>\n\t\t\t\t<div class=\"elementor-element elementor-element-74f9972 elementor-widget elementor-widget-text-editor\" data-id=\"74f9972\" data-element_type=\"widget\" data-e-type=\"widget\" data-widget_type=\"text-editor.default\">\n\t\t\t\t\t\t\t\t\t<p><span style=\"font-weight: 400;\">S\u00ed, desarrollamos soluciones personalizadas seg\u00fan las especificaciones t\u00e9cnicas del cliente. La gran mayor\u00eda de nuestra fabricaci\u00f3n es a medida.\u00a0<\/span><\/p>\t\t\t\t\t\t\t\t<\/div>\n\t\t\t\t<div class=\"elementor-element elementor-element-26f2b0e elementor-widget elementor-widget-heading\" data-id=\"26f2b0e\" data-element_type=\"widget\" data-e-type=\"widget\" data-widget_type=\"heading.default\">\n\t\t\t\t\t<h2 class=\"elementor-heading-title elementor-size-default\">\u00bfC\u00f3mo puedo solicitar un presupuesto?\n\n\n<\/h2>\t\t\t\t<\/div>\n\t\t\t\t<div class=\"elementor-element elementor-element-707f17e elementor-widget elementor-widget-text-editor\" data-id=\"707f17e\" data-element_type=\"widget\" data-e-type=\"widget\" data-widget_type=\"text-editor.default\">\n\t\t\t\t\t\t\t\t\t<p><span style=\"font-weight: 400;\">Puede solicitarlo a trav\u00e9s de nuestro <a href=\"https:\/\/vac-tron.es\/es\/pongase-en-contacto-con\/\">sitio web<\/a> o por <a href=\"https:\/\/wa.me\/34694290755\">contactar con<\/a> nuestro equipo comercial directamente a trav\u00e9s de WhatsApp.\u00a0 <\/span><\/p>\t\t\t\t\t\t\t\t<\/div>\n\t\t\t\t\t<\/div>\n\t\t\t\t<\/div>\n\t\t\t\t<\/div>","protected":false},"excerpt":{"rendered":"<p>Frequently Asked Questions (FAQs) VAC-TRON Who is Vac-tron? VAC-TRON is a company specialized in the manufacturing of high-quality hermetic connectors for industrial, aerospace, scientific facilities, Oil &amp; Gas, defense, medical equipment, and electronics applications.\u00a0 What is glass-to-metal seal (GTMS)? Glass-to-Metal Seal technology is used to create a hermetic bond between glass and metal and is [&hellip;]<\/p>\n","protected":false},"author":3,"featured_media":0,"parent":0,"menu_order":0,"comment_status":"closed","ping_status":"closed","template":"elementor_header_footer","meta":{"_acf_changed":false,"_joinchat":[],"footnotes":""},"class_list":["post-820","page","type-page","status-publish","hentry"],"acf":[],"yoast_head":"<!-- This site is optimized with the Yoast SEO plugin v27.3 - https:\/\/yoast.com\/product\/yoast-seo-wordpress\/ -->\n<title>Faqs - vac-tron.es<\/title>\n<meta name=\"description\" content=\"FAQs answering common questions about Vac-Tron\u2019s hermetic connectors, feedthroughs, manufacturing processes and application-specific solutions.\" \/>\n<meta name=\"robots\" content=\"index, follow, max-snippet:-1, max-image-preview:large, max-video-preview:-1\" \/>\n<link rel=\"canonical\" href=\"https:\/\/vac-tron.es\/es\/preguntas-frecuentes\/\" \/>\n<meta property=\"og:locale\" content=\"es_ES\" \/>\n<meta property=\"og:type\" content=\"article\" \/>\n<meta property=\"og:title\" content=\"Faqs - vac-tron.es\" \/>\n<meta property=\"og:description\" content=\"FAQs answering common questions about Vac-Tron\u2019s hermetic connectors, feedthroughs, manufacturing processes and application-specific solutions.\" \/>\n<meta property=\"og:url\" content=\"https:\/\/vac-tron.es\/es\/preguntas-frecuentes\/\" \/>\n<meta property=\"og:site_name\" content=\"vac-tron.es\" \/>\n<meta property=\"article:modified_time\" content=\"2026-04-08T06:54:40+00:00\" \/>\n<meta name=\"twitter:card\" content=\"summary_large_image\" \/>\n<meta name=\"twitter:label1\" content=\"Tiempo de lectura\" \/>\n\t<meta name=\"twitter:data1\" content=\"4 minutos\" \/>\n<script type=\"application\/ld+json\" class=\"yoast-schema-graph\">{\"@context\":\"https:\\\/\\\/schema.org\",\"@graph\":[{\"@type\":\"Article\",\"@id\":\"https:\\\/\\\/vac-tron.es\\\/faqs\\\/#article\",\"isPartOf\":{\"@id\":\"https:\\\/\\\/vac-tron.es\\\/faqs\\\/\"},\"author\":{\"name\":\"Daniela Lucio\",\"@id\":\"https:\\\/\\\/vac-tron.es\\\/#\\\/schema\\\/person\\\/de3c261a37db1da9793be866bf2f190c\"},\"headline\":\"Faqs\",\"datePublished\":\"2026-01-12T11:36:16+00:00\",\"dateModified\":\"2026-04-08T06:54:40+00:00\",\"mainEntityOfPage\":{\"@id\":\"https:\\\/\\\/vac-tron.es\\\/faqs\\\/\"},\"wordCount\":662,\"publisher\":{\"@id\":\"https:\\\/\\\/vac-tron.es\\\/#organization\"},\"inLanguage\":\"es\"},{\"@type\":[\"WebPage\",\"FAQPage\"],\"@id\":\"https:\\\/\\\/vac-tron.es\\\/faqs\\\/\",\"url\":\"https:\\\/\\\/vac-tron.es\\\/faqs\\\/\",\"name\":\"Faqs - vac-tron.es\",\"isPartOf\":{\"@id\":\"https:\\\/\\\/vac-tron.es\\\/#website\"},\"datePublished\":\"2026-01-12T11:36:16+00:00\",\"dateModified\":\"2026-04-08T06:54:40+00:00\",\"description\":\"FAQs answering common questions about Vac-Tron\u2019s hermetic connectors, feedthroughs, manufacturing processes and application-specific solutions.\",\"breadcrumb\":{\"@id\":\"https:\\\/\\\/vac-tron.es\\\/faqs\\\/#breadcrumb\"},\"inLanguage\":\"es\",\"potentialAction\":[{\"@type\":\"ReadAction\",\"target\":[\"https:\\\/\\\/vac-tron.es\\\/faqs\\\/\"]}]},{\"@type\":\"BreadcrumbList\",\"@id\":\"https:\\\/\\\/vac-tron.es\\\/faqs\\\/#breadcrumb\",\"itemListElement\":[{\"@type\":\"ListItem\",\"position\":1,\"name\":\"Home\",\"item\":\"https:\\\/\\\/vac-tron.es\\\/\"},{\"@type\":\"ListItem\",\"position\":2,\"name\":\"Faqs\"}]},{\"@type\":\"WebSite\",\"@id\":\"https:\\\/\\\/vac-tron.es\\\/#website\",\"url\":\"https:\\\/\\\/vac-tron.es\\\/\",\"name\":\"vac-tron.es\",\"description\":\"\",\"publisher\":{\"@id\":\"https:\\\/\\\/vac-tron.es\\\/#organization\"},\"potentialAction\":[{\"@type\":\"SearchAction\",\"target\":{\"@type\":\"EntryPoint\",\"urlTemplate\":\"https:\\\/\\\/vac-tron.es\\\/?s={search_term_string}\"},\"query-input\":{\"@type\":\"PropertyValueSpecification\",\"valueRequired\":true,\"valueName\":\"search_term_string\"}}],\"inLanguage\":\"es\"},{\"@type\":\"Organization\",\"@id\":\"https:\\\/\\\/vac-tron.es\\\/#organization\",\"name\":\"vac-tron.es\",\"url\":\"https:\\\/\\\/vac-tron.es\\\/\",\"logo\":{\"@type\":\"ImageObject\",\"inLanguage\":\"es\",\"@id\":\"https:\\\/\\\/vac-tron.es\\\/#\\\/schema\\\/logo\\\/image\\\/\",\"url\":\"https:\\\/\\\/vac-tron.es\\\/wp-content\\\/uploads\\\/2025\\\/09\\\/Vac-Tron_Logotipo.svg\",\"contentUrl\":\"https:\\\/\\\/vac-tron.es\\\/wp-content\\\/uploads\\\/2025\\\/09\\\/Vac-Tron_Logotipo.svg\",\"width\":419,\"height\":143,\"caption\":\"vac-tron.es\"},\"image\":{\"@id\":\"https:\\\/\\\/vac-tron.es\\\/#\\\/schema\\\/logo\\\/image\\\/\"},\"sameAs\":[\"https:\\\/\\\/www.linkedin.com\\\/company\\\/vac-tron-s-a\\\/\"]},{\"@type\":\"Person\",\"@id\":\"https:\\\/\\\/vac-tron.es\\\/#\\\/schema\\\/person\\\/de3c261a37db1da9793be866bf2f190c\",\"name\":\"Daniela Lucio\",\"image\":{\"@type\":\"ImageObject\",\"inLanguage\":\"es\",\"@id\":\"https:\\\/\\\/secure.gravatar.com\\\/avatar\\\/9048ef25654027393795e27a611b43d9d917824efa37793b1df4a77e7bc164da?s=96&d=mm&r=g\",\"url\":\"https:\\\/\\\/secure.gravatar.com\\\/avatar\\\/9048ef25654027393795e27a611b43d9d917824efa37793b1df4a77e7bc164da?s=96&d=mm&r=g\",\"contentUrl\":\"https:\\\/\\\/secure.gravatar.com\\\/avatar\\\/9048ef25654027393795e27a611b43d9d917824efa37793b1df4a77e7bc164da?s=96&d=mm&r=g\",\"caption\":\"Daniela Lucio\"}}]}<\/script>\n<!-- \/ Yoast SEO plugin. -->","yoast_head_json":{"title":"Faqs - vac-tron.es","description":"Preguntas frecuentes sobre los conectores herm\u00e9ticos, los pasamuros, los procesos de fabricaci\u00f3n y las soluciones para aplicaciones espec\u00edficas de Vac-Tron.","robots":{"index":"index","follow":"follow","max-snippet":"max-snippet:-1","max-image-preview":"max-image-preview:large","max-video-preview":"max-video-preview:-1"},"canonical":"https:\/\/vac-tron.es\/es\/preguntas-frecuentes\/","og_locale":"es_ES","og_type":"article","og_title":"Faqs - vac-tron.es","og_description":"FAQs answering common questions about Vac-Tron\u2019s hermetic connectors, feedthroughs, manufacturing processes and application-specific solutions.","og_url":"https:\/\/vac-tron.es\/es\/preguntas-frecuentes\/","og_site_name":"vac-tron.es","article_modified_time":"2026-04-08T06:54:40+00:00","twitter_card":"summary_large_image","twitter_misc":{"Tiempo de lectura":"4 minutos"},"schema":{"@context":"https:\/\/schema.org","@graph":[{"@type":"Article","@id":"https:\/\/vac-tron.es\/faqs\/#article","isPartOf":{"@id":"https:\/\/vac-tron.es\/faqs\/"},"author":{"name":"Daniela Lucio","@id":"https:\/\/vac-tron.es\/#\/schema\/person\/de3c261a37db1da9793be866bf2f190c"},"headline":"Faqs","datePublished":"2026-01-12T11:36:16+00:00","dateModified":"2026-04-08T06:54:40+00:00","mainEntityOfPage":{"@id":"https:\/\/vac-tron.es\/faqs\/"},"wordCount":662,"publisher":{"@id":"https:\/\/vac-tron.es\/#organization"},"inLanguage":"es"},{"@type":["WebPage","FAQPage"],"@id":"https:\/\/vac-tron.es\/faqs\/","url":"https:\/\/vac-tron.es\/faqs\/","name":"Faqs - vac-tron.es","isPartOf":{"@id":"https:\/\/vac-tron.es\/#website"},"datePublished":"2026-01-12T11:36:16+00:00","dateModified":"2026-04-08T06:54:40+00:00","description":"Preguntas frecuentes sobre los conectores herm\u00e9ticos, los pasamuros, los procesos de fabricaci\u00f3n y las soluciones para aplicaciones espec\u00edficas de Vac-Tron.","breadcrumb":{"@id":"https:\/\/vac-tron.es\/faqs\/#breadcrumb"},"inLanguage":"es","potentialAction":[{"@type":"ReadAction","target":["https:\/\/vac-tron.es\/faqs\/"]}]},{"@type":"BreadcrumbList","@id":"https:\/\/vac-tron.es\/faqs\/#breadcrumb","itemListElement":[{"@type":"ListItem","position":1,"name":"Home","item":"https:\/\/vac-tron.es\/"},{"@type":"ListItem","position":2,"name":"Faqs"}]},{"@type":"WebSite","@id":"https:\/\/vac-tron.es\/#website","url":"https:\/\/vac-tron.es\/","name":"vac-tron.es","description":"","publisher":{"@id":"https:\/\/vac-tron.es\/#organization"},"potentialAction":[{"@type":"SearchAction","target":{"@type":"EntryPoint","urlTemplate":"https:\/\/vac-tron.es\/?s={search_term_string}"},"query-input":{"@type":"PropertyValueSpecification","valueRequired":true,"valueName":"search_term_string"}}],"inLanguage":"es"},{"@type":"Organization","@id":"https:\/\/vac-tron.es\/#organization","name":"vac-tron.es","url":"https:\/\/vac-tron.es\/","logo":{"@type":"ImageObject","inLanguage":"es","@id":"https:\/\/vac-tron.es\/#\/schema\/logo\/image\/","url":"https:\/\/vac-tron.es\/wp-content\/uploads\/2025\/09\/Vac-Tron_Logotipo.svg","contentUrl":"https:\/\/vac-tron.es\/wp-content\/uploads\/2025\/09\/Vac-Tron_Logotipo.svg","width":419,"height":143,"caption":"vac-tron.es"},"image":{"@id":"https:\/\/vac-tron.es\/#\/schema\/logo\/image\/"},"sameAs":["https:\/\/www.linkedin.com\/company\/vac-tron-s-a\/"]},{"@type":"Person","@id":"https:\/\/vac-tron.es\/#\/schema\/person\/de3c261a37db1da9793be866bf2f190c","name":"Daniela Lucio","image":{"@type":"ImageObject","inLanguage":"es","@id":"https:\/\/secure.gravatar.com\/avatar\/9048ef25654027393795e27a611b43d9d917824efa37793b1df4a77e7bc164da?s=96&d=mm&r=g","url":"https:\/\/secure.gravatar.com\/avatar\/9048ef25654027393795e27a611b43d9d917824efa37793b1df4a77e7bc164da?s=96&d=mm&r=g","contentUrl":"https:\/\/secure.gravatar.com\/avatar\/9048ef25654027393795e27a611b43d9d917824efa37793b1df4a77e7bc164da?s=96&d=mm&r=g","caption":"Daniela Lucio"}}]}},"_links":{"self":[{"href":"https:\/\/vac-tron.es\/es\/wp-json\/wp\/v2\/pages\/820","targetHints":{"allow":["GET"]}}],"collection":[{"href":"https:\/\/vac-tron.es\/es\/wp-json\/wp\/v2\/pages"}],"about":[{"href":"https:\/\/vac-tron.es\/es\/wp-json\/wp\/v2\/types\/page"}],"author":[{"embeddable":true,"href":"https:\/\/vac-tron.es\/es\/wp-json\/wp\/v2\/users\/3"}],"replies":[{"embeddable":true,"href":"https:\/\/vac-tron.es\/es\/wp-json\/wp\/v2\/comments?post=820"}],"version-history":[{"count":33,"href":"https:\/\/vac-tron.es\/es\/wp-json\/wp\/v2\/pages\/820\/revisions"}],"predecessor-version":[{"id":1561,"href":"https:\/\/vac-tron.es\/es\/wp-json\/wp\/v2\/pages\/820\/revisions\/1561"}],"wp:attachment":[{"href":"https:\/\/vac-tron.es\/es\/wp-json\/wp\/v2\/media?parent=820"}],"curies":[{"name":"wp","href":"https:\/\/api.w.org\/{rel}","templated":true}]}}