{"id":3,"date":"2025-09-23T11:14:55","date_gmt":"2025-09-23T11:14:55","guid":{"rendered":"http:\/\/vac-tron.es\/?page_id=3"},"modified":"2026-03-09T10:09:03","modified_gmt":"2026-03-09T10:09:03","slug":"politica-de-privacidad","status":"publish","type":"page","link":"https:\/\/vac-tron.es\/es\/politica-de-privacidad\/","title":{"rendered":"Pol\u00edtica de privacidad"},"content":{"rendered":"<div data-elementor-type=\"wp-page\" data-elementor-id=\"3\" class=\"elementor elementor-3\" data-elementor-post-type=\"page\">\n\t\t\t\t<div class=\"elementor-element elementor-element-313d858 e-flex e-con-boxed e-con e-parent\" data-id=\"313d858\" data-element_type=\"container\" data-e-type=\"container\">\n\t\t\t\t\t<div class=\"e-con-inner\">\n\t\t\t\t<div class=\"elementor-element elementor-element-b3256bd elementor-widget elementor-widget-heading\" data-id=\"b3256bd\" data-element_type=\"widget\" data-e-type=\"widget\" data-widget_type=\"heading.default\">\n\t\t\t\t\t<h1 class=\"elementor-heading-title elementor-size-default\">Pol\u00edtica de privacidad<\/h1>\t\t\t\t<\/div>\n\t\t\t\t\t<\/div>\n\t\t\t\t<\/div>\n\t\t<div class=\"elementor-element elementor-element-fdf3968 e-flex e-con-boxed e-con e-parent\" data-id=\"fdf3968\" data-element_type=\"container\" data-e-type=\"container\">\n\t\t\t\t\t<div class=\"e-con-inner\">\n\t\t\t\t<div class=\"elementor-element elementor-element-2acfe38 elementor-widget elementor-widget-text-editor\" data-id=\"2acfe38\" data-element_type=\"widget\" data-e-type=\"widget\" data-widget_type=\"text-editor.default\">\n\t\t\t\t\t\t\t\t\t<p>Por favor, tenga en cuenta que su acceso y uso de la informaci\u00f3n contenida en este sitio web, WWW.VAC-TRON.ES (\u201cSitio Web\u201d), manifiesta su consentimiento y acuerdo con los t\u00e9rminos y condiciones aqu\u00ed contenidos. En caso de no estar de acuerdo, no deber\u00e1 utilizar este Sitio Web. Vac-tron, S.A (\u201cVac-tron\u201d) se reserva el derecho unilateral de revisar estos t\u00e9rminos y condiciones de vez en cuando sin previo aviso mediante la actualizaci\u00f3n de esta secci\u00f3n.<\/p>\n<p>Todo el contenido de este Sitio Web, tanto las im\u00e1genes como el texto, est\u00e1 protegido por derechos de autor y no puede ser distribuido, descargado, modificado, reenviado o utilizado de cualquier otro modo para cualquier fin, salvo que se disponga lo contrario en el presente documento, sin el consentimiento expreso por escrito de Vac-tron, que podr\u00e1 concederse o denegarse por cualquier motivo. El contenido de este Sitio Web s\u00f3lo puede descargarse o utilizarse para uso personal y no comercial.<\/p>\n<p>\u201cVac-tron\u201d, VAC-TRON (LOGO) y\/u otros nombres o productos Vac-tron a los que se hace referencia en el presente documento son nombres comerciales, marcas registradas y\/o marcas de servicio de Vac-tron, S.A. o de sus filiales y empresas asociadas (\u201cMarcas Vac-tron\u201d) y est\u00e1n registradas en Espa\u00f1a. Las Marcas Vac-tron s\u00f3lo pueden utilizarse bajo licencia. Cualquier otro uso es un uso no autorizado y est\u00e1 prohibido. Otros nombres de productos o empresas mencionados en este documento pueden ser nombres comerciales, marcas registradas o marcas de servicio de sus respectivos propietarios.<\/p>\n<p>En este Sitio Web puede haber enlaces que le permitir\u00e1n salir de este Sitio Web. Los sitios enlazados pueden no estar bajo el control de Vac-tron, y Vac-tron no ser\u00e1 responsable del contenido de ninguno de los sitios enlazados ni de los enlaces que pueda contener un sitio enlazado. Vac-tron proporciona estos enlaces \u00fanicamente para su comodidad y la inclusi\u00f3n de cualquier enlace en este Sitio Web no implica la aprobaci\u00f3n, afiliaci\u00f3n o patrocinio por parte de Vac-tron de dicho sitio. Si decide visitar un sitio enlazado, lo har\u00e1 bajo su propia responsabilidad.<\/p>\n<p>Vac-tron ha realizado todos los esfuerzos razonables para incluir contenidos precisos y actualizados en este Sitio Web. Toda la informaci\u00f3n sobre productos contenida en este Sitio Web, incluyendo, sin limitaciones, ilustraciones, especificaciones y dimensiones, as\u00ed como referencias a productos fabricados por empresas distintas de Vac-tron, se considera fiable en la fecha de carga del contenido en este Sitio Web. Vac-tron no ofrece ninguna garant\u00eda o representaci\u00f3n de ning\u00fan tipo en cuanto a la exactitud del contenido de este Sitio Web. El contenido del Sitio Web puede contener imprecisiones t\u00e9cnicas, errores tipogr\u00e1ficos y puede ser modificado o actualizado sin previo aviso. Vac-tron tambi\u00e9n puede realizar mejoras y\/o cambios en los productos y\/o en los programas descritos en el contenido en cualquier momento y sin previo aviso.<\/p>\n<p>Por lo tanto, usted acepta que todo acceso y uso de este Sitio Web y su contenido es estrictamente por su cuenta y riesgo. Ni Vac-tron ni ninguna de las partes implicadas en la creaci\u00f3n, producci\u00f3n o entrega de este Sitio Web ser\u00e1n responsables de ning\u00fan da\u00f1o directo, incidental, consecuente, indirecto o punitivo derivado de su acceso, uso o imposibilidad de acceso o uso de este Sitio Web o de cualquier error u omisi\u00f3n en su contenido, incluso si Vac-tron ha sido advertido con antelaci\u00f3n de la posibilidad de tales da\u00f1os.<\/p>\n<p>Vac-tron no considerar\u00e1 confidencial ninguna informaci\u00f3n enviada a Vac-tron a trav\u00e9s de este Sitio web o por correo electr\u00f3nico, independientemente de las marcas o leyendas que indiquen lo contrario. Al enviar cualquier informaci\u00f3n o material a Vac-tron, usted concede a Vac-tron una licencia mundial libre de regal\u00edas, perpetua, no exclusiva y sin restricciones para utilizar, copiar, sublicenciar, adaptar, transmitir, retransmitir, distribuir y\/o ejecutar o mostrar p\u00fablicamente cualquier comunicaci\u00f3n, as\u00ed como para sublicenciar a terceros el derecho ilimitado a ejercer cualquiera de los derechos anteriores concedidos con respecto a dicha comunicaci\u00f3n. Tambi\u00e9n acepta que Vac-tron es libre de utilizar cualquier idea, concepto, know how o t\u00e9cnica contenida en dicha informaci\u00f3n o material para cualquier prop\u00f3sito. Las concesiones anteriores incluir\u00e1n el derecho a explotar todos los derechos de dicha comunicaci\u00f3n, incluidos, entre otros, los derechos de autor, marca comercial, marca de servicio, leyes de patentes u otras leyes de propiedad intelectual, incluido el derecho de publicidad, en cualquier jurisdicci\u00f3n pertinente.<\/p>\n<p>Sin embargo, a pesar de lo anterior, Vac-tron no divulgar\u00e1 su nombre ni har\u00e1 p\u00fablico de ning\u00fan otro modo el hecho de que usted envi\u00f3 informaci\u00f3n o material a Vac-tron a menos que: a) le pidamos permiso para utilizar su nombre o estemos obligados a hacerlo por ley.<\/p>\n<p>Sin perjuicio de lo anterior, todo lo contenido en este sitio web, incluidos otros sitios web enlazados, se le proporciona \u201cTAL CUAL\u201d SIN GARANT\u00cdA DE NING\u00daN TIPO, YA SEA EXPRESA O IMPL\u00cdCITA, INCLUIDAS, ENTRE OTRAS, LAS SIGUIENTES, LAS GARANT\u00cdAS IMPL\u00cdCITAS DE COMERCIABILIDAD, IDONEIDAD PARA UN FIN DETERMINADO O NO INFRACCI\u00d3N DE LA PROPIEDAD INTELECTUAL, INCLUSO EN EL CASO DE QUE VAC-TRON HAYA SIDO ADVERTIDO CON ANTELACI\u00d3N DE LA POSIBILIDAD DE QUE SE PRODUZCAN DICHOS DA\u00d1OS. ADEMAS, VAC-TRON NO GARANTIZA QUE LAS FUNCIONES CONTENIDAS EN ESTA PAGINA WEB SEAN ININTERRUMPIDAS O ESTEN LIBRES DE ERRORES, QUE LOS DEFECTOS SEAN CORREGIDOS O QUE ESTA PAGINA WEB, INCLUIDO EL SERVIDOR QUE LA PONE A DISPOSICION, ESTE LIBRE DE VIRUS U OTROS COMPONENTES DANINOS. ESTA EXENCI\u00d3N DE RESPONSABILIDAD SE APLICA A CUALQUIER DA\u00d1O O PERJUICIO CAUSADO POR CUALQUIER FALLO DE FUNCIONAMIENTO, ERROR, OMISI\u00d3N, INTERRUPCI\u00d3N, SUPRESI\u00d3N, DEFECTO, RETRASO EN EL FUNCIONAMIENTO O EN LA TRANSMISI\u00d3N. VIRUS INFORM\u00c1TICOS, FALLOS EN LAS L\u00cdNEAS DE COMUNICACI\u00d3N, ROBO O DESTRUCCI\u00d3N O ACCESO NO AUTORIZADO, ALTERACI\u00d3N O USO DEL REGISTRO, YA SEA POR INCUMPLIMIENTO DE CONTRATO, COMPORTAMIENTO IL\u00cdCITO, NEGLIGENCIA O EN VIRTUD DE CUALQUIER OTRA CAUSA DE ACCI\u00d3N.<\/p>\n<p>Se recomienda que pruebe y eval\u00fae de forma independiente los productos con respecto a su uso de los mismos.<br \/>El presente Acuerdo se regir\u00e1 e interpretar\u00e1 de conformidad con las leyes de la regi\u00f3n de Catalu\u00f1a, sin tener en cuenta sus conflictos de disposiciones legales. Si alguna de las disposiciones del presente Acuerdo fuera ilegal, nula o inaplicable por cualquier motivo, dicha disposici\u00f3n se considerar\u00e1 separable del presente Acuerdo y no afectar\u00e1 a la validez y aplicabilidad de las disposiciones restantes.<\/p>\n<p>Las notificaciones de cualquier presunta infracci\u00f3n de los derechos de autor deben enviarse a: Vac-tron, S.A., C\/Juan de la Cierva 6, 08420 Canovelles, Barcelona, Espa\u00f1a.<\/p>\n<p>El presente Acuerdo constituye la totalidad del mismo y estar\u00e1 vigente hasta su rescisi\u00f3n por parte de Vac-tron en cualquier momento y por cualquier motivo sin previo aviso. En caso de rescisi\u00f3n, ya no estar\u00e1 autorizado a acceder a este sitio y las restricciones impuestas con respecto al material descargado de este sitio, las exenciones de responsabilidad y las limitaciones de responsabilidad establecidas en el presente Acuerdo seguir\u00e1n vigentes tras dicha rescisi\u00f3n.<\/p>\t\t\t\t\t\t\t\t<\/div>\n\t\t\t\t\t<\/div>\n\t\t\t\t<\/div>\n\t\t\t\t<\/div>","protected":false},"excerpt":{"rendered":"<p>Please note that your access and use of the information contained in this website, WWW.VAC-TRON.ES (\u201cWebsite\u201d), manifests your consent to and agreement with the terms and conditions herein contained. In the event that you do not agree, you should not use this Website. Vac-tron, S.A (\u201cVac-tron\u201d) reserves the unilateral right to revise these terms and [&hellip;]<\/p>\n","protected":false},"author":1,"featured_media":0,"parent":0,"menu_order":0,"comment_status":"closed","ping_status":"open","template":"elementor_header_footer","meta":{"_acf_changed":false,"_joinchat":[],"footnotes":""},"class_list":["post-3","page","type-page","status-publish","hentry"],"acf":[],"yoast_head":"<!-- This site is optimized with the Yoast SEO plugin v26.9 - https:\/\/yoast.com\/product\/yoast-seo-wordpress\/ -->\n<title>Privacy Policy - vac-tron.es<\/title>\n<meta name=\"description\" content=\"Privacy Policy outlining how Vac-Tron collects, processes and protects personal data in compliance with data protection regulations and privacy standards\" \/>\n<meta name=\"robots\" content=\"index, follow, max-snippet:-1, max-image-preview:large, max-video-preview:-1\" \/>\n<link rel=\"canonical\" href=\"https:\/\/vac-tron.es\/es\/politica-de-privacidad\/\" \/>\n<meta property=\"og:locale\" content=\"es_ES\" \/>\n<meta property=\"og:type\" content=\"article\" \/>\n<meta property=\"og:title\" content=\"Privacy Policy - vac-tron.es\" \/>\n<meta property=\"og:description\" content=\"Privacy Policy outlining how Vac-Tron collects, processes and protects personal data in compliance with data protection regulations and privacy standards\" \/>\n<meta property=\"og:url\" content=\"https:\/\/vac-tron.es\/es\/politica-de-privacidad\/\" \/>\n<meta property=\"og:site_name\" content=\"vac-tron.es\" \/>\n<meta property=\"article:modified_time\" content=\"2026-03-09T10:09:03+00:00\" \/>\n<meta name=\"twitter:card\" content=\"summary_large_image\" \/>\n<meta name=\"twitter:label1\" content=\"Tiempo de lectura\" \/>\n\t<meta name=\"twitter:data1\" content=\"5 minutos\" \/>\n<script type=\"application\/ld+json\" class=\"yoast-schema-graph\">{\"@context\":\"https:\/\/schema.org\",\"@graph\":[{\"@type\":\"WebPage\",\"@id\":\"https:\/\/vac-tron.es\/privacy-policy\/\",\"url\":\"https:\/\/vac-tron.es\/privacy-policy\/\",\"name\":\"Privacy Policy - vac-tron.es\",\"isPartOf\":{\"@id\":\"https:\/\/vac-tron.es\/#website\"},\"datePublished\":\"2025-09-23T11:14:55+00:00\",\"dateModified\":\"2026-03-09T10:09:03+00:00\",\"description\":\"Privacy Policy outlining how Vac-Tron collects, processes and protects personal data in compliance with data protection regulations and privacy standards\",\"breadcrumb\":{\"@id\":\"https:\/\/vac-tron.es\/privacy-policy\/#breadcrumb\"},\"inLanguage\":\"es\",\"potentialAction\":[{\"@type\":\"ReadAction\",\"target\":[\"https:\/\/vac-tron.es\/privacy-policy\/\"]}]},{\"@type\":\"BreadcrumbList\",\"@id\":\"https:\/\/vac-tron.es\/privacy-policy\/#breadcrumb\",\"itemListElement\":[{\"@type\":\"ListItem\",\"position\":1,\"name\":\"Home\",\"item\":\"https:\/\/vac-tron.es\/\"},{\"@type\":\"ListItem\",\"position\":2,\"name\":\"Privacy Policy\"}]},{\"@type\":\"WebSite\",\"@id\":\"https:\/\/vac-tron.es\/#website\",\"url\":\"https:\/\/vac-tron.es\/\",\"name\":\"vac-tron.es\",\"description\":\"\",\"publisher\":{\"@id\":\"https:\/\/vac-tron.es\/#organization\"},\"potentialAction\":[{\"@type\":\"SearchAction\",\"target\":{\"@type\":\"EntryPoint\",\"urlTemplate\":\"https:\/\/vac-tron.es\/?s={search_term_string}\"},\"query-input\":{\"@type\":\"PropertyValueSpecification\",\"valueRequired\":true,\"valueName\":\"search_term_string\"}}],\"inLanguage\":\"es\"},{\"@type\":\"Organization\",\"@id\":\"https:\/\/vac-tron.es\/#organization\",\"name\":\"vac-tron.es\",\"url\":\"https:\/\/vac-tron.es\/\",\"logo\":{\"@type\":\"ImageObject\",\"inLanguage\":\"es\",\"@id\":\"https:\/\/vac-tron.es\/#\/schema\/logo\/image\/\",\"url\":\"https:\/\/vac-tron.es\/wp-content\/uploads\/2025\/09\/Vac-Tron_Logotipo.svg\",\"contentUrl\":\"https:\/\/vac-tron.es\/wp-content\/uploads\/2025\/09\/Vac-Tron_Logotipo.svg\",\"width\":419,\"height\":143,\"caption\":\"vac-tron.es\"},\"image\":{\"@id\":\"https:\/\/vac-tron.es\/#\/schema\/logo\/image\/\"},\"sameAs\":[\"https:\/\/www.linkedin.com\/company\/vac-tron-s-a\/\"]}]}<\/script>\n<!-- \/ Yoast SEO plugin. -->","yoast_head_json":{"title":"Pol\u00edtica de privacidad - vac-tron.es","description":"Pol\u00edtica de privacidad en la que se describe c\u00f3mo Vac-Tron recopila, procesa y protege los datos personales de conformidad con la normativa de protecci\u00f3n de datos y las normas de privacidad.","robots":{"index":"index","follow":"follow","max-snippet":"max-snippet:-1","max-image-preview":"max-image-preview:large","max-video-preview":"max-video-preview:-1"},"canonical":"https:\/\/vac-tron.es\/es\/politica-de-privacidad\/","og_locale":"es_ES","og_type":"article","og_title":"Privacy Policy - vac-tron.es","og_description":"Privacy Policy outlining how Vac-Tron collects, processes and protects personal data in compliance with data protection regulations and privacy standards","og_url":"https:\/\/vac-tron.es\/es\/politica-de-privacidad\/","og_site_name":"vac-tron.es","article_modified_time":"2026-03-09T10:09:03+00:00","twitter_card":"summary_large_image","twitter_misc":{"Tiempo de lectura":"5 minutos"},"schema":{"@context":"https:\/\/schema.org","@graph":[{"@type":"WebPage","@id":"https:\/\/vac-tron.es\/privacy-policy\/","url":"https:\/\/vac-tron.es\/privacy-policy\/","name":"Pol\u00edtica de privacidad - vac-tron.es","isPartOf":{"@id":"https:\/\/vac-tron.es\/#website"},"datePublished":"2025-09-23T11:14:55+00:00","dateModified":"2026-03-09T10:09:03+00:00","description":"Pol\u00edtica de privacidad en la que se describe c\u00f3mo Vac-Tron recopila, procesa y protege los datos personales de conformidad con la normativa de protecci\u00f3n de datos y las normas de privacidad.","breadcrumb":{"@id":"https:\/\/vac-tron.es\/privacy-policy\/#breadcrumb"},"inLanguage":"es","potentialAction":[{"@type":"ReadAction","target":["https:\/\/vac-tron.es\/privacy-policy\/"]}]},{"@type":"BreadcrumbList","@id":"https:\/\/vac-tron.es\/privacy-policy\/#breadcrumb","itemListElement":[{"@type":"ListItem","position":1,"name":"Home","item":"https:\/\/vac-tron.es\/"},{"@type":"ListItem","position":2,"name":"Privacy Policy"}]},{"@type":"WebSite","@id":"https:\/\/vac-tron.es\/#website","url":"https:\/\/vac-tron.es\/","name":"vac-tron.es","description":"","publisher":{"@id":"https:\/\/vac-tron.es\/#organization"},"potentialAction":[{"@type":"SearchAction","target":{"@type":"EntryPoint","urlTemplate":"https:\/\/vac-tron.es\/?s={search_term_string}"},"query-input":{"@type":"PropertyValueSpecification","valueRequired":true,"valueName":"search_term_string"}}],"inLanguage":"es"},{"@type":"Organization","@id":"https:\/\/vac-tron.es\/#organization","name":"vac-tron.es","url":"https:\/\/vac-tron.es\/","logo":{"@type":"ImageObject","inLanguage":"es","@id":"https:\/\/vac-tron.es\/#\/schema\/logo\/image\/","url":"https:\/\/vac-tron.es\/wp-content\/uploads\/2025\/09\/Vac-Tron_Logotipo.svg","contentUrl":"https:\/\/vac-tron.es\/wp-content\/uploads\/2025\/09\/Vac-Tron_Logotipo.svg","width":419,"height":143,"caption":"vac-tron.es"},"image":{"@id":"https:\/\/vac-tron.es\/#\/schema\/logo\/image\/"},"sameAs":["https:\/\/www.linkedin.com\/company\/vac-tron-s-a\/"]}]}},"_links":{"self":[{"href":"https:\/\/vac-tron.es\/es\/wp-json\/wp\/v2\/pages\/3","targetHints":{"allow":["GET"]}}],"collection":[{"href":"https:\/\/vac-tron.es\/es\/wp-json\/wp\/v2\/pages"}],"about":[{"href":"https:\/\/vac-tron.es\/es\/wp-json\/wp\/v2\/types\/page"}],"author":[{"embeddable":true,"href":"https:\/\/vac-tron.es\/es\/wp-json\/wp\/v2\/users\/1"}],"replies":[{"embeddable":true,"href":"https:\/\/vac-tron.es\/es\/wp-json\/wp\/v2\/comments?post=3"}],"version-history":[{"count":10,"href":"https:\/\/vac-tron.es\/es\/wp-json\/wp\/v2\/pages\/3\/revisions"}],"predecessor-version":[{"id":1432,"href":"https:\/\/vac-tron.es\/es\/wp-json\/wp\/v2\/pages\/3\/revisions\/1432"}],"wp:attachment":[{"href":"https:\/\/vac-tron.es\/es\/wp-json\/wp\/v2\/media?parent=3"}],"curies":[{"name":"wp","href":"https:\/\/api.w.org\/{rel}","templated":true}]}}