{"id":1040,"date":"2026-01-26T11:38:05","date_gmt":"2026-01-26T11:38:05","guid":{"rendered":"https:\/\/vac-tron.es\/?page_id=1040"},"modified":"2026-02-06T13:22:29","modified_gmt":"2026-02-06T13:22:29","slug":"politica-de-cookies","status":"publish","type":"page","link":"https:\/\/vac-tron.es\/es\/cookie-policy\/","title":{"rendered":"Pol\u00edtica de cookies"},"content":{"rendered":"<div data-elementor-type=\"wp-page\" data-elementor-id=\"1040\" class=\"elementor elementor-1040\" data-elementor-post-type=\"page\">\n\t\t\t\t<div class=\"elementor-element elementor-element-a427763 e-flex e-con-boxed e-con e-parent\" data-id=\"a427763\" data-element_type=\"container\" data-e-type=\"container\">\n\t\t\t\t\t<div class=\"e-con-inner\">\n\t\t\t\t<div class=\"elementor-element elementor-element-a9ebe38 elementor-widget elementor-widget-heading\" data-id=\"a9ebe38\" data-element_type=\"widget\" data-e-type=\"widget\" data-widget_type=\"heading.default\">\n\t\t\t\t\t<h2 class=\"elementor-heading-title elementor-size-default\">Pol\u00edtica de cookies<\/h2>\t\t\t\t<\/div>\n\t\t\t\t\t<\/div>\n\t\t\t\t<\/div>\n\t\t<div class=\"elementor-element elementor-element-5158d794 e-flex e-con-boxed e-con e-parent\" data-id=\"5158d794\" data-element_type=\"container\" data-e-type=\"container\">\n\t\t\t\t\t<div class=\"e-con-inner\">\n\t\t\t\t<div class=\"elementor-element elementor-element-22c9e1d3 elementor-widget elementor-widget-text-editor\" data-id=\"22c9e1d3\" data-element_type=\"widget\" data-e-type=\"widget\" data-widget_type=\"text-editor.default\">\n\t\t\t\t\t\t\t\t\t\n<p>De conformidad con el Reglamento (UE) 2016\/679 (GDPR), la Ley Org\u00e1nica 3\/2018 (LOPDGDD) y la Ley 34\/2002 de Servicios de la Sociedad de la Informaci\u00f3n y de Comercio Electr\u00f3nico (LSSI-CE), VAC-TRON, S.A. informa a los usuarios sobre el uso de cookies en su sitio web.<\/p>\n\n<p><strong>Propietario del sitio web:<\/strong><strong><br \/><\/strong>VAC-TRON, S.A.<br \/>N\u00famero de identificaci\u00f3n fiscal (CIF): A58006677<br \/>Domicilio social: Juan de la Cierva, 6 G-H, Pol. Ind. \u201cCan Castells\u201d, 08420 Canovelles (Barcelona), Espa\u00f1a<\/p>\n\n<p class=\"wp-block-heading\"><strong>\u00bfQu\u00e9 son las cookies?<\/strong><\/p>\n\n<p>Las cookies son peque\u00f1os archivos de texto que se descargan en el dispositivo del usuario al acceder a determinados sitios web. Permiten a un sitio web, entre otras cosas, almacenar y recuperar informaci\u00f3n sobre los h\u00e1bitos de navegaci\u00f3n de un usuario o de su dispositivo y, dependiendo de la informaci\u00f3n que contengan y de c\u00f3mo se utilice el dispositivo, pueden utilizarse para reconocer al usuario.<\/p>\n\n<p class=\"wp-block-heading\"><strong>Tipos de cookies utilizadas en este sitio web<\/strong><\/p>\n\n<p>Este sitio web utiliza los siguientes tipos de cookies:<\/p>\n\n<p><strong>Cookies t\u00e9cnicas o necesarias<\/strong><strong><br \/><\/strong>Estas cookies permiten al usuario la navegaci\u00f3n a trav\u00e9s de la p\u00e1gina web y la utilizaci\u00f3n de las diferentes opciones o servicios que en ella existen como, por ejemplo, controlar el tr\u00e1fico y la comunicaci\u00f3n de datos, identificar la sesi\u00f3n o acceder a partes de acceso restringido.<\/p>\n\n<p><strong>Cookies anal\u00edticas<\/strong><strong><br \/><\/strong>Estas cookies permiten el seguimiento y an\u00e1lisis del comportamiento de los usuarios en el sitio web con el fin de introducir mejoras en funci\u00f3n del an\u00e1lisis de los datos de uso, por ejemplo las cookies de Google Analytics o herramientas similares.<\/p>\n\n<p><strong>Cookies de personalizaci\u00f3n (si procede)<\/strong><strong><br \/><\/strong>Estas cookies permiten recordar informaci\u00f3n para que los usuarios puedan acceder al servicio con ciertas caracter\u00edsticas que pueden diferenciar su experiencia, como el idioma o el tipo de navegador.<\/p>\n\n<p><strong>Cookies de terceros<\/strong><strong><br \/><\/strong>Este sitio web puede utilizar servicios de terceros que recopilaran informaci\u00f3n con fines estad\u00edsticos y\/o para la prestacion de otros servicios relacionados con la actividad del sitio web.<\/p>\n\n<p class=\"wp-block-heading\"><strong>Base jur\u00eddica para el uso de cookies<\/strong><\/p>\n\n<p>La base jur\u00eddica para el uso de cookies t\u00e9cnicas es el inter\u00e9s leg\u00edtimo del propietario del sitio web.<br \/>La base legal para el uso de cookies no esenciales es el consentimiento del usuario, que se solicita a trav\u00e9s del banner de cookies o del panel de configuraci\u00f3n.<\/p>\n\n<p class=\"wp-block-heading\"><strong>C\u00f3mo gestionar o desactivar las cookies<\/strong><\/p>\n\n<p>El usuario puede permitir, bloquear o eliminar las cookies instaladas en su equipo mediante la configuraci\u00f3n de las opciones del navegador instalado en su dispositivo. A continuaci\u00f3n se indican los principales navegadores:<\/p>\n\n<ul class=\"wp-block-list\">\n<li>Google Chrome<\/li>\n\n<li>Mozilla Firefox<\/li>\n\n<li>Safari<\/li>\n\n<li>Microsoft Edge<\/li>\n<\/ul>\n\n<p>La desactivaci\u00f3n de las cookies puede afectar al correcto funcionamiento del sitio web.<\/p>\n\n<p class=\"wp-block-heading\"><strong>Actualizaciones de la pol\u00edtica de cookies<\/strong><\/p>\n\n<p>VAC-TRON, S.A. se reserva el derecho a modificar la presente Pol\u00edtica de Cookies en funci\u00f3n de nuevas exigencias legislativas, reglamentarias, o con la finalidad de adaptar dicha pol\u00edtica a las instrucciones dictadas por la Agencia Espa\u00f1ola de Protecci\u00f3n de Datos.<\/p>\n\n<p>Se aconseja a los usuarios que revisen esta pol\u00edtica peri\u00f3dicamente.<\/p>\n\n<p class=\"wp-block-heading\"><strong>Contacto<\/strong><\/p>\n\n<p>Para cualquier duda relacionada con el uso de cookies en este sitio web, los usuarios pueden ponerse en contacto con VAC-TRON, S.A. a trav\u00e9s de los canales de contacto disponibles en el sitio web.<\/p>\n\t\t\t\t\t\t\t\t<\/div>\n\t\t\t\t\t<\/div>\n\t\t\t\t<\/div>\n\t\t\t\t<\/div>","protected":false},"excerpt":{"rendered":"<p>In accordance with Regulation (EU) 2016\/679 (GDPR), Organic Law 3\/2018 (LOPDGDD) and Law 34\/2002 on Information Society Services and Electronic Commerce (LSSI-CE), VAC-TRON, S.A. hereby informs users about the use of cookies on its website. Website owner:VAC-TRON, S.A.Tax ID (CIF): A58006677Registered office: Juan de la Cierva, 6 G-H, Pol. Ind. \u201cCan Castells\u201d, 08420 Canovelles (Barcelona), [&hellip;]<\/p>\n","protected":false},"author":3,"featured_media":0,"parent":0,"menu_order":0,"comment_status":"closed","ping_status":"closed","template":"elementor_header_footer","meta":{"_acf_changed":false,"_joinchat":[],"footnotes":""},"class_list":["post-1040","page","type-page","status-publish","hentry"],"acf":[],"yoast_head":"<!-- This site is optimized with the Yoast SEO plugin v27.3 - https:\/\/yoast.com\/product\/yoast-seo-wordpress\/ -->\n<title>Cookie Policy - vac-tron.es<\/title>\n<meta name=\"robots\" content=\"index, follow, max-snippet:-1, max-image-preview:large, max-video-preview:-1\" \/>\n<link rel=\"canonical\" href=\"https:\/\/vac-tron.es\/es\/politica-de-cookies\/\" \/>\n<meta property=\"og:locale\" content=\"es_ES\" \/>\n<meta property=\"og:type\" content=\"article\" \/>\n<meta property=\"og:title\" content=\"Cookie Policy - vac-tron.es\" \/>\n<meta property=\"og:description\" content=\"In accordance with Regulation (EU) 2016\/679 (GDPR), Organic Law 3\/2018 (LOPDGDD) and Law 34\/2002 on Information Society Services and Electronic Commerce (LSSI-CE), VAC-TRON, S.A. hereby informs users about the use of cookies on its website. Website owner:VAC-TRON, S.A.Tax ID (CIF): A58006677Registered office: Juan de la Cierva, 6 G-H, Pol. Ind. \u201cCan Castells\u201d, 08420 Canovelles (Barcelona), [&hellip;]\" \/>\n<meta property=\"og:url\" content=\"https:\/\/vac-tron.es\/es\/politica-de-cookies\/\" \/>\n<meta property=\"og:site_name\" content=\"vac-tron.es\" \/>\n<meta property=\"article:modified_time\" content=\"2026-02-06T13:22:29+00:00\" \/>\n<meta name=\"twitter:card\" content=\"summary_large_image\" \/>\n<meta name=\"twitter:label1\" content=\"Tiempo de lectura\" \/>\n\t<meta name=\"twitter:data1\" content=\"2 minutos\" \/>\n<script type=\"application\/ld+json\" class=\"yoast-schema-graph\">{\"@context\":\"https:\\\/\\\/schema.org\",\"@graph\":[{\"@type\":\"WebPage\",\"@id\":\"https:\\\/\\\/vac-tron.es\\\/cookie-policy\\\/\",\"url\":\"https:\\\/\\\/vac-tron.es\\\/cookie-policy\\\/\",\"name\":\"Cookie Policy - vac-tron.es\",\"isPartOf\":{\"@id\":\"https:\\\/\\\/vac-tron.es\\\/#website\"},\"datePublished\":\"2026-01-26T11:38:05+00:00\",\"dateModified\":\"2026-02-06T13:22:29+00:00\",\"breadcrumb\":{\"@id\":\"https:\\\/\\\/vac-tron.es\\\/cookie-policy\\\/#breadcrumb\"},\"inLanguage\":\"es\",\"potentialAction\":[{\"@type\":\"ReadAction\",\"target\":[\"https:\\\/\\\/vac-tron.es\\\/cookie-policy\\\/\"]}]},{\"@type\":\"BreadcrumbList\",\"@id\":\"https:\\\/\\\/vac-tron.es\\\/cookie-policy\\\/#breadcrumb\",\"itemListElement\":[{\"@type\":\"ListItem\",\"position\":1,\"name\":\"Home\",\"item\":\"https:\\\/\\\/vac-tron.es\\\/\"},{\"@type\":\"ListItem\",\"position\":2,\"name\":\"Cookie Policy\"}]},{\"@type\":\"WebSite\",\"@id\":\"https:\\\/\\\/vac-tron.es\\\/#website\",\"url\":\"https:\\\/\\\/vac-tron.es\\\/\",\"name\":\"vac-tron.es\",\"description\":\"\",\"publisher\":{\"@id\":\"https:\\\/\\\/vac-tron.es\\\/#organization\"},\"potentialAction\":[{\"@type\":\"SearchAction\",\"target\":{\"@type\":\"EntryPoint\",\"urlTemplate\":\"https:\\\/\\\/vac-tron.es\\\/?s={search_term_string}\"},\"query-input\":{\"@type\":\"PropertyValueSpecification\",\"valueRequired\":true,\"valueName\":\"search_term_string\"}}],\"inLanguage\":\"es\"},{\"@type\":\"Organization\",\"@id\":\"https:\\\/\\\/vac-tron.es\\\/#organization\",\"name\":\"vac-tron.es\",\"url\":\"https:\\\/\\\/vac-tron.es\\\/\",\"logo\":{\"@type\":\"ImageObject\",\"inLanguage\":\"es\",\"@id\":\"https:\\\/\\\/vac-tron.es\\\/#\\\/schema\\\/logo\\\/image\\\/\",\"url\":\"https:\\\/\\\/vac-tron.es\\\/wp-content\\\/uploads\\\/2025\\\/09\\\/Vac-Tron_Logotipo.svg\",\"contentUrl\":\"https:\\\/\\\/vac-tron.es\\\/wp-content\\\/uploads\\\/2025\\\/09\\\/Vac-Tron_Logotipo.svg\",\"width\":419,\"height\":143,\"caption\":\"vac-tron.es\"},\"image\":{\"@id\":\"https:\\\/\\\/vac-tron.es\\\/#\\\/schema\\\/logo\\\/image\\\/\"},\"sameAs\":[\"https:\\\/\\\/www.linkedin.com\\\/company\\\/vac-tron-s-a\\\/\"]}]}<\/script>\n<!-- \/ Yoast SEO plugin. -->","yoast_head_json":{"title":"Pol\u00edtica de cookies - vac-tron.es","robots":{"index":"index","follow":"follow","max-snippet":"max-snippet:-1","max-image-preview":"max-image-preview:large","max-video-preview":"max-video-preview:-1"},"canonical":"https:\/\/vac-tron.es\/es\/politica-de-cookies\/","og_locale":"es_ES","og_type":"article","og_title":"Cookie Policy - vac-tron.es","og_description":"In accordance with Regulation (EU) 2016\/679 (GDPR), Organic Law 3\/2018 (LOPDGDD) and Law 34\/2002 on Information Society Services and Electronic Commerce (LSSI-CE), VAC-TRON, S.A. hereby informs users about the use of cookies on its website. Website owner:VAC-TRON, S.A.Tax ID (CIF): A58006677Registered office: Juan de la Cierva, 6 G-H, Pol. Ind. \u201cCan Castells\u201d, 08420 Canovelles (Barcelona), [&hellip;]","og_url":"https:\/\/vac-tron.es\/es\/politica-de-cookies\/","og_site_name":"vac-tron.es","article_modified_time":"2026-02-06T13:22:29+00:00","twitter_card":"summary_large_image","twitter_misc":{"Tiempo de lectura":"2 minutos"},"schema":{"@context":"https:\/\/schema.org","@graph":[{"@type":"WebPage","@id":"https:\/\/vac-tron.es\/cookie-policy\/","url":"https:\/\/vac-tron.es\/cookie-policy\/","name":"Pol\u00edtica de cookies - vac-tron.es","isPartOf":{"@id":"https:\/\/vac-tron.es\/#website"},"datePublished":"2026-01-26T11:38:05+00:00","dateModified":"2026-02-06T13:22:29+00:00","breadcrumb":{"@id":"https:\/\/vac-tron.es\/cookie-policy\/#breadcrumb"},"inLanguage":"es","potentialAction":[{"@type":"ReadAction","target":["https:\/\/vac-tron.es\/cookie-policy\/"]}]},{"@type":"BreadcrumbList","@id":"https:\/\/vac-tron.es\/cookie-policy\/#breadcrumb","itemListElement":[{"@type":"ListItem","position":1,"name":"Home","item":"https:\/\/vac-tron.es\/"},{"@type":"ListItem","position":2,"name":"Cookie Policy"}]},{"@type":"WebSite","@id":"https:\/\/vac-tron.es\/#website","url":"https:\/\/vac-tron.es\/","name":"vac-tron.es","description":"","publisher":{"@id":"https:\/\/vac-tron.es\/#organization"},"potentialAction":[{"@type":"SearchAction","target":{"@type":"EntryPoint","urlTemplate":"https:\/\/vac-tron.es\/?s={search_term_string}"},"query-input":{"@type":"PropertyValueSpecification","valueRequired":true,"valueName":"search_term_string"}}],"inLanguage":"es"},{"@type":"Organization","@id":"https:\/\/vac-tron.es\/#organization","name":"vac-tron.es","url":"https:\/\/vac-tron.es\/","logo":{"@type":"ImageObject","inLanguage":"es","@id":"https:\/\/vac-tron.es\/#\/schema\/logo\/image\/","url":"https:\/\/vac-tron.es\/wp-content\/uploads\/2025\/09\/Vac-Tron_Logotipo.svg","contentUrl":"https:\/\/vac-tron.es\/wp-content\/uploads\/2025\/09\/Vac-Tron_Logotipo.svg","width":419,"height":143,"caption":"vac-tron.es"},"image":{"@id":"https:\/\/vac-tron.es\/#\/schema\/logo\/image\/"},"sameAs":["https:\/\/www.linkedin.com\/company\/vac-tron-s-a\/"]}]}},"_links":{"self":[{"href":"https:\/\/vac-tron.es\/es\/wp-json\/wp\/v2\/pages\/1040","targetHints":{"allow":["GET"]}}],"collection":[{"href":"https:\/\/vac-tron.es\/es\/wp-json\/wp\/v2\/pages"}],"about":[{"href":"https:\/\/vac-tron.es\/es\/wp-json\/wp\/v2\/types\/page"}],"author":[{"embeddable":true,"href":"https:\/\/vac-tron.es\/es\/wp-json\/wp\/v2\/users\/3"}],"replies":[{"embeddable":true,"href":"https:\/\/vac-tron.es\/es\/wp-json\/wp\/v2\/comments?post=1040"}],"version-history":[{"count":4,"href":"https:\/\/vac-tron.es\/es\/wp-json\/wp\/v2\/pages\/1040\/revisions"}],"predecessor-version":[{"id":1254,"href":"https:\/\/vac-tron.es\/es\/wp-json\/wp\/v2\/pages\/1040\/revisions\/1254"}],"wp:attachment":[{"href":"https:\/\/vac-tron.es\/es\/wp-json\/wp\/v2\/media?parent=1040"}],"curies":[{"name":"wp","href":"https:\/\/api.w.org\/{rel}","templated":true}]}}