{"id":820,"date":"2026-01-12T11:36:16","date_gmt":"2026-01-12T11:36:16","guid":{"rendered":"https:\/\/vac-tron.es\/?page_id=820"},"modified":"2026-04-08T06:54:40","modified_gmt":"2026-04-08T06:54:40","slug":"faqs","status":"publish","type":"page","link":"https:\/\/vac-tron.es\/de\/faqs\/","title":{"rendered":"Faqs"},"content":{"rendered":"<div data-elementor-type=\"wp-page\" data-elementor-id=\"820\" class=\"elementor elementor-820\" data-elementor-post-type=\"page\">\n\t\t\t\t<div class=\"elementor-element elementor-element-647f1c2 e-flex e-con-boxed e-con e-parent\" data-id=\"647f1c2\" data-element_type=\"container\" data-e-type=\"container\" data-settings=\"{&quot;background_background&quot;:&quot;classic&quot;}\">\n\t\t\t\t\t<div class=\"e-con-inner\">\n\t\t\t\t<div class=\"elementor-element elementor-element-244151b elementor-widget elementor-widget-heading\" data-id=\"244151b\" data-element_type=\"widget\" data-e-type=\"widget\" data-widget_type=\"heading.default\">\n\t\t\t\t\t<h1 class=\"elementor-heading-title elementor-size-default\">H\u00e4ufig gestellte Fragen (FAQs) <br>\nVAC-TRON\n<\/h1>\t\t\t\t<\/div>\n\t\t\t\t\t<\/div>\n\t\t\t\t<\/div>\n\t\t<div class=\"elementor-element elementor-element-09351f7 e-flex e-con-boxed e-con e-parent\" data-id=\"09351f7\" data-element_type=\"container\" data-e-type=\"container\">\n\t\t\t\t\t<div class=\"e-con-inner\">\n\t\t\t\t<div class=\"elementor-element elementor-element-31c34a0 elementor-widget elementor-widget-heading\" data-id=\"31c34a0\" data-element_type=\"widget\" data-e-type=\"widget\" data-widget_type=\"heading.default\">\n\t\t\t\t\t<h2 class=\"elementor-heading-title elementor-size-default\">Wer ist Vac-tron?\n<\/h2>\t\t\t\t<\/div>\n\t\t\t\t<div class=\"elementor-element elementor-element-35d85ac elementor-widget elementor-widget-text-editor\" data-id=\"35d85ac\" data-element_type=\"widget\" data-e-type=\"widget\" data-widget_type=\"text-editor.default\">\n\t\t\t\t\t\t\t\t\t<p><span style=\"font-weight: 400;\">VAC-TRON ist ein Unternehmen, das sich auf die Herstellung von hochwertigen hermetischen Steckverbindern f\u00fcr Industrie, Luft- und Raumfahrt, wissenschaftliche Einrichtungen, \u00d6l und Gas, Verteidigung, medizinische Ger\u00e4te und Elektronikanwendungen spezialisiert hat.\u00a0<\/span><\/p>\t\t\t\t\t\t\t\t<\/div>\n\t\t\t\t<div class=\"elementor-element elementor-element-6e7d280 elementor-widget elementor-widget-heading\" data-id=\"6e7d280\" data-element_type=\"widget\" data-e-type=\"widget\" data-widget_type=\"heading.default\">\n\t\t\t\t\t<h2 class=\"elementor-heading-title elementor-size-default\">Was ist eine Glas-Metall-Dichtung (GTMS)?<br><\/h2>\t\t\t\t<\/div>\n\t\t\t\t<div class=\"elementor-element elementor-element-0a16a7b elementor-widget elementor-widget-text-editor\" data-id=\"0a16a7b\" data-element_type=\"widget\" data-e-type=\"widget\" data-widget_type=\"text-editor.default\">\n\t\t\t\t\t\t\t\t\t<p><span style=\"font-weight: 400;\">Die Glas-Metall-Dichtungstechnologie wird verwendet, um eine hermetische Verbindung zwischen Glas und Metall herzustellen, und wird h\u00e4ufig f\u00fcr hermetische Steckverbinder und Durchf\u00fchrungen verwendet.&nbsp;<\/span><\/p>\n<p><span style=\"font-weight: 400;\">Die Glas-Metall-Abdichtung ist ein spezielles Verfahren zur Verbindung zweier unterschiedlicher Materialien<\/span><span style=\"font-weight: 400;\">.&nbsp;<\/span><\/p>\t\t\t\t\t\t\t\t<\/div>\n\t\t\t\t<div class=\"elementor-element elementor-element-da1592e elementor-widget elementor-widget-heading\" data-id=\"da1592e\" data-element_type=\"widget\" data-e-type=\"widget\" data-widget_type=\"heading.default\">\n\t\t\t\t\t<h2 class=\"elementor-heading-title elementor-size-default\">Wie wird es hergestellt? \n\n\n<\/h2>\t\t\t\t<\/div>\n\t\t\t\t<div class=\"elementor-element elementor-element-704f866 elementor-widget elementor-widget-text-editor\" data-id=\"704f866\" data-element_type=\"widget\" data-e-type=\"widget\" data-widget_type=\"text-editor.default\">\n\t\t\t\t\t\t\t\t\t<p><span style=\"font-weight: 400;\">Spezialglas (in der Regel Borosilikat) wird geschmolzen und unter kontrollierten Temperaturbedingungen mit dem Metall verbunden. Beim Abk\u00fchlen verfestigt sich das Glas und bildet eine starke, hermetische Verbindung mit dem Metall. Diese Dichtung verhindert den Durchgang von Gasen und Fl\u00fcssigkeiten, selbst unter hohem Druck oder Vakuum.<\/span><\/p>\t\t\t\t\t\t\t\t<\/div>\n\t\t\t\t<div class=\"elementor-element elementor-element-0713f67 elementor-widget elementor-widget-heading\" data-id=\"0713f67\" data-element_type=\"widget\" data-e-type=\"widget\" data-widget_type=\"heading.default\">\n\t\t\t\t\t<h2 class=\"elementor-heading-title elementor-size-default\">Was ist die Funktion einer Glas-Metall-Dichtung? \n\n<\/h2>\t\t\t\t<\/div>\n\t\t\t\t<div class=\"elementor-element elementor-element-91c5af0 elementor-widget elementor-widget-text-editor\" data-id=\"91c5af0\" data-element_type=\"widget\" data-e-type=\"widget\" data-widget_type=\"text-editor.default\">\n\t\t\t\t\t\t\t\t\t<p><span style=\"font-weight: 400;\">Das geschmolzene Glas verbindet sich mit dem Metall und schafft eine porenfreie Verbindung, die gew\u00e4hrleistet, dass keine Gase oder Fl\u00fcssigkeiten austreten - ideal f\u00fcr Hochvakuum- oder Hochdruckumgebungen.<\/span><\/p><p><span style=\"font-weight: 400;\">Das Glas wirkt als dielektrischer Isolator und trennt die elektrischen Leiter vom Metallgeh\u00e4use. Auf diese Weise k\u00f6nnen elektrische Signale durch eine hermetische Barriere geleitet werden, ohne dass die Gefahr eines Kurzschlusses besteht.<\/span><\/p><p><span style=\"font-weight: 400;\">Es widersteht sehr hohen Temperaturen (in einigen F\u00e4llen bis zu 400 \u00b0C) und korrosiven Umgebungen. Im Gegensatz zu anderen Dichtungsarten (z. B. Polymeren) baut es sich im Laufe der Zeit nicht ab, was es f\u00fcr Anwendungen mit langer Lebensdauer \u00e4u\u00dferst zuverl\u00e4ssig macht.<\/span><\/p>\t\t\t\t\t\t\t\t<\/div>\n\t\t\t\t<div class=\"elementor-element elementor-element-2856b96 elementor-widget elementor-widget-heading\" data-id=\"2856b96\" data-element_type=\"widget\" data-e-type=\"widget\" data-widget_type=\"heading.default\">\n\t\t\t\t\t<h2 class=\"elementor-heading-title elementor-size-default\">Wer braucht GTMS? \n\n\n<\/h2>\t\t\t\t<\/div>\n\t\t\t\t<div class=\"elementor-element elementor-element-e69fab3 elementor-widget elementor-widget-text-editor\" data-id=\"e69fab3\" data-element_type=\"widget\" data-e-type=\"widget\" data-widget_type=\"text-editor.default\">\n\t\t\t\t\t\t\t\t\t<ul><li><span style=\"font-weight: 400;\"> Wenn Sie elektrische Signale zwischen zwei verschiedenen Atmosph\u00e4ren\/Umgebungen \u00fcbertragen m\u00fcssen.<\/span><\/li><li><span style=\"font-weight: 400;\"> Wenn Ihr elektronisches Ger\u00e4t mehr als 15 Jahre lang ohne Wartung betrieben werden muss.<\/span><\/li><li><span style=\"font-weight: 400;\"> Wenn es Temperaturschwankungen von -65\u00baC bis 300\u00baC gibt.<\/span><\/li><li><span style=\"font-weight: 400;\"> Wenn die Umgebung hohen Druck und\/oder eine korrosive Atmosph\u00e4re aufweist.<\/span><\/li><li><span style=\"font-weight: 400;\"> Wenn Sie Materialien verwenden m\u00fcssen, die keine Ausgasungen erzeugen.<\/span><\/li><\/ul>\t\t\t\t\t\t\t\t<\/div>\n\t\t\t\t<div class=\"elementor-element elementor-element-b75cd1e elementor-widget elementor-widget-heading\" data-id=\"b75cd1e\" data-element_type=\"widget\" data-e-type=\"widget\" data-widget_type=\"heading.default\">\n\t\t\t\t\t<h2 class=\"elementor-heading-title elementor-size-default\">Welche Arten von hermetischen Steckverbindern stellen Sie her?\n<\/h2>\t\t\t\t<\/div>\n\t\t\t\t<div class=\"elementor-element elementor-element-0552e75 elementor-widget elementor-widget-text-editor\" data-id=\"0552e75\" data-element_type=\"widget\" data-e-type=\"widget\" data-widget_type=\"text-editor.default\">\n\t\t\t\t\t\t\t\t\t<p><span style=\"font-weight: 400;\">Wir fertigen Einzeldurchf\u00fchrungen, Mehrfachdurchf\u00fchrungen, Relaissockel, Steckverbinder, Sensor- und Mikrosensorsockel, Filter- und Oszillatorsockel und -deckel, pyrotechnische Sockel und kundenspezifische Produkte.<\/span><\/p>\t\t\t\t\t\t\t\t<\/div>\n\t\t\t\t<div class=\"elementor-element elementor-element-a2a356c elementor-widget elementor-widget-heading\" data-id=\"a2a356c\" data-element_type=\"widget\" data-e-type=\"widget\" data-widget_type=\"heading.default\">\n\t\t\t\t\t<h2 class=\"elementor-heading-title elementor-size-default\">Welche Materialien werden zur Herstellung einer Durchf\u00fchrung verwendet? \n<\/h2>\t\t\t\t<\/div>\n\t\t\t\t<div class=\"elementor-element elementor-element-6e92961 elementor-widget elementor-widget-text-editor\" data-id=\"6e92961\" data-element_type=\"widget\" data-e-type=\"widget\" data-widget_type=\"text-editor.default\">\n\t\t\t\t\t\t\t\t\t<p><span style=\"font-weight: 400;\">Durchf\u00fchrungen werden in der Regel aus Hochleistungsmaterialien hergestellt, die Hermetizit\u00e4t, elektrische Isolierung und langfristige Zuverl\u00e4ssigkeit gew\u00e4hrleisten. Zu den g\u00e4ngigsten Materialien geh\u00f6ren:<\/span><\/p><ul><li><b>Metalle:<\/b><span style=\"font-weight: 400;\"> Edelstahl, Inconel, Kovar, Titan und andere Nickel-Eisen-Legierungen, die eine ausgezeichnete thermische Stabilit\u00e4t und Korrosionsbest\u00e4ndigkeit aufweisen.<\/span><\/li><li><b>Glas:<\/b><span style=\"font-weight: 400;\"> Spezielles Dichtungsglas, in der Regel <\/span><b>Borosilikat<\/b><span style=\"font-weight: 400;\"> oder <\/span><b>Alkali-Kalk-Glas<\/b><span style=\"font-weight: 400;\">, die zur Herstellung der hermetischen Glas-Metall-Dichtung verwendet wird.<\/span><\/li><li><b>Dirigenten:<\/b><span style=\"font-weight: 400;\"> Kupfer, vernickeltes Kupfer, vergoldete Legierungen oder andere leitf\u00e4hige Materialien je nach Strom-, Spannungs- und Umweltanforderungen.<\/span><\/li><li><b>Oberfl\u00e4chenbehandlungen:<\/b><span style=\"font-weight: 400;\"> Vergoldung, Vernickelung oder Verzinnung zur Verbesserung der Leitf\u00e4higkeit, Korrosionsbest\u00e4ndigkeit und L\u00f6tbarkeit.\u00a0<\/span><\/li><\/ul><p><span style=\"font-weight: 400;\">Diese Materialien werden auf der Grundlage der spezifischen Anwendung, der Betriebstemperatur, der erforderlichen Hermetizit\u00e4t und der Umweltbedingungen ausgew\u00e4hlt.<\/span><\/p>\t\t\t\t\t\t\t\t<\/div>\n\t\t\t\t<div class=\"elementor-element elementor-element-7e45f92 elementor-widget elementor-widget-heading\" data-id=\"7e45f92\" data-element_type=\"widget\" data-e-type=\"widget\" data-widget_type=\"heading.default\">\n\t\t\t\t\t<h2 class=\"elementor-heading-title elementor-size-default\">Was ist eine Durchleitung?  \n\n<\/h2>\t\t\t\t<\/div>\n\t\t\t\t<div class=\"elementor-element elementor-element-ecb22c9 elementor-widget elementor-widget-text-editor\" data-id=\"ecb22c9\" data-element_type=\"widget\" data-e-type=\"widget\" data-widget_type=\"text-editor.default\">\n\t\t\t\t\t\t\t\t\t<p><span style=\"font-weight: 400;\">Es handelt sich um ein Bauteil, das den Durchgang elektrischer oder optischer Signale durch eine Wand oder Barriere erm\u00f6glicht, ohne dass die Luftdichtheit verloren geht.<\/span><\/p>\t\t\t\t\t\t\t\t<\/div>\n\t\t\t\t<div class=\"elementor-element elementor-element-b988029 elementor-widget elementor-widget-heading\" data-id=\"b988029\" data-element_type=\"widget\" data-e-type=\"widget\" data-widget_type=\"heading.default\">\n\t\t\t\t\t<h2 class=\"elementor-heading-title elementor-size-default\">Was ist der Unterschied zwischen einem luftdichten und einem nicht luftdichten Stecker?\n\n\n<\/h2>\t\t\t\t<\/div>\n\t\t\t\t<div class=\"elementor-element elementor-element-987ff8c elementor-widget elementor-widget-text-editor\" data-id=\"987ff8c\" data-element_type=\"widget\" data-e-type=\"widget\" data-widget_type=\"text-editor.default\">\n\t\t\t\t\t\t\t\t\t<p><span style=\"font-weight: 400;\">Ein luftdichter Anschluss soll den Durchgang von Gasen, Fl\u00fcssigkeiten und Verunreinigungen zwischen zwei Umgebungen verhindern. Sie widerstehen extremen Temperaturen, Vibrationen und korrosiven Umgebungen. Ein Standardverbinder verbindet elektrisch oder mechanisch, ohne dass eine luftdichte Abdichtung erforderlich ist, die den Durchgang von Feuchtigkeit oder Gasen erm\u00f6glicht.\u00a0<\/span><\/p>\t\t\t\t\t\t\t\t<\/div>\n\t\t\t\t<div class=\"elementor-element elementor-element-9745adb elementor-widget elementor-widget-heading\" data-id=\"9745adb\" data-element_type=\"widget\" data-e-type=\"widget\" data-widget_type=\"heading.default\">\n\t\t\t\t\t<h2 class=\"elementor-heading-title elementor-size-default\">Welche Nutzungsdauer hat ein Steckverbinder?\n\n\n<\/h2>\t\t\t\t<\/div>\n\t\t\t\t<div class=\"elementor-element elementor-element-42c612c elementor-widget elementor-widget-text-editor\" data-id=\"42c612c\" data-element_type=\"widget\" data-e-type=\"widget\" data-widget_type=\"text-editor.default\">\n\t\t\t\t\t\t\t\t\t<p><span style=\"font-weight: 400;\">Ein Stecker mit GTMS-Technologie ist so konzipiert, dass er nie ersetzt werden muss.  Im Gegensatz zu einem glaslosen Stecker sollte er bei gleichem Zustand wahrscheinlich zwischen 3 und 5 Jahren ersetzt werden. <\/span><\/p>\t\t\t\t\t\t\t\t<\/div>\n\t\t\t\t<div class=\"elementor-element elementor-element-547c5ee elementor-widget elementor-widget-heading\" data-id=\"547c5ee\" data-element_type=\"widget\" data-e-type=\"widget\" data-widget_type=\"heading.default\">\n\t\t\t\t\t<h2 class=\"elementor-heading-title elementor-size-default\">Wie garantieren wir Luftdichtheit und Qualit\u00e4t?<\/h2>\t\t\t\t<\/div>\n\t\t\t\t<div class=\"elementor-element elementor-element-3e21f8a elementor-widget elementor-widget-text-editor\" data-id=\"3e21f8a\" data-element_type=\"widget\" data-e-type=\"widget\" data-widget_type=\"text-editor.default\">\n\t\t\t\t\t\t\t\t\t<p><span style=\"font-weight: 400;\">Wir verf\u00fcgen \u00fcber 40 Jahre Erfahrung in der GTMS-Industrie und f\u00fchren bei jeder Herstellung Dichtheitspr\u00fcfungen durch (Helium-Lecktest), um die Dichtheit zu gew\u00e4hrleisten. Wir f\u00fchren auch strenge Drucktests bis zu 2000 bar, Temperaturtests bis zu 300\u00ba und Best\u00e4ndigkeitstests nach verschiedenen internationalen Normen (MILT-STD-883) durch. <\/span><span style=\"font-weight: 400;\"><br \/><\/span><span style=\"font-weight: 400;\">Da jede Branche andere Bed\u00fcrfnisse hat, sind wir bereit, unser Qualit\u00e4tskontrollsystem an die Standards des Kunden anzupassen.\u00a0<\/span><\/p>\t\t\t\t\t\t\t\t<\/div>\n\t\t\t\t<div class=\"elementor-element elementor-element-f925327 elementor-widget elementor-widget-heading\" data-id=\"f925327\" data-element_type=\"widget\" data-e-type=\"widget\" data-widget_type=\"heading.default\">\n\t\t\t\t\t<h2 class=\"elementor-heading-title elementor-size-default\">Bieten Sie ma\u00dfgeschneiderte L\u00f6sungen an?\n\n<\/h2>\t\t\t\t<\/div>\n\t\t\t\t<div class=\"elementor-element elementor-element-74f9972 elementor-widget elementor-widget-text-editor\" data-id=\"74f9972\" data-element_type=\"widget\" data-e-type=\"widget\" data-widget_type=\"text-editor.default\">\n\t\t\t\t\t\t\t\t\t<p><span style=\"font-weight: 400;\">Ja, wir entwickeln ma\u00dfgeschneiderte L\u00f6sungen nach den technischen Spezifikationen des Kunden. Der \u00fcberwiegende Teil unserer Produktion ist kundenspezifisch.\u00a0<\/span><\/p>\t\t\t\t\t\t\t\t<\/div>\n\t\t\t\t<div class=\"elementor-element elementor-element-26f2b0e elementor-widget elementor-widget-heading\" data-id=\"26f2b0e\" data-element_type=\"widget\" data-e-type=\"widget\" data-widget_type=\"heading.default\">\n\t\t\t\t\t<h2 class=\"elementor-heading-title elementor-size-default\">Wie kann ich ein Angebot anfordern?\n\n\n<\/h2>\t\t\t\t<\/div>\n\t\t\t\t<div class=\"elementor-element elementor-element-707f17e elementor-widget elementor-widget-text-editor\" data-id=\"707f17e\" data-element_type=\"widget\" data-e-type=\"widget\" data-widget_type=\"text-editor.default\">\n\t\t\t\t\t\t\t\t\t<p><span style=\"font-weight: 400;\">Sie k\u00f6nnen es \u00fcber unser <a href=\"https:\/\/vac-tron.es\/de\/kontakt\/\">Website<\/a> oder durch <a href=\"https:\/\/wa.me\/34694290755\">Kontaktaufnahme mit<\/a> unser Gesch\u00e4ftsteam direkt \u00fcber WhatsApp.\u00a0 <\/span><\/p>\t\t\t\t\t\t\t\t<\/div>\n\t\t\t\t\t<\/div>\n\t\t\t\t<\/div>\n\t\t\t\t<\/div>","protected":false},"excerpt":{"rendered":"<p>Frequently Asked Questions (FAQs) VAC-TRON Who is Vac-tron? VAC-TRON is a company specialized in the manufacturing of high-quality hermetic connectors for industrial, aerospace, scientific facilities, Oil &amp; Gas, defense, medical equipment, and electronics applications.\u00a0 What is glass-to-metal seal (GTMS)? Glass-to-Metal Seal technology is used to create a hermetic bond between glass and metal and is [&hellip;]<\/p>\n","protected":false},"author":3,"featured_media":0,"parent":0,"menu_order":0,"comment_status":"closed","ping_status":"closed","template":"elementor_header_footer","meta":{"_acf_changed":false,"_joinchat":[],"footnotes":""},"class_list":["post-820","page","type-page","status-publish","hentry"],"acf":[],"yoast_head":"<!-- This site is optimized with the Yoast SEO plugin v27.3 - https:\/\/yoast.com\/product\/yoast-seo-wordpress\/ -->\n<title>Faqs - vac-tron.es<\/title>\n<meta name=\"description\" content=\"FAQs answering common questions about Vac-Tron\u2019s hermetic connectors, feedthroughs, manufacturing processes and application-specific solutions.\" \/>\n<meta name=\"robots\" content=\"index, follow, max-snippet:-1, max-image-preview:large, max-video-preview:-1\" \/>\n<link rel=\"canonical\" href=\"https:\/\/vac-tron.es\/de\/faqs\/\" \/>\n<meta property=\"og:locale\" content=\"de_DE\" \/>\n<meta property=\"og:type\" content=\"article\" \/>\n<meta property=\"og:title\" content=\"Faqs - vac-tron.es\" \/>\n<meta property=\"og:description\" content=\"FAQs answering common questions about Vac-Tron\u2019s hermetic connectors, feedthroughs, manufacturing processes and application-specific solutions.\" \/>\n<meta property=\"og:url\" content=\"https:\/\/vac-tron.es\/de\/faqs\/\" \/>\n<meta property=\"og:site_name\" content=\"vac-tron.es\" \/>\n<meta property=\"article:modified_time\" content=\"2026-04-08T06:54:40+00:00\" \/>\n<meta name=\"twitter:card\" content=\"summary_large_image\" \/>\n<meta name=\"twitter:label1\" content=\"Gesch\u00e4tzte Lesezeit\" \/>\n\t<meta name=\"twitter:data1\" content=\"4\u00a0Minuten\" \/>\n<script type=\"application\/ld+json\" class=\"yoast-schema-graph\">{\"@context\":\"https:\\\/\\\/schema.org\",\"@graph\":[{\"@type\":\"Article\",\"@id\":\"https:\\\/\\\/vac-tron.es\\\/faqs\\\/#article\",\"isPartOf\":{\"@id\":\"https:\\\/\\\/vac-tron.es\\\/faqs\\\/\"},\"author\":{\"name\":\"Daniela Lucio\",\"@id\":\"https:\\\/\\\/vac-tron.es\\\/#\\\/schema\\\/person\\\/de3c261a37db1da9793be866bf2f190c\"},\"headline\":\"Faqs\",\"datePublished\":\"2026-01-12T11:36:16+00:00\",\"dateModified\":\"2026-04-08T06:54:40+00:00\",\"mainEntityOfPage\":{\"@id\":\"https:\\\/\\\/vac-tron.es\\\/faqs\\\/\"},\"wordCount\":662,\"publisher\":{\"@id\":\"https:\\\/\\\/vac-tron.es\\\/#organization\"},\"inLanguage\":\"de\"},{\"@type\":[\"WebPage\",\"FAQPage\"],\"@id\":\"https:\\\/\\\/vac-tron.es\\\/faqs\\\/\",\"url\":\"https:\\\/\\\/vac-tron.es\\\/faqs\\\/\",\"name\":\"Faqs - vac-tron.es\",\"isPartOf\":{\"@id\":\"https:\\\/\\\/vac-tron.es\\\/#website\"},\"datePublished\":\"2026-01-12T11:36:16+00:00\",\"dateModified\":\"2026-04-08T06:54:40+00:00\",\"description\":\"FAQs answering common questions about Vac-Tron\u2019s hermetic connectors, feedthroughs, manufacturing processes and application-specific solutions.\",\"breadcrumb\":{\"@id\":\"https:\\\/\\\/vac-tron.es\\\/faqs\\\/#breadcrumb\"},\"inLanguage\":\"de\",\"potentialAction\":[{\"@type\":\"ReadAction\",\"target\":[\"https:\\\/\\\/vac-tron.es\\\/faqs\\\/\"]}]},{\"@type\":\"BreadcrumbList\",\"@id\":\"https:\\\/\\\/vac-tron.es\\\/faqs\\\/#breadcrumb\",\"itemListElement\":[{\"@type\":\"ListItem\",\"position\":1,\"name\":\"Home\",\"item\":\"https:\\\/\\\/vac-tron.es\\\/\"},{\"@type\":\"ListItem\",\"position\":2,\"name\":\"Faqs\"}]},{\"@type\":\"WebSite\",\"@id\":\"https:\\\/\\\/vac-tron.es\\\/#website\",\"url\":\"https:\\\/\\\/vac-tron.es\\\/\",\"name\":\"vac-tron.es\",\"description\":\"\",\"publisher\":{\"@id\":\"https:\\\/\\\/vac-tron.es\\\/#organization\"},\"potentialAction\":[{\"@type\":\"SearchAction\",\"target\":{\"@type\":\"EntryPoint\",\"urlTemplate\":\"https:\\\/\\\/vac-tron.es\\\/?s={search_term_string}\"},\"query-input\":{\"@type\":\"PropertyValueSpecification\",\"valueRequired\":true,\"valueName\":\"search_term_string\"}}],\"inLanguage\":\"de\"},{\"@type\":\"Organization\",\"@id\":\"https:\\\/\\\/vac-tron.es\\\/#organization\",\"name\":\"vac-tron.es\",\"url\":\"https:\\\/\\\/vac-tron.es\\\/\",\"logo\":{\"@type\":\"ImageObject\",\"inLanguage\":\"de\",\"@id\":\"https:\\\/\\\/vac-tron.es\\\/#\\\/schema\\\/logo\\\/image\\\/\",\"url\":\"https:\\\/\\\/vac-tron.es\\\/wp-content\\\/uploads\\\/2025\\\/09\\\/Vac-Tron_Logotipo.svg\",\"contentUrl\":\"https:\\\/\\\/vac-tron.es\\\/wp-content\\\/uploads\\\/2025\\\/09\\\/Vac-Tron_Logotipo.svg\",\"width\":419,\"height\":143,\"caption\":\"vac-tron.es\"},\"image\":{\"@id\":\"https:\\\/\\\/vac-tron.es\\\/#\\\/schema\\\/logo\\\/image\\\/\"},\"sameAs\":[\"https:\\\/\\\/www.linkedin.com\\\/company\\\/vac-tron-s-a\\\/\"]},{\"@type\":\"Person\",\"@id\":\"https:\\\/\\\/vac-tron.es\\\/#\\\/schema\\\/person\\\/de3c261a37db1da9793be866bf2f190c\",\"name\":\"Daniela Lucio\",\"image\":{\"@type\":\"ImageObject\",\"inLanguage\":\"de\",\"@id\":\"https:\\\/\\\/secure.gravatar.com\\\/avatar\\\/9048ef25654027393795e27a611b43d9d917824efa37793b1df4a77e7bc164da?s=96&d=mm&r=g\",\"url\":\"https:\\\/\\\/secure.gravatar.com\\\/avatar\\\/9048ef25654027393795e27a611b43d9d917824efa37793b1df4a77e7bc164da?s=96&d=mm&r=g\",\"contentUrl\":\"https:\\\/\\\/secure.gravatar.com\\\/avatar\\\/9048ef25654027393795e27a611b43d9d917824efa37793b1df4a77e7bc164da?s=96&d=mm&r=g\",\"caption\":\"Daniela Lucio\"}}]}<\/script>\n<!-- \/ Yoast SEO plugin. -->","yoast_head_json":{"title":"Fragen - vac-tron.es","description":"FAQs mit Antworten auf h\u00e4ufig gestellte Fragen zu den hermetischen Steckverbindern, Durchf\u00fchrungen, Herstellungsverfahren und anwendungsspezifischen L\u00f6sungen von Vac-Tron.","robots":{"index":"index","follow":"follow","max-snippet":"max-snippet:-1","max-image-preview":"max-image-preview:large","max-video-preview":"max-video-preview:-1"},"canonical":"https:\/\/vac-tron.es\/de\/faqs\/","og_locale":"de_DE","og_type":"article","og_title":"Faqs - vac-tron.es","og_description":"FAQs answering common questions about Vac-Tron\u2019s hermetic connectors, feedthroughs, manufacturing processes and application-specific solutions.","og_url":"https:\/\/vac-tron.es\/de\/faqs\/","og_site_name":"vac-tron.es","article_modified_time":"2026-04-08T06:54:40+00:00","twitter_card":"summary_large_image","twitter_misc":{"Gesch\u00e4tzte Lesezeit":"4\u00a0Minuten"},"schema":{"@context":"https:\/\/schema.org","@graph":[{"@type":"Article","@id":"https:\/\/vac-tron.es\/faqs\/#article","isPartOf":{"@id":"https:\/\/vac-tron.es\/faqs\/"},"author":{"name":"Daniela Lucio","@id":"https:\/\/vac-tron.es\/#\/schema\/person\/de3c261a37db1da9793be866bf2f190c"},"headline":"Faqs","datePublished":"2026-01-12T11:36:16+00:00","dateModified":"2026-04-08T06:54:40+00:00","mainEntityOfPage":{"@id":"https:\/\/vac-tron.es\/faqs\/"},"wordCount":662,"publisher":{"@id":"https:\/\/vac-tron.es\/#organization"},"inLanguage":"de"},{"@type":["WebPage","FAQPage"],"@id":"https:\/\/vac-tron.es\/faqs\/","url":"https:\/\/vac-tron.es\/faqs\/","name":"Fragen - vac-tron.es","isPartOf":{"@id":"https:\/\/vac-tron.es\/#website"},"datePublished":"2026-01-12T11:36:16+00:00","dateModified":"2026-04-08T06:54:40+00:00","description":"FAQs mit Antworten auf h\u00e4ufig gestellte Fragen zu den hermetischen Steckverbindern, Durchf\u00fchrungen, Herstellungsverfahren und anwendungsspezifischen L\u00f6sungen von Vac-Tron.","breadcrumb":{"@id":"https:\/\/vac-tron.es\/faqs\/#breadcrumb"},"inLanguage":"de","potentialAction":[{"@type":"ReadAction","target":["https:\/\/vac-tron.es\/faqs\/"]}]},{"@type":"BreadcrumbList","@id":"https:\/\/vac-tron.es\/faqs\/#breadcrumb","itemListElement":[{"@type":"ListItem","position":1,"name":"Home","item":"https:\/\/vac-tron.es\/"},{"@type":"ListItem","position":2,"name":"Faqs"}]},{"@type":"WebSite","@id":"https:\/\/vac-tron.es\/#website","url":"https:\/\/vac-tron.es\/","name":"vac-tron.es","description":"","publisher":{"@id":"https:\/\/vac-tron.es\/#organization"},"potentialAction":[{"@type":"SearchAction","target":{"@type":"EntryPoint","urlTemplate":"https:\/\/vac-tron.es\/?s={search_term_string}"},"query-input":{"@type":"PropertyValueSpecification","valueRequired":true,"valueName":"search_term_string"}}],"inLanguage":"de"},{"@type":"Organization","@id":"https:\/\/vac-tron.es\/#organization","name":"vac-tron.es","url":"https:\/\/vac-tron.es\/","logo":{"@type":"ImageObject","inLanguage":"de","@id":"https:\/\/vac-tron.es\/#\/schema\/logo\/image\/","url":"https:\/\/vac-tron.es\/wp-content\/uploads\/2025\/09\/Vac-Tron_Logotipo.svg","contentUrl":"https:\/\/vac-tron.es\/wp-content\/uploads\/2025\/09\/Vac-Tron_Logotipo.svg","width":419,"height":143,"caption":"vac-tron.es"},"image":{"@id":"https:\/\/vac-tron.es\/#\/schema\/logo\/image\/"},"sameAs":["https:\/\/www.linkedin.com\/company\/vac-tron-s-a\/"]},{"@type":"Person","@id":"https:\/\/vac-tron.es\/#\/schema\/person\/de3c261a37db1da9793be866bf2f190c","name":"Daniela Lucio","image":{"@type":"ImageObject","inLanguage":"de","@id":"https:\/\/secure.gravatar.com\/avatar\/9048ef25654027393795e27a611b43d9d917824efa37793b1df4a77e7bc164da?s=96&d=mm&r=g","url":"https:\/\/secure.gravatar.com\/avatar\/9048ef25654027393795e27a611b43d9d917824efa37793b1df4a77e7bc164da?s=96&d=mm&r=g","contentUrl":"https:\/\/secure.gravatar.com\/avatar\/9048ef25654027393795e27a611b43d9d917824efa37793b1df4a77e7bc164da?s=96&d=mm&r=g","caption":"Daniela Lucio"}}]}},"_links":{"self":[{"href":"https:\/\/vac-tron.es\/de\/wp-json\/wp\/v2\/pages\/820","targetHints":{"allow":["GET"]}}],"collection":[{"href":"https:\/\/vac-tron.es\/de\/wp-json\/wp\/v2\/pages"}],"about":[{"href":"https:\/\/vac-tron.es\/de\/wp-json\/wp\/v2\/types\/page"}],"author":[{"embeddable":true,"href":"https:\/\/vac-tron.es\/de\/wp-json\/wp\/v2\/users\/3"}],"replies":[{"embeddable":true,"href":"https:\/\/vac-tron.es\/de\/wp-json\/wp\/v2\/comments?post=820"}],"version-history":[{"count":33,"href":"https:\/\/vac-tron.es\/de\/wp-json\/wp\/v2\/pages\/820\/revisions"}],"predecessor-version":[{"id":1561,"href":"https:\/\/vac-tron.es\/de\/wp-json\/wp\/v2\/pages\/820\/revisions\/1561"}],"wp:attachment":[{"href":"https:\/\/vac-tron.es\/de\/wp-json\/wp\/v2\/media?parent=820"}],"curies":[{"name":"wp","href":"https:\/\/api.w.org\/{rel}","templated":true}]}}