{"id":3,"date":"2025-09-23T11:14:55","date_gmt":"2025-09-23T11:14:55","guid":{"rendered":"http:\/\/vac-tron.es\/?page_id=3"},"modified":"2026-03-09T10:09:03","modified_gmt":"2026-03-09T10:09:03","slug":"datenschutzbestimmungen","status":"publish","type":"page","link":"https:\/\/vac-tron.es\/de\/privacy-policy\/","title":{"rendered":"Datenschutzbestimmungen"},"content":{"rendered":"<div data-elementor-type=\"wp-page\" data-elementor-id=\"3\" class=\"elementor elementor-3\" data-elementor-post-type=\"page\">\n\t\t\t\t<div class=\"elementor-element elementor-element-313d858 e-flex e-con-boxed e-con e-parent\" data-id=\"313d858\" data-element_type=\"container\" data-e-type=\"container\">\n\t\t\t\t\t<div class=\"e-con-inner\">\n\t\t\t\t<div class=\"elementor-element elementor-element-b3256bd elementor-widget elementor-widget-heading\" data-id=\"b3256bd\" data-element_type=\"widget\" data-e-type=\"widget\" data-widget_type=\"heading.default\">\n\t\t\t\t\t<h1 class=\"elementor-heading-title elementor-size-default\">Datenschutzbestimmungen<\/h1>\t\t\t\t<\/div>\n\t\t\t\t\t<\/div>\n\t\t\t\t<\/div>\n\t\t<div class=\"elementor-element elementor-element-fdf3968 e-flex e-con-boxed e-con e-parent\" data-id=\"fdf3968\" data-element_type=\"container\" data-e-type=\"container\">\n\t\t\t\t\t<div class=\"e-con-inner\">\n\t\t\t\t<div class=\"elementor-element elementor-element-2acfe38 elementor-widget elementor-widget-text-editor\" data-id=\"2acfe38\" data-element_type=\"widget\" data-e-type=\"widget\" data-widget_type=\"text-editor.default\">\n\t\t\t\t\t\t\t\t\t<p>Bitte beachten Sie, dass Sie mit dem Zugriff und der Nutzung der auf dieser Website WWW.VAC-TRON.ES (\u201cWebsite\u201d) enthaltenen Informationen Ihr Einverst\u00e4ndnis und Ihre Zustimmung zu den hierin enthaltenen Bestimmungen und Bedingungen zum Ausdruck bringen. Falls Sie nicht einverstanden sind, sollten Sie diese Website nicht nutzen. Vac-tron, S.A. (\u201cVac-tron\u201d) beh\u00e4lt sich das einseitige Recht vor, diese Bedingungen von Zeit zu Zeit ohne vorherige Ank\u00fcndigung durch Aktualisierung dieses Abschnitts zu \u00e4ndern.<\/p>\n<p>Der gesamte Inhalt dieser Website, sowohl Bilder als auch Texte, ist urheberrechtlich gesch\u00fctzt und darf ohne die ausdr\u00fcckliche schriftliche Zustimmung von Vac-tron, die aus beliebigen Gr\u00fcnden erteilt oder verweigert werden kann, nicht verbreitet, heruntergeladen, ver\u00e4ndert, neu eingestellt oder anderweitig verwendet werden, es sei denn, hierin ist etwas anderes vorgesehen. Der Inhalt dieser Website darf nur f\u00fcr den pers\u00f6nlichen, nicht-kommerziellen Gebrauch heruntergeladen oder verwendet werden.<\/p>\n<p>\u201cVac-tron\u201d, VAC-TRON (LOGO) und\/oder andere Vac-tron-Namen oder -Produkte, auf die hier Bezug genommen wird, sind Handelsnamen, Marken und\/oder Dienstleistungsmarken von Vac-tron, S.A. oder seinen Tochtergesellschaften und verbundenen Unternehmen (\u201cVac-tron-Marken\u201d) und sind in Spanien eingetragen. Die Vac-tron-Marken d\u00fcrfen nur unter Lizenz verwendet werden. Jede andere Verwendung ist eine unerlaubte Verwendung und verboten. Andere hier erw\u00e4hnte Produkt- oder Firmennamen k\u00f6nnen Handelsnamen, Marken oder Dienstleistungsmarken ihrer jeweiligen Eigent\u00fcmer sein.<\/p>\n<p>Auf dieser Website k\u00f6nnen Links vorhanden sein, die es Ihnen erm\u00f6glichen, diese Website zu verlassen. Die verlinkten Seiten stehen m\u00f6glicherweise nicht unter der Kontrolle von Vac-tron, und Vac-tron ist nicht verantwortlich f\u00fcr den Inhalt der verlinkten Seiten oder f\u00fcr Links, die auf einer verlinkten Seite enthalten sein k\u00f6nnen. Vac-tron stellt diese Links nur als Annehmlichkeit zur Verf\u00fcgung, und die Aufnahme eines Links auf dieser Website bedeutet nicht, dass Vac-tron diese Website bef\u00fcrwortet, ihr angeh\u00f6rt oder sie sponsert. Wenn Sie sich entscheiden, eine verlinkte Website zu besuchen, tun Sie dies auf eigenes Risiko.<\/p>\n<p>Vac-tron hat alle angemessenen Anstrengungen unternommen, um den Inhalt dieser Website korrekt und aktuell zu halten. Alle auf dieser Website enthaltenen Produktinformationen, einschlie\u00dflich, ohne Einschr\u00e4nkung, Abbildungen, Spezifikationen und Abmessungen sowie Verweise auf Produkte, die von anderen Unternehmen als Vac-tron hergestellt werden, gelten zum Zeitpunkt des Hochladens der Inhalte auf diese Website als zuverl\u00e4ssig. Vac-tron \u00fcbernimmt keine Garantie f\u00fcr die Richtigkeit der auf dieser Website enthaltenen Inhalte. Der Inhalt der Website kann technische Ungenauigkeiten und typografische Fehler enthalten und kann ohne vorherige Ank\u00fcndigung ge\u00e4ndert oder aktualisiert werden. Vac-tron kann auch jederzeit und ohne Vorank\u00fcndigung Verbesserungen und\/oder \u00c4nderungen an den im Inhalt beschriebenen Produkten und\/oder Programmen vornehmen.<\/p>\n<p>Daher erkl\u00e4ren Sie sich damit einverstanden, dass der Zugriff auf diese Website und deren Inhalt sowie deren Nutzung ausschlie\u00dflich auf Ihr eigenes Risiko erfolgt. Weder Vac-tron noch irgendeine andere Partei, die an der Erstellung, Produktion oder Bereitstellung dieser Website beteiligt ist, haftet f\u00fcr direkte, zuf\u00e4llige, indirekte oder Folgesch\u00e4den, die sich aus dem Zugriff, der Nutzung oder der Unm\u00f6glichkeit des Zugriffs oder der Nutzung dieser Website oder aus Fehlern oder Auslassungen in ihrem Inhalt ergeben, selbst wenn Vac-tron im Voraus auf die M\u00f6glichkeit solcher Sch\u00e4den hingewiesen wird.<\/p>\n<p>Alle Informationen, die Sie \u00fcber diese Website oder per E-Mail an Vac-tron senden, werden von Vac-tron nicht als vertraulich betrachtet, ungeachtet etwaiger gegenteiliger Kennzeichnungen oder Legenden. Durch die \u00dcbermittlung von Informationen oder Materialien an Vac-tron gew\u00e4hren Sie Vac-tron eine geb\u00fchrenfreie, unbefristete, nicht ausschlie\u00dfliche, unbeschr\u00e4nkte, weltweite Lizenz zur Nutzung, Vervielf\u00e4ltigung, Unterlizenzierung, Anpassung, \u00dcbertragung, Weiter\u00fcbertragung, Verteilung und\/oder \u00f6ffentlichen Auff\u00fchrung oder Darstellung solcher Mitteilungen sowie zur Unterlizenzierung des uneingeschr\u00e4nkten Rechts zur Aus\u00fcbung aller vorgenannten Rechte in Bezug auf solche Mitteilungen an Dritte. Sie erkl\u00e4ren sich au\u00dferdem damit einverstanden, dass Vac-tron alle Ideen, Konzepte, Know-how oder Techniken, die in solchen Informationen oder Materialien enthalten sind, f\u00fcr jeden beliebigen Zweck nutzen kann. Die vorgenannten Rechte schlie\u00dfen das Recht ein, alle Rechte an solchen Mitteilungen zu verwerten, einschlie\u00dflich, aber nicht beschr\u00e4nkt auf Rechte nach dem Urheberrecht, dem Markenrecht, dem Dienstleistungsmarkenrecht, dem Patentrecht oder anderen Gesetzen zum Schutz des geistigen Eigentums, einschlie\u00dflich des Publizit\u00e4tsrechts in allen relevanten Rechtsordnungen.<\/p>\n<p>Ungeachtet des Vorstehenden wird Vac-tron jedoch Ihren Namen nicht ver\u00f6ffentlichen oder auf andere Weise bekannt machen, dass Sie Informationen oder Material an Vac-tron \u00fcbermittelt haben, es sei denn: a) wir bitten Sie um Ihre Erlaubnis, Ihren Namen zu verwenden, oder wir sind gesetzlich dazu verpflichtet.<\/p>\n<p>Ohne das Vorstehende einzuschr\u00e4nken, wird Ihnen alles auf dieser Website, einschlie\u00dflich anderer verlinkter Websites, im Ist-Zustand zur Verf\u00fcgung gestellt, OHNE GEW\u00c4HRLEISTUNG JEGLICHER ART, WEDER AUSDR\u00dcCKLICH NOCH IMPLIZIT, EINSCHLIESSLICH, ABER NICHT BESCHR\u00c4NKT AUF, DIE STILLSCHWEIGENDE GEW\u00c4HRLEISTUNG DER MARKTG\u00c4NGIGKEIT, DER EIGNUNG F\u00dcR EINEN BESTIMMTEN ZWECK ODER DER NICHTVERLETZUNG GEISTIGEN EIGENTUMS, SELBST WENN VAC-TRON IM VORAUS AUF DIE M\u00d6GLICHKEIT SOLCHER SCH\u00c4DEN HINGEWIESEN WIRD. DAR\u00dcBER HINAUS GARANTIERT VAC-TRON NICHT, DASS DIE FUNKTIONEN DIESER WEBSITE UNUNTERBROCHEN ODER FEHLERFREI SIND, DASS FEHLER BEHOBEN WERDEN ODER DASS DIESE WEBSITE, EINSCHLIESSLICH DES SERVERS, DER SIE ZUR VERF\u00dcGUNG STELLT, FREI VON VIREN ODER ANDEREN SCH\u00c4DLICHEN KOMPONENTEN IST. DIESER HAFTUNGSAUSSCHLUSS GILT F\u00dcR SCH\u00c4DEN ODER VERLETZUNGEN, DIE DURCH FEHLERHAFTE LEISTUNGEN, FEHLER, AUSLASSUNGEN, UNTERBRECHUNGEN, L\u00d6SCHUNGEN, DEFEKTE, VERZ\u00d6GERUNGEN IM BETRIEB ODER IN DER \u00dcBERTRAGUNG VERURSACHT WERDEN. COMPUTERVIREN, AUSFALL VON KOMMUNIKATIONSLEITUNGEN, DIEBSTAHL ODER ZERST\u00d6RUNG ODER UNBEFUGTER ZUGRIFF AUF, \u00c4NDERUNG VON ODER VERWENDUNG VON AUFZEICHNUNGEN, UNABH\u00c4NGIG DAVON, OB ES SICH UM VERTRAGSBRUCH, UNERLAUBTES VERHALTEN, FAHRL\u00c4SSIGKEIT ODER EINEN ANDEREN KLAGEGRUND HANDELT.<\/p>\n<p>Es wird empfohlen, dass Sie Produkte im Hinblick auf ihre Verwendung unabh\u00e4ngig testen und bewerten.<br \/>Diese Vereinbarung unterliegt den Gesetzen der Region Katalonien und wird in \u00dcbereinstimmung mit diesen ausgelegt, ungeachtet der Bestimmungen des Kollisionsrechts. Sollte eine Bestimmung dieser Vereinbarung rechtswidrig, nichtig oder aus irgendeinem Grund nicht durchsetzbar sein, so gilt diese Bestimmung als von dieser Vereinbarung trennbar und ber\u00fchrt nicht die G\u00fcltigkeit und Durchsetzbarkeit der \u00fcbrigen Bestimmungen.<\/p>\n<p>Mitteilungen \u00fcber angebliche Urheberrechtsverletzungen m\u00fcssen an folgende Adresse geschickt werden: Vac-tron, S.A., C\/Juan de la Cierva 6, 08420 Canovelles, Barcelona, Spanien.<\/p>\n<p>Diese Vereinbarung stellt die gesamte Vereinbarung dar und ist wirksam, bis sie von Vac-tron jederzeit und ohne Angabe von Gr\u00fcnden gek\u00fcndigt wird. Im Falle einer K\u00fcndigung sind Sie nicht mehr berechtigt, auf diese Website zuzugreifen, und die Ihnen auferlegten Beschr\u00e4nkungen in Bezug auf das von dieser Website heruntergeladene Material, die Haftungsausschl\u00fcsse und -beschr\u00e4nkungen, die in dieser Vereinbarung festgelegt sind, bleiben auch nach einer solchen K\u00fcndigung bestehen.<\/p>\t\t\t\t\t\t\t\t<\/div>\n\t\t\t\t\t<\/div>\n\t\t\t\t<\/div>\n\t\t\t\t<\/div>","protected":false},"excerpt":{"rendered":"<p>Please note that your access and use of the information contained in this website, WWW.VAC-TRON.ES (\u201cWebsite\u201d), manifests your consent to and agreement with the terms and conditions herein contained. In the event that you do not agree, you should not use this Website. Vac-tron, S.A (\u201cVac-tron\u201d) reserves the unilateral right to revise these terms and [&hellip;]<\/p>\n","protected":false},"author":1,"featured_media":0,"parent":0,"menu_order":0,"comment_status":"closed","ping_status":"open","template":"elementor_header_footer","meta":{"_acf_changed":false,"_joinchat":[],"footnotes":""},"class_list":["post-3","page","type-page","status-publish","hentry"],"acf":[],"yoast_head":"<!-- This site is optimized with the Yoast SEO plugin v27.3 - https:\/\/yoast.com\/product\/yoast-seo-wordpress\/ -->\n<title>Privacy Policy - vac-tron.es<\/title>\n<meta name=\"description\" content=\"Privacy Policy outlining how Vac-Tron collects, processes and protects personal data in compliance with data protection regulations and privacy standards\" \/>\n<meta name=\"robots\" content=\"index, follow, max-snippet:-1, max-image-preview:large, max-video-preview:-1\" \/>\n<link rel=\"canonical\" href=\"https:\/\/vac-tron.es\/de\/datenschutzbestimmungen\/\" \/>\n<meta property=\"og:locale\" content=\"de_DE\" \/>\n<meta property=\"og:type\" content=\"article\" \/>\n<meta property=\"og:title\" content=\"Privacy Policy - vac-tron.es\" \/>\n<meta property=\"og:description\" content=\"Privacy Policy outlining how Vac-Tron collects, processes and protects personal data in compliance with data protection regulations and privacy standards\" \/>\n<meta property=\"og:url\" content=\"https:\/\/vac-tron.es\/de\/datenschutzbestimmungen\/\" \/>\n<meta property=\"og:site_name\" content=\"vac-tron.es\" \/>\n<meta property=\"article:modified_time\" content=\"2026-03-09T10:09:03+00:00\" \/>\n<meta name=\"twitter:card\" content=\"summary_large_image\" \/>\n<meta name=\"twitter:label1\" content=\"Gesch\u00e4tzte Lesezeit\" \/>\n\t<meta name=\"twitter:data1\" content=\"5\u00a0Minuten\" \/>\n<script type=\"application\/ld+json\" class=\"yoast-schema-graph\">{\"@context\":\"https:\\\/\\\/schema.org\",\"@graph\":[{\"@type\":\"WebPage\",\"@id\":\"https:\\\/\\\/vac-tron.es\\\/privacy-policy\\\/\",\"url\":\"https:\\\/\\\/vac-tron.es\\\/privacy-policy\\\/\",\"name\":\"Privacy Policy - vac-tron.es\",\"isPartOf\":{\"@id\":\"https:\\\/\\\/vac-tron.es\\\/#website\"},\"datePublished\":\"2025-09-23T11:14:55+00:00\",\"dateModified\":\"2026-03-09T10:09:03+00:00\",\"description\":\"Privacy Policy outlining how Vac-Tron collects, processes and protects personal data in compliance with data protection regulations and privacy standards\",\"breadcrumb\":{\"@id\":\"https:\\\/\\\/vac-tron.es\\\/privacy-policy\\\/#breadcrumb\"},\"inLanguage\":\"de\",\"potentialAction\":[{\"@type\":\"ReadAction\",\"target\":[\"https:\\\/\\\/vac-tron.es\\\/privacy-policy\\\/\"]}]},{\"@type\":\"BreadcrumbList\",\"@id\":\"https:\\\/\\\/vac-tron.es\\\/privacy-policy\\\/#breadcrumb\",\"itemListElement\":[{\"@type\":\"ListItem\",\"position\":1,\"name\":\"Home\",\"item\":\"https:\\\/\\\/vac-tron.es\\\/\"},{\"@type\":\"ListItem\",\"position\":2,\"name\":\"Privacy Policy\"}]},{\"@type\":\"WebSite\",\"@id\":\"https:\\\/\\\/vac-tron.es\\\/#website\",\"url\":\"https:\\\/\\\/vac-tron.es\\\/\",\"name\":\"vac-tron.es\",\"description\":\"\",\"publisher\":{\"@id\":\"https:\\\/\\\/vac-tron.es\\\/#organization\"},\"potentialAction\":[{\"@type\":\"SearchAction\",\"target\":{\"@type\":\"EntryPoint\",\"urlTemplate\":\"https:\\\/\\\/vac-tron.es\\\/?s={search_term_string}\"},\"query-input\":{\"@type\":\"PropertyValueSpecification\",\"valueRequired\":true,\"valueName\":\"search_term_string\"}}],\"inLanguage\":\"de\"},{\"@type\":\"Organization\",\"@id\":\"https:\\\/\\\/vac-tron.es\\\/#organization\",\"name\":\"vac-tron.es\",\"url\":\"https:\\\/\\\/vac-tron.es\\\/\",\"logo\":{\"@type\":\"ImageObject\",\"inLanguage\":\"de\",\"@id\":\"https:\\\/\\\/vac-tron.es\\\/#\\\/schema\\\/logo\\\/image\\\/\",\"url\":\"https:\\\/\\\/vac-tron.es\\\/wp-content\\\/uploads\\\/2025\\\/09\\\/Vac-Tron_Logotipo.svg\",\"contentUrl\":\"https:\\\/\\\/vac-tron.es\\\/wp-content\\\/uploads\\\/2025\\\/09\\\/Vac-Tron_Logotipo.svg\",\"width\":419,\"height\":143,\"caption\":\"vac-tron.es\"},\"image\":{\"@id\":\"https:\\\/\\\/vac-tron.es\\\/#\\\/schema\\\/logo\\\/image\\\/\"},\"sameAs\":[\"https:\\\/\\\/www.linkedin.com\\\/company\\\/vac-tron-s-a\\\/\"]}]}<\/script>\n<!-- \/ Yoast SEO plugin. -->","yoast_head_json":{"title":"Datenschutz - vac-tron.es","description":"Datenschutzerkl\u00e4rung, in der dargelegt wird, wie Vac-Tron personenbezogene Daten in \u00dcbereinstimmung mit den Datenschutzvorschriften und -standards sammelt, verarbeitet und sch\u00fctzt","robots":{"index":"index","follow":"follow","max-snippet":"max-snippet:-1","max-image-preview":"max-image-preview:large","max-video-preview":"max-video-preview:-1"},"canonical":"https:\/\/vac-tron.es\/de\/datenschutzbestimmungen\/","og_locale":"de_DE","og_type":"article","og_title":"Privacy Policy - vac-tron.es","og_description":"Privacy Policy outlining how Vac-Tron collects, processes and protects personal data in compliance with data protection regulations and privacy standards","og_url":"https:\/\/vac-tron.es\/de\/datenschutzbestimmungen\/","og_site_name":"vac-tron.es","article_modified_time":"2026-03-09T10:09:03+00:00","twitter_card":"summary_large_image","twitter_misc":{"Gesch\u00e4tzte Lesezeit":"5\u00a0Minuten"},"schema":{"@context":"https:\/\/schema.org","@graph":[{"@type":"WebPage","@id":"https:\/\/vac-tron.es\/privacy-policy\/","url":"https:\/\/vac-tron.es\/privacy-policy\/","name":"Datenschutz - vac-tron.es","isPartOf":{"@id":"https:\/\/vac-tron.es\/#website"},"datePublished":"2025-09-23T11:14:55+00:00","dateModified":"2026-03-09T10:09:03+00:00","description":"Datenschutzerkl\u00e4rung, in der dargelegt wird, wie Vac-Tron personenbezogene Daten in \u00dcbereinstimmung mit den Datenschutzvorschriften und -standards sammelt, verarbeitet und sch\u00fctzt","breadcrumb":{"@id":"https:\/\/vac-tron.es\/privacy-policy\/#breadcrumb"},"inLanguage":"de","potentialAction":[{"@type":"ReadAction","target":["https:\/\/vac-tron.es\/privacy-policy\/"]}]},{"@type":"BreadcrumbList","@id":"https:\/\/vac-tron.es\/privacy-policy\/#breadcrumb","itemListElement":[{"@type":"ListItem","position":1,"name":"Home","item":"https:\/\/vac-tron.es\/"},{"@type":"ListItem","position":2,"name":"Privacy Policy"}]},{"@type":"WebSite","@id":"https:\/\/vac-tron.es\/#website","url":"https:\/\/vac-tron.es\/","name":"vac-tron.es","description":"","publisher":{"@id":"https:\/\/vac-tron.es\/#organization"},"potentialAction":[{"@type":"SearchAction","target":{"@type":"EntryPoint","urlTemplate":"https:\/\/vac-tron.es\/?s={search_term_string}"},"query-input":{"@type":"PropertyValueSpecification","valueRequired":true,"valueName":"search_term_string"}}],"inLanguage":"de"},{"@type":"Organization","@id":"https:\/\/vac-tron.es\/#organization","name":"vac-tron.es","url":"https:\/\/vac-tron.es\/","logo":{"@type":"ImageObject","inLanguage":"de","@id":"https:\/\/vac-tron.es\/#\/schema\/logo\/image\/","url":"https:\/\/vac-tron.es\/wp-content\/uploads\/2025\/09\/Vac-Tron_Logotipo.svg","contentUrl":"https:\/\/vac-tron.es\/wp-content\/uploads\/2025\/09\/Vac-Tron_Logotipo.svg","width":419,"height":143,"caption":"vac-tron.es"},"image":{"@id":"https:\/\/vac-tron.es\/#\/schema\/logo\/image\/"},"sameAs":["https:\/\/www.linkedin.com\/company\/vac-tron-s-a\/"]}]}},"_links":{"self":[{"href":"https:\/\/vac-tron.es\/de\/wp-json\/wp\/v2\/pages\/3","targetHints":{"allow":["GET"]}}],"collection":[{"href":"https:\/\/vac-tron.es\/de\/wp-json\/wp\/v2\/pages"}],"about":[{"href":"https:\/\/vac-tron.es\/de\/wp-json\/wp\/v2\/types\/page"}],"author":[{"embeddable":true,"href":"https:\/\/vac-tron.es\/de\/wp-json\/wp\/v2\/users\/1"}],"replies":[{"embeddable":true,"href":"https:\/\/vac-tron.es\/de\/wp-json\/wp\/v2\/comments?post=3"}],"version-history":[{"count":10,"href":"https:\/\/vac-tron.es\/de\/wp-json\/wp\/v2\/pages\/3\/revisions"}],"predecessor-version":[{"id":1432,"href":"https:\/\/vac-tron.es\/de\/wp-json\/wp\/v2\/pages\/3\/revisions\/1432"}],"wp:attachment":[{"href":"https:\/\/vac-tron.es\/de\/wp-json\/wp\/v2\/media?parent=3"}],"curies":[{"name":"wp","href":"https:\/\/api.w.org\/{rel}","templated":true}]}}