{"id":1040,"date":"2026-01-26T11:38:05","date_gmt":"2026-01-26T11:38:05","guid":{"rendered":"https:\/\/vac-tron.es\/?page_id=1040"},"modified":"2026-02-06T13:22:29","modified_gmt":"2026-02-06T13:22:29","slug":"cookie-richtlinie","status":"publish","type":"page","link":"https:\/\/vac-tron.es\/de\/cookie-policy\/","title":{"rendered":"Cookie-Richtlinie"},"content":{"rendered":"<div data-elementor-type=\"wp-page\" data-elementor-id=\"1040\" class=\"elementor elementor-1040\" data-elementor-post-type=\"page\">\n\t\t\t\t<div class=\"elementor-element elementor-element-a427763 e-flex e-con-boxed e-con e-parent\" data-id=\"a427763\" data-element_type=\"container\" data-e-type=\"container\">\n\t\t\t\t\t<div class=\"e-con-inner\">\n\t\t\t\t<div class=\"elementor-element elementor-element-a9ebe38 elementor-widget elementor-widget-heading\" data-id=\"a9ebe38\" data-element_type=\"widget\" data-e-type=\"widget\" data-widget_type=\"heading.default\">\n\t\t\t\t\t<h2 class=\"elementor-heading-title elementor-size-default\">Cookie-Richtlinie<\/h2>\t\t\t\t<\/div>\n\t\t\t\t\t<\/div>\n\t\t\t\t<\/div>\n\t\t<div class=\"elementor-element elementor-element-5158d794 e-flex e-con-boxed e-con e-parent\" data-id=\"5158d794\" data-element_type=\"container\" data-e-type=\"container\">\n\t\t\t\t\t<div class=\"e-con-inner\">\n\t\t\t\t<div class=\"elementor-element elementor-element-22c9e1d3 elementor-widget elementor-widget-text-editor\" data-id=\"22c9e1d3\" data-element_type=\"widget\" data-e-type=\"widget\" data-widget_type=\"text-editor.default\">\n\t\t\t\t\t\t\t\t\t\n<p>In \u00dcbereinstimmung mit der Verordnung (EU) 2016\/679 (GDPR), dem Organgesetz 3\/2018 (LOPDGDD) und dem Gesetz 34\/2002 \u00fcber die Dienste der Informationsgesellschaft und den elektronischen Handel (LSSI-CE) informiert VAC-TRON, S.A. hiermit die Nutzer \u00fcber die Verwendung von Cookies auf seiner Website.<\/p>\n\n<p><strong>Eigent\u00fcmer der Website:<\/strong><strong><br \/><\/strong>VAC-TRON, S.A.<br \/>Steuer-ID (CIF): A58006677<br \/>Eingetragener Sitz: Juan de la Cierva, 6 G-H, Pol. Ind. \u201cCan Castells\u201d, 08420 Canovelles (Barcelona), Spanien<\/p>\n\n<p class=\"wp-block-heading\"><strong>Was sind Cookies?<\/strong><\/p>\n\n<p>Cookies sind kleine Textdateien, die beim Zugriff auf bestimmte Websites auf das Ger\u00e4t des Nutzers heruntergeladen werden. Sie erm\u00f6glichen es einer Website unter anderem, Informationen \u00fcber die Surfgewohnheiten eines Nutzers oder seines Ger\u00e4ts zu speichern und abzurufen, und k\u00f6nnen, je nach den enthaltenen Informationen und der Art der Nutzung des Ger\u00e4ts, zur Wiedererkennung des Nutzers verwendet werden.<\/p>\n\n<p class=\"wp-block-heading\"><strong>Arten von Cookies, die auf dieser Website verwendet werden<\/strong><\/p>\n\n<p>Diese Website verwendet die folgenden Arten von Cookies:<\/p>\n\n<p><strong>Technische oder notwendige Cookies<\/strong><strong><br \/><\/strong>Diese Cookies erm\u00f6glichen es den Nutzern, auf der Website zu surfen und die verschiedenen dort verf\u00fcgbaren Optionen oder Dienste zu nutzen, z. B. die Steuerung des Datenverkehrs und der Datenkommunikation, die Identifizierung der Sitzung oder den Zugang zu gesch\u00fctzten Bereichen.<\/p>\n\n<p><strong>Analyse-Cookies<\/strong><strong><br \/><\/strong>Diese Cookies erm\u00f6glichen die \u00dcberwachung und Analyse des Nutzerverhaltens auf der Website, um Verbesserungen auf der Grundlage der Analyse von Nutzungsdaten einzuf\u00fchren, z. B. Cookies von Google Analytics oder \u00e4hnlichen Tools.<\/p>\n\n<p><strong>Personalisierungs-Cookies (falls zutreffend)<\/strong><strong><br \/><\/strong>Diese Cookies erm\u00f6glichen es, Informationen zu speichern, so dass die Nutzer den Dienst mit bestimmten Merkmalen nutzen k\u00f6nnen, die sich von den anderen unterscheiden, z. B. Sprache oder Browsertyp.<\/p>\n\n<p><strong>Cookies von Dritten<\/strong><strong><br \/><\/strong>Diese Website kann Dienste Dritter in Anspruch nehmen, die Informationen zu statistischen Zwecken und\/oder zur Erbringung anderer Dienstleistungen im Zusammenhang mit der T\u00e4tigkeit der Website sammeln.<\/p>\n\n<p class=\"wp-block-heading\"><strong>Rechtsgrundlage f\u00fcr die Verwendung von Cookies<\/strong><\/p>\n\n<p>Die Rechtsgrundlage f\u00fcr die Verwendung von technischen Cookies ist das berechtigte Interesse des Eigent\u00fcmers der Website.<br \/>Die Rechtsgrundlage f\u00fcr die Verwendung nicht wesentlicher Cookies ist die Zustimmung des Nutzers, die \u00fcber den Cookie-Banner oder das Konfigurationspanel eingeholt wird.<\/p>\n\n<p class=\"wp-block-heading\"><strong>Wie Sie Cookies verwalten oder deaktivieren k\u00f6nnen<\/strong><\/p>\n\n<p>Die Nutzer k\u00f6nnen die auf ihrem Ger\u00e4t installierten Cookies zulassen, blockieren oder l\u00f6schen, indem sie die Optionen des auf ihrem Ger\u00e4t installierten Browsers konfigurieren. Im Folgenden sind die wichtigsten Browser aufgef\u00fchrt:<\/p>\n\n<ul class=\"wp-block-list\">\n<li>Google Chrome<\/li>\n\n<li>Mozilla Firefox<\/li>\n\n<li>Safari<\/li>\n\n<li>Microsoft Edge<\/li>\n<\/ul>\n\n<p>Die Deaktivierung von Cookies kann das ordnungsgem\u00e4\u00dfe Funktionieren der Website beeintr\u00e4chtigen.<\/p>\n\n<p class=\"wp-block-heading\"><strong>Aktualisierungen der Cookie-Richtlinie<\/strong><\/p>\n\n<p>VAC-TRON, S.A. beh\u00e4lt sich das Recht vor, diese Cookie-Richtlinie aufgrund neuer gesetzlicher oder beh\u00f6rdlicher Anforderungen oder zur Anpassung an Anweisungen der spanischen Datenschutzbeh\u00f6rde zu \u00e4ndern.<\/p>\n\n<p>Den Benutzern wird empfohlen, diese Politik regelm\u00e4\u00dfig zu \u00fcberpr\u00fcfen.<\/p>\n\n<p class=\"wp-block-heading\"><strong>Kontakt<\/strong><\/p>\n\n<p>Bei Fragen zur Verwendung von Cookies auf dieser Website k\u00f6nnen die Nutzer VAC-TRON, S.A. \u00fcber die auf der Website verf\u00fcgbaren Kontaktkan\u00e4le kontaktieren.<\/p>\n\t\t\t\t\t\t\t\t<\/div>\n\t\t\t\t\t<\/div>\n\t\t\t\t<\/div>\n\t\t\t\t<\/div>","protected":false},"excerpt":{"rendered":"<p>In accordance with Regulation (EU) 2016\/679 (GDPR), Organic Law 3\/2018 (LOPDGDD) and Law 34\/2002 on Information Society Services and Electronic Commerce (LSSI-CE), VAC-TRON, S.A. hereby informs users about the use of cookies on its website. Website owner:VAC-TRON, S.A.Tax ID (CIF): A58006677Registered office: Juan de la Cierva, 6 G-H, Pol. Ind. \u201cCan Castells\u201d, 08420 Canovelles (Barcelona), [&hellip;]<\/p>\n","protected":false},"author":3,"featured_media":0,"parent":0,"menu_order":0,"comment_status":"closed","ping_status":"closed","template":"elementor_header_footer","meta":{"_acf_changed":false,"_joinchat":[],"footnotes":""},"class_list":["post-1040","page","type-page","status-publish","hentry"],"acf":[],"yoast_head":"<!-- This site is optimized with the Yoast SEO plugin v27.3 - https:\/\/yoast.com\/product\/yoast-seo-wordpress\/ -->\n<title>Cookie Policy - vac-tron.es<\/title>\n<meta name=\"robots\" content=\"index, follow, max-snippet:-1, max-image-preview:large, max-video-preview:-1\" \/>\n<link rel=\"canonical\" href=\"https:\/\/vac-tron.es\/de\/cookie-richtlinie\/\" \/>\n<meta property=\"og:locale\" content=\"de_DE\" \/>\n<meta property=\"og:type\" content=\"article\" \/>\n<meta property=\"og:title\" content=\"Cookie Policy - vac-tron.es\" \/>\n<meta property=\"og:description\" content=\"In accordance with Regulation (EU) 2016\/679 (GDPR), Organic Law 3\/2018 (LOPDGDD) and Law 34\/2002 on Information Society Services and Electronic Commerce (LSSI-CE), VAC-TRON, S.A. hereby informs users about the use of cookies on its website. Website owner:VAC-TRON, S.A.Tax ID (CIF): A58006677Registered office: Juan de la Cierva, 6 G-H, Pol. Ind. \u201cCan Castells\u201d, 08420 Canovelles (Barcelona), [&hellip;]\" \/>\n<meta property=\"og:url\" content=\"https:\/\/vac-tron.es\/de\/cookie-richtlinie\/\" \/>\n<meta property=\"og:site_name\" content=\"vac-tron.es\" \/>\n<meta property=\"article:modified_time\" content=\"2026-02-06T13:22:29+00:00\" \/>\n<meta property=\"og:image\" content=\"https:\/\/vac-tron.es\/wp-content\/uploads\/2026\/02\/cropped-Vac-Tron_Favicon.webp\" \/>\n\t<meta property=\"og:image:width\" content=\"512\" \/>\n\t<meta property=\"og:image:height\" content=\"512\" \/>\n\t<meta property=\"og:image:type\" content=\"image\/webp\" \/>\n<meta name=\"twitter:card\" content=\"summary_large_image\" \/>\n<meta name=\"twitter:label1\" content=\"Gesch\u00e4tzte Lesezeit\" \/>\n\t<meta name=\"twitter:data1\" content=\"2\u00a0Minuten\" \/>\n<script type=\"application\/ld+json\" class=\"yoast-schema-graph\">{\"@context\":\"https:\\\/\\\/schema.org\",\"@graph\":[{\"@type\":\"WebPage\",\"@id\":\"https:\\\/\\\/vac-tron.es\\\/cookie-policy\\\/\",\"url\":\"https:\\\/\\\/vac-tron.es\\\/cookie-policy\\\/\",\"name\":\"Cookie Policy - vac-tron.es\",\"isPartOf\":{\"@id\":\"https:\\\/\\\/vac-tron.es\\\/#website\"},\"datePublished\":\"2026-01-26T11:38:05+00:00\",\"dateModified\":\"2026-02-06T13:22:29+00:00\",\"breadcrumb\":{\"@id\":\"https:\\\/\\\/vac-tron.es\\\/cookie-policy\\\/#breadcrumb\"},\"inLanguage\":\"de\",\"potentialAction\":[{\"@type\":\"ReadAction\",\"target\":[\"https:\\\/\\\/vac-tron.es\\\/cookie-policy\\\/\"]}]},{\"@type\":\"BreadcrumbList\",\"@id\":\"https:\\\/\\\/vac-tron.es\\\/cookie-policy\\\/#breadcrumb\",\"itemListElement\":[{\"@type\":\"ListItem\",\"position\":1,\"name\":\"Home\",\"item\":\"https:\\\/\\\/vac-tron.es\\\/\"},{\"@type\":\"ListItem\",\"position\":2,\"name\":\"Cookie Policy\"}]},{\"@type\":\"WebSite\",\"@id\":\"https:\\\/\\\/vac-tron.es\\\/#website\",\"url\":\"https:\\\/\\\/vac-tron.es\\\/\",\"name\":\"vac-tron.es\",\"description\":\"\",\"publisher\":{\"@id\":\"https:\\\/\\\/vac-tron.es\\\/#organization\"},\"potentialAction\":[{\"@type\":\"SearchAction\",\"target\":{\"@type\":\"EntryPoint\",\"urlTemplate\":\"https:\\\/\\\/vac-tron.es\\\/?s={search_term_string}\"},\"query-input\":{\"@type\":\"PropertyValueSpecification\",\"valueRequired\":true,\"valueName\":\"search_term_string\"}}],\"inLanguage\":\"de\"},{\"@type\":\"Organization\",\"@id\":\"https:\\\/\\\/vac-tron.es\\\/#organization\",\"name\":\"vac-tron.es\",\"url\":\"https:\\\/\\\/vac-tron.es\\\/\",\"logo\":{\"@type\":\"ImageObject\",\"inLanguage\":\"de\",\"@id\":\"https:\\\/\\\/vac-tron.es\\\/#\\\/schema\\\/logo\\\/image\\\/\",\"url\":\"https:\\\/\\\/vac-tron.es\\\/wp-content\\\/uploads\\\/2025\\\/09\\\/Vac-Tron_Logotipo.svg\",\"contentUrl\":\"https:\\\/\\\/vac-tron.es\\\/wp-content\\\/uploads\\\/2025\\\/09\\\/Vac-Tron_Logotipo.svg\",\"width\":419,\"height\":143,\"caption\":\"vac-tron.es\"},\"image\":{\"@id\":\"https:\\\/\\\/vac-tron.es\\\/#\\\/schema\\\/logo\\\/image\\\/\"},\"sameAs\":[\"https:\\\/\\\/www.linkedin.com\\\/company\\\/vac-tron-s-a\\\/\"]}]}<\/script>\n<!-- \/ Yoast SEO plugin. -->","yoast_head_json":{"title":"Cookie-Richtlinie - vac-tron.es","robots":{"index":"index","follow":"follow","max-snippet":"max-snippet:-1","max-image-preview":"max-image-preview:large","max-video-preview":"max-video-preview:-1"},"canonical":"https:\/\/vac-tron.es\/de\/cookie-richtlinie\/","og_locale":"de_DE","og_type":"article","og_title":"Cookie Policy - vac-tron.es","og_description":"In accordance with Regulation (EU) 2016\/679 (GDPR), Organic Law 3\/2018 (LOPDGDD) and Law 34\/2002 on Information Society Services and Electronic Commerce (LSSI-CE), VAC-TRON, S.A. hereby informs users about the use of cookies on its website. Website owner:VAC-TRON, S.A.Tax ID (CIF): A58006677Registered office: Juan de la Cierva, 6 G-H, Pol. Ind. \u201cCan Castells\u201d, 08420 Canovelles (Barcelona), [&hellip;]","og_url":"https:\/\/vac-tron.es\/de\/cookie-richtlinie\/","og_site_name":"vac-tron.es","article_modified_time":"2026-02-06T13:22:29+00:00","og_image":[{"width":512,"height":512,"url":"https:\/\/vac-tron.es\/wp-content\/uploads\/2026\/02\/cropped-Vac-Tron_Favicon.webp","type":"image\/webp"}],"twitter_card":"summary_large_image","twitter_misc":{"Gesch\u00e4tzte Lesezeit":"2\u00a0Minuten"},"schema":{"@context":"https:\/\/schema.org","@graph":[{"@type":"WebPage","@id":"https:\/\/vac-tron.es\/cookie-policy\/","url":"https:\/\/vac-tron.es\/cookie-policy\/","name":"Cookie-Richtlinie - vac-tron.es","isPartOf":{"@id":"https:\/\/vac-tron.es\/#website"},"datePublished":"2026-01-26T11:38:05+00:00","dateModified":"2026-02-06T13:22:29+00:00","breadcrumb":{"@id":"https:\/\/vac-tron.es\/cookie-policy\/#breadcrumb"},"inLanguage":"de","potentialAction":[{"@type":"ReadAction","target":["https:\/\/vac-tron.es\/cookie-policy\/"]}]},{"@type":"BreadcrumbList","@id":"https:\/\/vac-tron.es\/cookie-policy\/#breadcrumb","itemListElement":[{"@type":"ListItem","position":1,"name":"Home","item":"https:\/\/vac-tron.es\/"},{"@type":"ListItem","position":2,"name":"Cookie Policy"}]},{"@type":"WebSite","@id":"https:\/\/vac-tron.es\/#website","url":"https:\/\/vac-tron.es\/","name":"vac-tron.es","description":"","publisher":{"@id":"https:\/\/vac-tron.es\/#organization"},"potentialAction":[{"@type":"SearchAction","target":{"@type":"EntryPoint","urlTemplate":"https:\/\/vac-tron.es\/?s={search_term_string}"},"query-input":{"@type":"PropertyValueSpecification","valueRequired":true,"valueName":"search_term_string"}}],"inLanguage":"de"},{"@type":"Organization","@id":"https:\/\/vac-tron.es\/#organization","name":"vac-tron.es","url":"https:\/\/vac-tron.es\/","logo":{"@type":"ImageObject","inLanguage":"de","@id":"https:\/\/vac-tron.es\/#\/schema\/logo\/image\/","url":"https:\/\/vac-tron.es\/wp-content\/uploads\/2025\/09\/Vac-Tron_Logotipo.svg","contentUrl":"https:\/\/vac-tron.es\/wp-content\/uploads\/2025\/09\/Vac-Tron_Logotipo.svg","width":419,"height":143,"caption":"vac-tron.es"},"image":{"@id":"https:\/\/vac-tron.es\/#\/schema\/logo\/image\/"},"sameAs":["https:\/\/www.linkedin.com\/company\/vac-tron-s-a\/"]}]}},"_links":{"self":[{"href":"https:\/\/vac-tron.es\/de\/wp-json\/wp\/v2\/pages\/1040","targetHints":{"allow":["GET"]}}],"collection":[{"href":"https:\/\/vac-tron.es\/de\/wp-json\/wp\/v2\/pages"}],"about":[{"href":"https:\/\/vac-tron.es\/de\/wp-json\/wp\/v2\/types\/page"}],"author":[{"embeddable":true,"href":"https:\/\/vac-tron.es\/de\/wp-json\/wp\/v2\/users\/3"}],"replies":[{"embeddable":true,"href":"https:\/\/vac-tron.es\/de\/wp-json\/wp\/v2\/comments?post=1040"}],"version-history":[{"count":4,"href":"https:\/\/vac-tron.es\/de\/wp-json\/wp\/v2\/pages\/1040\/revisions"}],"predecessor-version":[{"id":1254,"href":"https:\/\/vac-tron.es\/de\/wp-json\/wp\/v2\/pages\/1040\/revisions\/1254"}],"wp:attachment":[{"href":"https:\/\/vac-tron.es\/de\/wp-json\/wp\/v2\/media?parent=1040"}],"curies":[{"name":"wp","href":"https:\/\/api.w.org\/{rel}","templated":true}]}}