{"id":1038,"date":"2026-01-26T11:36:32","date_gmt":"2026-01-26T11:36:32","guid":{"rendered":"https:\/\/vac-tron.es\/?page_id=1038"},"modified":"2026-02-06T13:25:52","modified_gmt":"2026-02-06T13:25:52","slug":"rechtshinweis","status":"publish","type":"page","link":"https:\/\/vac-tron.es\/de\/legal-notice\/","title":{"rendered":"Rechtlicher Hinweis"},"content":{"rendered":"<div data-elementor-type=\"wp-page\" data-elementor-id=\"1038\" class=\"elementor elementor-1038\" data-elementor-post-type=\"page\">\n\t\t\t\t<div class=\"elementor-element elementor-element-6bba7600 e-flex e-con-boxed e-con e-parent\" data-id=\"6bba7600\" data-element_type=\"container\" data-e-type=\"container\">\n\t\t\t\t\t<div class=\"e-con-inner\">\n\t\t\t\t<div class=\"elementor-element elementor-element-44bacb1 elementor-widget elementor-widget-heading\" data-id=\"44bacb1\" data-element_type=\"widget\" data-e-type=\"widget\" data-widget_type=\"heading.default\">\n\t\t\t\t\t<h2 class=\"elementor-heading-title elementor-size-default\">Rechtlicher Hinweis<\/h2>\t\t\t\t<\/div>\n\t\t\t\t<div class=\"elementor-element elementor-element-607734e8 elementor-widget elementor-widget-text-editor\" data-id=\"607734e8\" data-element_type=\"widget\" data-e-type=\"widget\" data-widget_type=\"text-editor.default\">\n\t\t\t\t\t\t\t\t\t\n<p>Gem\u00e4\u00df den Bestimmungen des Gesetzes 34\/2002 vom 11. Juli \u00fcber die Dienstleistungen der Informationsgesellschaft und den elektronischen Gesch\u00e4ftsverkehr (LSSI-CE) werden die Nutzer \u00fcber die Identifikationsdaten des Eigent\u00fcmers der Website informiert:<\/p>\n\n<p><strong>Eigent\u00fcmer der Website:<\/strong><strong><br \/><\/strong>VAC-TRON, S.A.<br \/>Steuer-ID (CIF): A58006677<br \/>Eingetragener Sitz: Juan de la Cierva, 6 G-H, Pol. Ind. \u201cCan Castells\u201d, 08420 Canovelles (Barcelona), Spanien<\/p>\n\n<p class=\"wp-block-heading\"><strong>Zweck der Website<\/strong><\/p>\n\n<p>Diese Website dient dazu, Unternehmensinformationen \u00fcber VAC-TRON, S.A. bereitzustellen und den Nutzern die M\u00f6glichkeit zu geben, mit dem Unternehmen \u00fcber die zur Verf\u00fcgung gestellten Mittel in Kontakt zu treten, insbesondere \u00fcber das Kontaktformular.<\/p>\n\n<p class=\"wp-block-heading\"><strong>Bedingungen f\u00fcr die Nutzung<\/strong><\/p>\n\n<p>Der Zugriff auf die Website und das Browsen auf ihr verleihen dem Nutzer den Status eines Benutzers und setzen die Annahme der vorliegenden Bedingungen voraus. Die Nutzer verpflichten sich, die Website im Einklang mit dem geltenden Recht, Treu und Glauben und der \u00f6ffentlichen Ordnung zu nutzen.<\/p>\n\n<p>VAC-TRON, S.A. beh\u00e4lt sich das Recht vor, den Inhalt der Website und diesen rechtlichen Hinweis jederzeit und ohne vorherige Ank\u00fcndigung zu \u00e4ndern.<\/p>\n\n<p class=\"wp-block-heading\"><strong>Geistiges und gewerbliches Eigentum<\/strong><\/p>\n\n<p>Alle Inhalte der Website (Texte, Bilder, Designs, Logos, Quellcode usw.) sind Eigentum von VAC-TRON, S.A. oder von Dritten, die ihre Verwendung genehmigt haben, und sind durch die geltenden Bestimmungen zum geistigen und gewerblichen Eigentum gesch\u00fctzt.<\/p>\n\n<p>Jede Vervielf\u00e4ltigung, Verbreitung oder \u00f6ffentliche Wiedergabe dieser Inhalte ohne ausdr\u00fcckliche Genehmigung des Rechteinhabers ist strengstens untersagt.<\/p>\n\n<p class=\"wp-block-heading\"><strong>Haftung<\/strong><\/p>\n\n<p>VAC-TRON, S.A. haftet weder f\u00fcr eine missbr\u00e4uchliche Nutzung der Website durch die Nutzer noch f\u00fcr Sch\u00e4den, die sich aus dem Zugriff auf die Website oder deren Nutzung ergeben k\u00f6nnten.<\/p>\n\n<p>Sie garantiert auch nicht die Abwesenheit von Unterbrechungen oder Fehlern beim Zugriff auf die Website, obwohl sie sich verpflichtet, die notwendigen Ma\u00dfnahmen zu ergreifen, um diese zu verhindern, wann immer dies vern\u00fcnftigerweise m\u00f6glich ist.<\/p>\n\n<p class=\"wp-block-heading\"><strong>Externe Links<\/strong><\/p>\n\n<p>Sofern die Website Links zu Websites Dritter enth\u00e4lt, \u00fcbernimmt VAC-TRON, S.A. keine Verantwortung f\u00fcr die auf diesen Websites verf\u00fcgbaren Inhalte, Dienstleistungen oder Informationen.<\/p>\n\n<p class=\"wp-block-heading\"><strong>Schutz personenbezogener Daten<\/strong><\/p>\n\n<p>Die von den Nutzern \u00fcber das Kontaktformular zur Verf\u00fcgung gestellten personenbezogenen Daten werden in \u00dcbereinstimmung mit der Verordnung (EU) 2016\/679 (GDPR) und dem Organgesetz 3\/2018 (LOPDGDD) ausschlie\u00dflich zum Zweck der Bearbeitung der eingegangenen Anfragen verarbeitet.<\/p>\n\n<p>Ausf\u00fchrliche Informationen zur Datenverarbeitung finden Sie in der Datenschutzerkl\u00e4rung der Website.<\/p>\n\n<p class=\"wp-block-heading\"><strong>Anwendbares Recht und Gerichtsbarkeit<\/strong><\/p>\n\n<p>Die Beziehung zwischen VAC-TRON, S.A. und dem Nutzer unterliegt dem geltenden spanischen Recht. F\u00fcr die Beilegung von Streitigkeiten, die sich aus dem Zugang zu oder der Nutzung der Website ergeben, unterwerfen sich die Parteien den Gerichten und Tribunalen, die in \u00dcbereinstimmung mit dem Gesetz entsprechen k\u00f6nnen.<\/p>\n\t\t\t\t\t\t\t\t<\/div>\n\t\t\t\t\t<\/div>\n\t\t\t\t<\/div>\n\t\t\t\t<\/div>","protected":false},"excerpt":{"rendered":"<p>In accordance with the provisions of Law 34\/2002 of 11 July, on Information Society Services and Electronic Commerce (LSSI-CE), users are hereby informed of the identifying details of the owner of the website: Website owner:VAC-TRON, S.A.Tax ID (CIF): A58006677Registered office: Juan de la Cierva, 6 G-H, Pol. Ind. \u201cCan Castells\u201d, 08420 Canovelles (Barcelona), Spain This [&hellip;]<\/p>\n","protected":false},"author":3,"featured_media":0,"parent":0,"menu_order":0,"comment_status":"closed","ping_status":"closed","template":"elementor_header_footer","meta":{"_acf_changed":false,"_joinchat":[],"footnotes":""},"class_list":["post-1038","page","type-page","status-publish","hentry"],"acf":[],"yoast_head":"<!-- This site is optimized with the Yoast SEO plugin v27.3 - https:\/\/yoast.com\/product\/yoast-seo-wordpress\/ -->\n<title>Legal notice - vac-tron.es<\/title>\n<meta name=\"robots\" content=\"index, follow, max-snippet:-1, max-image-preview:large, max-video-preview:-1\" \/>\n<link rel=\"canonical\" href=\"https:\/\/vac-tron.es\/de\/rechtshinweis\/\" \/>\n<meta property=\"og:locale\" content=\"de_DE\" \/>\n<meta property=\"og:type\" content=\"article\" \/>\n<meta property=\"og:title\" content=\"Legal notice - vac-tron.es\" \/>\n<meta property=\"og:description\" content=\"In accordance with the provisions of Law 34\/2002 of 11 July, on Information Society Services and Electronic Commerce (LSSI-CE), users are hereby informed of the identifying details of the owner of the website: Website owner:VAC-TRON, S.A.Tax ID (CIF): A58006677Registered office: Juan de la Cierva, 6 G-H, Pol. Ind. \u201cCan Castells\u201d, 08420 Canovelles (Barcelona), Spain This [&hellip;]\" \/>\n<meta property=\"og:url\" content=\"https:\/\/vac-tron.es\/de\/rechtshinweis\/\" \/>\n<meta property=\"og:site_name\" content=\"vac-tron.es\" \/>\n<meta property=\"article:modified_time\" content=\"2026-02-06T13:25:52+00:00\" \/>\n<meta name=\"twitter:card\" content=\"summary_large_image\" \/>\n<meta name=\"twitter:label1\" content=\"Gesch\u00e4tzte Lesezeit\" \/>\n\t<meta name=\"twitter:data1\" content=\"2\u00a0Minuten\" \/>\n<script type=\"application\/ld+json\" class=\"yoast-schema-graph\">{\"@context\":\"https:\\\/\\\/schema.org\",\"@graph\":[{\"@type\":\"WebPage\",\"@id\":\"https:\\\/\\\/vac-tron.es\\\/legal-notice\\\/\",\"url\":\"https:\\\/\\\/vac-tron.es\\\/legal-notice\\\/\",\"name\":\"Legal notice - vac-tron.es\",\"isPartOf\":{\"@id\":\"https:\\\/\\\/vac-tron.es\\\/#website\"},\"datePublished\":\"2026-01-26T11:36:32+00:00\",\"dateModified\":\"2026-02-06T13:25:52+00:00\",\"breadcrumb\":{\"@id\":\"https:\\\/\\\/vac-tron.es\\\/legal-notice\\\/#breadcrumb\"},\"inLanguage\":\"de\",\"potentialAction\":[{\"@type\":\"ReadAction\",\"target\":[\"https:\\\/\\\/vac-tron.es\\\/legal-notice\\\/\"]}]},{\"@type\":\"BreadcrumbList\",\"@id\":\"https:\\\/\\\/vac-tron.es\\\/legal-notice\\\/#breadcrumb\",\"itemListElement\":[{\"@type\":\"ListItem\",\"position\":1,\"name\":\"Home\",\"item\":\"https:\\\/\\\/vac-tron.es\\\/\"},{\"@type\":\"ListItem\",\"position\":2,\"name\":\"Legal notice\"}]},{\"@type\":\"WebSite\",\"@id\":\"https:\\\/\\\/vac-tron.es\\\/#website\",\"url\":\"https:\\\/\\\/vac-tron.es\\\/\",\"name\":\"vac-tron.es\",\"description\":\"\",\"publisher\":{\"@id\":\"https:\\\/\\\/vac-tron.es\\\/#organization\"},\"potentialAction\":[{\"@type\":\"SearchAction\",\"target\":{\"@type\":\"EntryPoint\",\"urlTemplate\":\"https:\\\/\\\/vac-tron.es\\\/?s={search_term_string}\"},\"query-input\":{\"@type\":\"PropertyValueSpecification\",\"valueRequired\":true,\"valueName\":\"search_term_string\"}}],\"inLanguage\":\"de\"},{\"@type\":\"Organization\",\"@id\":\"https:\\\/\\\/vac-tron.es\\\/#organization\",\"name\":\"vac-tron.es\",\"url\":\"https:\\\/\\\/vac-tron.es\\\/\",\"logo\":{\"@type\":\"ImageObject\",\"inLanguage\":\"de\",\"@id\":\"https:\\\/\\\/vac-tron.es\\\/#\\\/schema\\\/logo\\\/image\\\/\",\"url\":\"https:\\\/\\\/vac-tron.es\\\/wp-content\\\/uploads\\\/2025\\\/09\\\/Vac-Tron_Logotipo.svg\",\"contentUrl\":\"https:\\\/\\\/vac-tron.es\\\/wp-content\\\/uploads\\\/2025\\\/09\\\/Vac-Tron_Logotipo.svg\",\"width\":419,\"height\":143,\"caption\":\"vac-tron.es\"},\"image\":{\"@id\":\"https:\\\/\\\/vac-tron.es\\\/#\\\/schema\\\/logo\\\/image\\\/\"},\"sameAs\":[\"https:\\\/\\\/www.linkedin.com\\\/company\\\/vac-tron-s-a\\\/\"]}]}<\/script>\n<!-- \/ Yoast SEO plugin. -->","yoast_head_json":{"title":"Rechtliche Hinweise - vac-tron.es","robots":{"index":"index","follow":"follow","max-snippet":"max-snippet:-1","max-image-preview":"max-image-preview:large","max-video-preview":"max-video-preview:-1"},"canonical":"https:\/\/vac-tron.es\/de\/rechtshinweis\/","og_locale":"de_DE","og_type":"article","og_title":"Legal notice - vac-tron.es","og_description":"In accordance with the provisions of Law 34\/2002 of 11 July, on Information Society Services and Electronic Commerce (LSSI-CE), users are hereby informed of the identifying details of the owner of the website: Website owner:VAC-TRON, S.A.Tax ID (CIF): A58006677Registered office: Juan de la Cierva, 6 G-H, Pol. Ind. \u201cCan Castells\u201d, 08420 Canovelles (Barcelona), Spain This [&hellip;]","og_url":"https:\/\/vac-tron.es\/de\/rechtshinweis\/","og_site_name":"vac-tron.es","article_modified_time":"2026-02-06T13:25:52+00:00","twitter_card":"summary_large_image","twitter_misc":{"Gesch\u00e4tzte Lesezeit":"2\u00a0Minuten"},"schema":{"@context":"https:\/\/schema.org","@graph":[{"@type":"WebPage","@id":"https:\/\/vac-tron.es\/legal-notice\/","url":"https:\/\/vac-tron.es\/legal-notice\/","name":"Rechtliche Hinweise - vac-tron.es","isPartOf":{"@id":"https:\/\/vac-tron.es\/#website"},"datePublished":"2026-01-26T11:36:32+00:00","dateModified":"2026-02-06T13:25:52+00:00","breadcrumb":{"@id":"https:\/\/vac-tron.es\/legal-notice\/#breadcrumb"},"inLanguage":"de","potentialAction":[{"@type":"ReadAction","target":["https:\/\/vac-tron.es\/legal-notice\/"]}]},{"@type":"BreadcrumbList","@id":"https:\/\/vac-tron.es\/legal-notice\/#breadcrumb","itemListElement":[{"@type":"ListItem","position":1,"name":"Home","item":"https:\/\/vac-tron.es\/"},{"@type":"ListItem","position":2,"name":"Legal notice"}]},{"@type":"WebSite","@id":"https:\/\/vac-tron.es\/#website","url":"https:\/\/vac-tron.es\/","name":"vac-tron.es","description":"","publisher":{"@id":"https:\/\/vac-tron.es\/#organization"},"potentialAction":[{"@type":"SearchAction","target":{"@type":"EntryPoint","urlTemplate":"https:\/\/vac-tron.es\/?s={search_term_string}"},"query-input":{"@type":"PropertyValueSpecification","valueRequired":true,"valueName":"search_term_string"}}],"inLanguage":"de"},{"@type":"Organization","@id":"https:\/\/vac-tron.es\/#organization","name":"vac-tron.es","url":"https:\/\/vac-tron.es\/","logo":{"@type":"ImageObject","inLanguage":"de","@id":"https:\/\/vac-tron.es\/#\/schema\/logo\/image\/","url":"https:\/\/vac-tron.es\/wp-content\/uploads\/2025\/09\/Vac-Tron_Logotipo.svg","contentUrl":"https:\/\/vac-tron.es\/wp-content\/uploads\/2025\/09\/Vac-Tron_Logotipo.svg","width":419,"height":143,"caption":"vac-tron.es"},"image":{"@id":"https:\/\/vac-tron.es\/#\/schema\/logo\/image\/"},"sameAs":["https:\/\/www.linkedin.com\/company\/vac-tron-s-a\/"]}]}},"_links":{"self":[{"href":"https:\/\/vac-tron.es\/de\/wp-json\/wp\/v2\/pages\/1038","targetHints":{"allow":["GET"]}}],"collection":[{"href":"https:\/\/vac-tron.es\/de\/wp-json\/wp\/v2\/pages"}],"about":[{"href":"https:\/\/vac-tron.es\/de\/wp-json\/wp\/v2\/types\/page"}],"author":[{"embeddable":true,"href":"https:\/\/vac-tron.es\/de\/wp-json\/wp\/v2\/users\/3"}],"replies":[{"embeddable":true,"href":"https:\/\/vac-tron.es\/de\/wp-json\/wp\/v2\/comments?post=1038"}],"version-history":[{"count":4,"href":"https:\/\/vac-tron.es\/de\/wp-json\/wp\/v2\/pages\/1038\/revisions"}],"predecessor-version":[{"id":1257,"href":"https:\/\/vac-tron.es\/de\/wp-json\/wp\/v2\/pages\/1038\/revisions\/1257"}],"wp:attachment":[{"href":"https:\/\/vac-tron.es\/de\/wp-json\/wp\/v2\/media?parent=1038"}],"curies":[{"name":"wp","href":"https:\/\/api.w.org\/{rel}","templated":true}]}}