{"id":3,"date":"2025-09-23T11:14:55","date_gmt":"2025-09-23T11:14:55","guid":{"rendered":"http:\/\/vac-tron.es\/?page_id=3"},"modified":"2026-03-09T10:09:03","modified_gmt":"2026-03-09T10:09:03","slug":"politica-de-privacitat","status":"publish","type":"page","link":"https:\/\/vac-tron.es\/ca\/politica-de-privacitat\/","title":{"rendered":"Pol\u00edtica de privacitat"},"content":{"rendered":"<div data-elementor-type=\"wp-page\" data-elementor-id=\"3\" class=\"elementor elementor-3\" data-elementor-post-type=\"page\">\n\t\t\t\t<div class=\"elementor-element elementor-element-313d858 e-flex e-con-boxed e-con e-parent\" data-id=\"313d858\" data-element_type=\"container\" data-e-type=\"container\">\n\t\t\t\t\t<div class=\"e-con-inner\">\n\t\t\t\t<div class=\"elementor-element elementor-element-b3256bd elementor-widget elementor-widget-heading\" data-id=\"b3256bd\" data-element_type=\"widget\" data-e-type=\"widget\" data-widget_type=\"heading.default\">\n\t\t\t\t\t<h1 class=\"elementor-heading-title elementor-size-default\">Pol\u00edtica de privacitat<\/h1>\t\t\t\t<\/div>\n\t\t\t\t\t<\/div>\n\t\t\t\t<\/div>\n\t\t<div class=\"elementor-element elementor-element-fdf3968 e-flex e-con-boxed e-con e-parent\" data-id=\"fdf3968\" data-element_type=\"container\" data-e-type=\"container\">\n\t\t\t\t\t<div class=\"e-con-inner\">\n\t\t\t\t<div class=\"elementor-element elementor-element-2acfe38 elementor-widget elementor-widget-text-editor\" data-id=\"2acfe38\" data-element_type=\"widget\" data-e-type=\"widget\" data-widget_type=\"text-editor.default\">\n\t\t\t\t\t\t\t\t\t<p>Tingueu en compte que l&#039;acc\u00e9s i l&#039;\u00fas de la informaci\u00f3 continguda en aquest lloc web, WWW.VAC-TRON.ES (\u201cLloc web\u201d), manifesta el vostre consentiment i acord amb els termes i condicions que s&#039;hi inclouen. En cas que no hi estigueu d&#039;acord, no heu d&#039;utilitzar aquest lloc web. Vac-tron, SA (\u201cVac-tron\u201d) es reserva el dret unilateral de revisar aquests termes i condicions peri\u00f2dicament sense previ av\u00eds mitjan\u00e7ant l&#039;actualitzaci\u00f3 d&#039;aquesta secci\u00f3.<\/p>\n<p>Tot el contingut d&#039;aquest lloc web, tant les imatges com el text, t\u00e9 drets d&#039;autor i no es pot distribuir, descarregar, modificar, tornar a publicar ni utilitzar de cap altra manera per a cap finalitat, excepte en els casos previstos en aquest document, sense el consentiment expr\u00e9s per escrit de Vac-tron, que es pot concedir o denegar per qualsevol motiu. El contingut d&#039;aquest lloc web nom\u00e9s es pot descarregar o utilitzar per al vostre \u00fas personal i no comercial.<\/p>\n<p>\u201cVac-tron\u201d, VAC-TRON (LOGO) i\/o altres noms o productes Vac-tron als quals es fa refer\u00e8ncia en aquest document s\u00f3n noms comercials, marques comercials i\/o marques de servei de Vac-tron, SA o les seves filials i afiliades (\u201cMarques Vac-tron\u201d) i estan registrades a Espanya. Les marques Vac-tron nom\u00e9s s&#039;han d&#039;utilitzar sota llic\u00e8ncia. Qualsevol altre \u00fas \u00e9s un \u00fas no autoritzat i est\u00e0 prohibit. Altres noms de productes o empreses esmentats en aquest document poden ser el nom comercial, la marca comercial o la marca de servei dels seus respectius propietaris.<\/p>\n<p>\u00c9s possible que en aquest lloc web hi hagi enlla\u00e7os que us permetran sortir d&#039;aquest lloc web. \u00c9s possible que els llocs enlla\u00e7ats no estiguin sota el control de Vac-tron, i Vac-tron no ser\u00e0 responsable del contingut de cap dels llocs enlla\u00e7ats ni dels enlla\u00e7os que puguin contenir-se en un lloc enlla\u00e7at. Vac-tron proporciona aquests enlla\u00e7os nom\u00e9s per comoditat i la inclusi\u00f3 de qualsevol enlla\u00e7 en aquest lloc web no implica un aval, afiliaci\u00f3 o patrocini per part de Vac-tron d&#039;aquest lloc. Si decidiu visitar un lloc enlla\u00e7at, ho feu sota el vostre propi risc.<\/p>\n<p>Vac-tron ha fet tots els esfor\u00e7os raonables per incloure contingut prec\u00eds i actualitzat en aquest lloc web. Tota la informaci\u00f3 del producte continguda en aquest lloc web, incloent-hi, entre d&#039;altres, la il\u00b7lustraci\u00f3, les especificacions i les dimensions, aix\u00ed com les refer\u00e8ncies a productes fabricats per empreses diferents de Vac-tron, es considera fiable a la data de c\u00e0rrega del contingut a aquest lloc web. Vac-tron no ofereix cap garantia ni representaci\u00f3 de cap tipus quant a l&#039;exactitud d&#039;aquest contingut d&#039;aquest lloc web. El contingut del lloc web pot contenir inexactituds t\u00e8cniques, errors tipogr\u00e0fics i es pot modificar o actualitzar sense previ av\u00eds. Vac-tron tamb\u00e9 pot fer millores i\/o canvis als productes i\/o als programes descrits al contingut en qualsevol moment sense previ av\u00eds.<\/p>\n<p>Per tant, vost\u00e8 accepta que tot acc\u00e9s i \u00fas d&#039;aquest lloc web i el seu contingut \u00e9s estrictament sota la seva pr\u00f2pia responsabilitat. Ni Vac-tron ni cap part implicada en la creaci\u00f3, producci\u00f3 o lliurament d&#039;aquest lloc web ser\u00e0 responsable de cap dany directe, incidental, conseq\u00fcent, indirecte o punitiu derivat del seu acc\u00e9s, \u00fas o incapacitat per accedir o utilitzar aquest lloc web o de qualsevol error o omissi\u00f3 en el seu contingut, fins i tot si Vac-tron ha estat advertit amb antelaci\u00f3 de la possibilitat d&#039;aquests danys.<\/p>\n<p>Vac-tron no considerar\u00e0 confidencial cap informaci\u00f3 enviada a Vac-tron a trav\u00e9s d&#039;aquest lloc web o correu electr\u00f2nic, independentment de les marques o llegendes que indiquin el contrari. En enviar a Vac-tron qualsevol informaci\u00f3 o material, atorgueu a Vac-tron una llic\u00e8ncia mundial lliure de drets d&#039;autor, perp\u00e8tua, no exclusiva i sense restriccions per utilitzar, copiar, sublicenciar, adaptar, transmetre, retransmetre, distribuir i\/o executar p\u00fablicament o mostrar qualsevol d&#039;aquestes comunicacions, aix\u00ed com sublicenciar a tercers el dret sense restriccions d&#039;exercir qualsevol dels drets anteriors atorgats respecte a aquesta comunicaci\u00f3. Tamb\u00e9 accepteu que Vac-tron \u00e9s lliure d&#039;utilitzar qualsevol idea, concepte, coneixements t\u00e8cnics o t\u00e8cniques contingudes en aquesta informaci\u00f3 o material per a qualsevol finalitat. Les concessions anteriors inclouen el dret d&#039;explotar tots els drets d&#039;aquesta comunicaci\u00f3, inclosos, entre d&#039;altres, els drets de drets d&#039;autor, marques comercials, marques de servei, lleis de patents o altres drets de propietat intel\u00b7lectual, incloses les lleis de dret de publicitat en virtut de qualsevol jurisdicci\u00f3 pertinent.<\/p>\n<p>No obstant aix\u00f2, Vac-tron no revelar\u00e0 el vostre nom ni far\u00e0 p\u00fablic el fet que heu enviat informaci\u00f3 o material a Vac-tron, tret que: a) us demanem perm\u00eds per utilitzar el vostre nom o la llei ens hi obligui.<\/p>\n<p>Sense perjudici de l&#039;anterior, tot el contingut d&#039;aquest lloc web, inclosos altres llocs web enlla\u00e7ats, es proporciona &quot;TAL QUAL&quot; SENSE GARANTIA DE CAP TIPUS, NI EXPRESSA NI IMPL\u00cdCITA, INCLOSA, ENTRE D&#039;ALTRES, LES GARANTIES IMPL\u00cdCITES DE COMERCIABILITAT, IDONE\u00cfTAT PER A UN PROP\u00d2SIT PARTICULAR O NO INFRACCI\u00d3 DE LA PROPIETAT INTEL\u00b7LECTUAL, ENCARA QUE VAC-TRON SIGUI ADVERTIT AMB ANTICIPAT DE LA POSSIBILITAT D&#039;AQUESTS DANYS. A M\u00c9S A M\u00c9S, VAC-TRON NO GARANTEIX QUE LES FUNCIONS CONTINGUDES EN AQUEST LLOC WEB SIGUIN ININTERROMPUDES O LLIURES D&#039;ERRORS, QUE ELS DEFECTES SIGUIN CORREGITS O QUE AQUEST LLOC WEB, INCL\u00d2S EL SERVIDOR QUE EL POSA DISPONIBLE, ESTIGUI LLIURE DE VIRUS O ALTRES COMPONENTS NOCIUS. AQUESTA EXENCI\u00d3 DE RESPONSABILITAT S&#039;APLICA A QUALSEVOL DANY O LESI\u00d3 CAUSADA PER QUALSEVOL FALLA DE RENDIMENT, ERROR, OMISSI\u00d3, INTERRUPCI\u00d3, SUPRESSI\u00d3, DEFECTE, RETARD EN EL FUNCIONAMENT O LA TRANSMISSI\u00d3. VIRUS INFORM\u00c0TIC, FALLADA DE LA L\u00cdNIA DE COMUNICACI\u00d3, ROBATORI O DESTRUCCI\u00d3 O ACC\u00c9S NO AUTORITZAT, ALTERACI\u00d3 O \u00daS DEL REGISTRE, JA SIGUI PER INCOMPLIMENT DE CONTRACTE, COMPORTAMENT IL\u00b7LICIU, NEGLIG\u00c8NCIA O SOUS QUALSEVOL ALTRA CAUSA D&#039;ACCI\u00d3.<\/p>\n<p>Es recomana que proveu i avalueu els productes de manera independent pel que fa al vostre \u00fas.<br \/>Aquest Acord es regir\u00e0 i s&#039;interpretar\u00e0 d&#039;acord amb les lleis de la regi\u00f3 de Catalunya, sense tenir en compte les seves disposicions sobre conflictes de lleis. Si alguna disposici\u00f3 d&#039;aquest Acord \u00e9s il\u00b7legal, nul\u00b7la o per qualsevol motiu inaplicable, aquesta disposici\u00f3 es considerar\u00e0 separable d&#039;aquest Acord i no afectar\u00e0 la validesa i l&#039;aplicabilitat de les disposicions restants.<\/p>\n<p>Les notificacions de qualsevol presumpta infracci\u00f3 dels drets d&#039;autor s&#039;han d&#039;enviar a: Vac-tron, SA, C\/Juan de la Cierva 6, 08420 Canovelles, Barcelona, Espanya.<\/p>\n<p>Aquest Acord constitueix l&#039;Acord complet i \u00e9s efectiu fins que Vac-tron el rescindeixi en qualsevol moment per qualsevol motiu sense previ av\u00eds. En cas de rescissi\u00f3, ja no esteu autoritzat a accedir a aquest lloc i les restriccions que se us imposen respecte al material descarregat d&#039;aquest lloc, les ren\u00fancies de responsabilitat i les limitacions de responsabilitat establertes en aquest Acord, subsistiran a qualsevol rescissi\u00f3.<\/p>\t\t\t\t\t\t\t\t<\/div>\n\t\t\t\t\t<\/div>\n\t\t\t\t<\/div>\n\t\t\t\t<\/div>","protected":false},"excerpt":{"rendered":"<p>Please note that your access and use of the information contained in this website, WWW.VAC-TRON.ES (\u201cWebsite\u201d), manifests your consent to and agreement with the terms and conditions herein contained. In the event that you do not agree, you should not use this Website. Vac-tron, S.A (\u201cVac-tron\u201d) reserves the unilateral right to revise these terms and [&hellip;]<\/p>\n","protected":false},"author":1,"featured_media":0,"parent":0,"menu_order":0,"comment_status":"closed","ping_status":"open","template":"elementor_header_footer","meta":{"_acf_changed":false,"_joinchat":[],"footnotes":""},"class_list":["post-3","page","type-page","status-publish","hentry"],"acf":[],"yoast_head":"<!-- This site is optimized with the Yoast SEO plugin v26.9 - https:\/\/yoast.com\/product\/yoast-seo-wordpress\/ -->\n<title>Privacy Policy - vac-tron.es<\/title>\n<meta name=\"description\" content=\"Privacy Policy outlining how Vac-Tron collects, processes and protects personal data in compliance with data protection regulations and privacy standards\" \/>\n<meta name=\"robots\" content=\"index, follow, max-snippet:-1, max-image-preview:large, max-video-preview:-1\" \/>\n<link rel=\"canonical\" href=\"https:\/\/vac-tron.es\/ca\/politica-de-privacitat\/\" \/>\n<meta property=\"og:locale\" content=\"ca_ES\" \/>\n<meta property=\"og:type\" content=\"article\" \/>\n<meta property=\"og:title\" content=\"Privacy Policy - vac-tron.es\" \/>\n<meta property=\"og:description\" content=\"Privacy Policy outlining how Vac-Tron collects, processes and protects personal data in compliance with data protection regulations and privacy standards\" \/>\n<meta property=\"og:url\" content=\"https:\/\/vac-tron.es\/ca\/politica-de-privacitat\/\" \/>\n<meta property=\"og:site_name\" content=\"vac-tron.es\" \/>\n<meta property=\"article:modified_time\" content=\"2026-03-09T10:09:03+00:00\" \/>\n<meta name=\"twitter:card\" content=\"summary_large_image\" \/>\n<meta name=\"twitter:label1\" content=\"Temps estimat de lectura\" \/>\n\t<meta name=\"twitter:data1\" content=\"5 minuts\" \/>\n<script type=\"application\/ld+json\" class=\"yoast-schema-graph\">{\"@context\":\"https:\/\/schema.org\",\"@graph\":[{\"@type\":\"WebPage\",\"@id\":\"https:\/\/vac-tron.es\/privacy-policy\/\",\"url\":\"https:\/\/vac-tron.es\/privacy-policy\/\",\"name\":\"Privacy Policy - vac-tron.es\",\"isPartOf\":{\"@id\":\"https:\/\/vac-tron.es\/#website\"},\"datePublished\":\"2025-09-23T11:14:55+00:00\",\"dateModified\":\"2026-03-09T10:09:03+00:00\",\"description\":\"Privacy Policy outlining how Vac-Tron collects, processes and protects personal data in compliance with data protection regulations and privacy standards\",\"breadcrumb\":{\"@id\":\"https:\/\/vac-tron.es\/privacy-policy\/#breadcrumb\"},\"inLanguage\":\"ca\",\"potentialAction\":[{\"@type\":\"ReadAction\",\"target\":[\"https:\/\/vac-tron.es\/privacy-policy\/\"]}]},{\"@type\":\"BreadcrumbList\",\"@id\":\"https:\/\/vac-tron.es\/privacy-policy\/#breadcrumb\",\"itemListElement\":[{\"@type\":\"ListItem\",\"position\":1,\"name\":\"Home\",\"item\":\"https:\/\/vac-tron.es\/\"},{\"@type\":\"ListItem\",\"position\":2,\"name\":\"Privacy Policy\"}]},{\"@type\":\"WebSite\",\"@id\":\"https:\/\/vac-tron.es\/#website\",\"url\":\"https:\/\/vac-tron.es\/\",\"name\":\"vac-tron.es\",\"description\":\"\",\"publisher\":{\"@id\":\"https:\/\/vac-tron.es\/#organization\"},\"potentialAction\":[{\"@type\":\"SearchAction\",\"target\":{\"@type\":\"EntryPoint\",\"urlTemplate\":\"https:\/\/vac-tron.es\/?s={search_term_string}\"},\"query-input\":{\"@type\":\"PropertyValueSpecification\",\"valueRequired\":true,\"valueName\":\"search_term_string\"}}],\"inLanguage\":\"ca\"},{\"@type\":\"Organization\",\"@id\":\"https:\/\/vac-tron.es\/#organization\",\"name\":\"vac-tron.es\",\"url\":\"https:\/\/vac-tron.es\/\",\"logo\":{\"@type\":\"ImageObject\",\"inLanguage\":\"ca\",\"@id\":\"https:\/\/vac-tron.es\/#\/schema\/logo\/image\/\",\"url\":\"https:\/\/vac-tron.es\/wp-content\/uploads\/2025\/09\/Vac-Tron_Logotipo.svg\",\"contentUrl\":\"https:\/\/vac-tron.es\/wp-content\/uploads\/2025\/09\/Vac-Tron_Logotipo.svg\",\"width\":419,\"height\":143,\"caption\":\"vac-tron.es\"},\"image\":{\"@id\":\"https:\/\/vac-tron.es\/#\/schema\/logo\/image\/\"},\"sameAs\":[\"https:\/\/www.linkedin.com\/company\/vac-tron-s-a\/\"]}]}<\/script>\n<!-- \/ Yoast SEO plugin. -->","yoast_head_json":{"title":"Pol\u00edtica de privacitat - vac-tron.es","description":"Pol\u00edtica de privacitat que descriu com Vac-Tron recull, processa i protegeix les dades personals d'acord amb la normativa de protecci\u00f3 de dades i els est\u00e0ndards de privacitat.","robots":{"index":"index","follow":"follow","max-snippet":"max-snippet:-1","max-image-preview":"max-image-preview:large","max-video-preview":"max-video-preview:-1"},"canonical":"https:\/\/vac-tron.es\/ca\/politica-de-privacitat\/","og_locale":"ca_ES","og_type":"article","og_title":"Privacy Policy - vac-tron.es","og_description":"Privacy Policy outlining how Vac-Tron collects, processes and protects personal data in compliance with data protection regulations and privacy standards","og_url":"https:\/\/vac-tron.es\/ca\/politica-de-privacitat\/","og_site_name":"vac-tron.es","article_modified_time":"2026-03-09T10:09:03+00:00","twitter_card":"summary_large_image","twitter_misc":{"Temps estimat de lectura":"5 minuts"},"schema":{"@context":"https:\/\/schema.org","@graph":[{"@type":"WebPage","@id":"https:\/\/vac-tron.es\/privacy-policy\/","url":"https:\/\/vac-tron.es\/privacy-policy\/","name":"Pol\u00edtica de privacitat - vac-tron.es","isPartOf":{"@id":"https:\/\/vac-tron.es\/#website"},"datePublished":"2025-09-23T11:14:55+00:00","dateModified":"2026-03-09T10:09:03+00:00","description":"Pol\u00edtica de privacitat que descriu com Vac-Tron recull, processa i protegeix les dades personals d'acord amb la normativa de protecci\u00f3 de dades i els est\u00e0ndards de privacitat.","breadcrumb":{"@id":"https:\/\/vac-tron.es\/privacy-policy\/#breadcrumb"},"inLanguage":"ca","potentialAction":[{"@type":"ReadAction","target":["https:\/\/vac-tron.es\/privacy-policy\/"]}]},{"@type":"BreadcrumbList","@id":"https:\/\/vac-tron.es\/privacy-policy\/#breadcrumb","itemListElement":[{"@type":"ListItem","position":1,"name":"Home","item":"https:\/\/vac-tron.es\/"},{"@type":"ListItem","position":2,"name":"Privacy Policy"}]},{"@type":"WebSite","@id":"https:\/\/vac-tron.es\/#website","url":"https:\/\/vac-tron.es\/","name":"vac-tron.es","description":"","publisher":{"@id":"https:\/\/vac-tron.es\/#organization"},"potentialAction":[{"@type":"SearchAction","target":{"@type":"EntryPoint","urlTemplate":"https:\/\/vac-tron.es\/?s={search_term_string}"},"query-input":{"@type":"PropertyValueSpecification","valueRequired":true,"valueName":"search_term_string"}}],"inLanguage":"ca"},{"@type":"Organization","@id":"https:\/\/vac-tron.es\/#organization","name":"vac-tron.es","url":"https:\/\/vac-tron.es\/","logo":{"@type":"ImageObject","inLanguage":"ca","@id":"https:\/\/vac-tron.es\/#\/schema\/logo\/image\/","url":"https:\/\/vac-tron.es\/wp-content\/uploads\/2025\/09\/Vac-Tron_Logotipo.svg","contentUrl":"https:\/\/vac-tron.es\/wp-content\/uploads\/2025\/09\/Vac-Tron_Logotipo.svg","width":419,"height":143,"caption":"vac-tron.es"},"image":{"@id":"https:\/\/vac-tron.es\/#\/schema\/logo\/image\/"},"sameAs":["https:\/\/www.linkedin.com\/company\/vac-tron-s-a\/"]}]}},"_links":{"self":[{"href":"https:\/\/vac-tron.es\/ca\/wp-json\/wp\/v2\/pages\/3","targetHints":{"allow":["GET"]}}],"collection":[{"href":"https:\/\/vac-tron.es\/ca\/wp-json\/wp\/v2\/pages"}],"about":[{"href":"https:\/\/vac-tron.es\/ca\/wp-json\/wp\/v2\/types\/page"}],"author":[{"embeddable":true,"href":"https:\/\/vac-tron.es\/ca\/wp-json\/wp\/v2\/users\/1"}],"replies":[{"embeddable":true,"href":"https:\/\/vac-tron.es\/ca\/wp-json\/wp\/v2\/comments?post=3"}],"version-history":[{"count":10,"href":"https:\/\/vac-tron.es\/ca\/wp-json\/wp\/v2\/pages\/3\/revisions"}],"predecessor-version":[{"id":1432,"href":"https:\/\/vac-tron.es\/ca\/wp-json\/wp\/v2\/pages\/3\/revisions\/1432"}],"wp:attachment":[{"href":"https:\/\/vac-tron.es\/ca\/wp-json\/wp\/v2\/media?parent=3"}],"curies":[{"name":"wp","href":"https:\/\/api.w.org\/{rel}","templated":true}]}}