{"id":1040,"date":"2026-01-26T11:38:05","date_gmt":"2026-01-26T11:38:05","guid":{"rendered":"https:\/\/vac-tron.es\/?page_id=1040"},"modified":"2026-02-06T13:22:29","modified_gmt":"2026-02-06T13:22:29","slug":"politica-de-cookies","status":"publish","type":"page","link":"https:\/\/vac-tron.es\/ca\/politica-de-cookies\/","title":{"rendered":"Pol\u00edtica de cookies"},"content":{"rendered":"<div data-elementor-type=\"wp-page\" data-elementor-id=\"1040\" class=\"elementor elementor-1040\" data-elementor-post-type=\"page\">\n\t\t\t\t<div class=\"elementor-element elementor-element-a427763 e-flex e-con-boxed e-con e-parent\" data-id=\"a427763\" data-element_type=\"container\" data-e-type=\"container\">\n\t\t\t\t\t<div class=\"e-con-inner\">\n\t\t\t\t<div class=\"elementor-element elementor-element-a9ebe38 elementor-widget elementor-widget-heading\" data-id=\"a9ebe38\" data-element_type=\"widget\" data-e-type=\"widget\" data-widget_type=\"heading.default\">\n\t\t\t\t\t<h2 class=\"elementor-heading-title elementor-size-default\">Pol\u00edtica de cookies<\/h2>\t\t\t\t<\/div>\n\t\t\t\t\t<\/div>\n\t\t\t\t<\/div>\n\t\t<div class=\"elementor-element elementor-element-5158d794 e-flex e-con-boxed e-con e-parent\" data-id=\"5158d794\" data-element_type=\"container\" data-e-type=\"container\">\n\t\t\t\t\t<div class=\"e-con-inner\">\n\t\t\t\t<div class=\"elementor-element elementor-element-22c9e1d3 elementor-widget elementor-widget-text-editor\" data-id=\"22c9e1d3\" data-element_type=\"widget\" data-e-type=\"widget\" data-widget_type=\"text-editor.default\">\n\t\t\t\t\t\t\t\t\t\n<p>De conformitat amb el Reglament (UE) 2016\/679 (RGPD), la Llei Org\u00e0nica 3\/2018 (LOPDGDD) i la Llei 34\/2002 de Serveis de la Societat de la Informaci\u00f3 i del Comer\u00e7 Electr\u00f2nic (LSSI-CE), VAC-TRON, SA informa els usuaris de l&#039;\u00fas de cookies al seu lloc web.<\/p>\n\n<p><strong>Propietari del lloc web:<\/strong><strong><br \/><\/strong>VAC-TRON, SA.<br \/>NIF (CIF): A58006677<br \/>Domicili social: Juan de la Cierva, 6 GH, Pol. Ind. \u201cCan Castells\u201d, 08420 Canovelles (Barcelona), Espanya<\/p>\n\n<p class=\"wp-block-heading\"><strong>Qu\u00e8 s\u00f3n les galetes (cookies)?<\/strong><\/p>\n\n<p>Les galetes (cookies) s\u00f3n petits fitxers de text que es descarreguen al dispositiu de l&#039;usuari en accedir a determinats llocs web. Permeten a un lloc web, entre altres coses, emmagatzemar i recuperar informaci\u00f3 sobre els h\u00e0bits de navegaci\u00f3 d&#039;un usuari o del seu dispositiu i, depenent de la informaci\u00f3 que continguin i de com s&#039;utilitzi el dispositiu, es poden utilitzar per recon\u00e8ixer l&#039;usuari.<\/p>\n\n<p class=\"wp-block-heading\"><strong>Tipus de cookies que s&#039;utilitzen en aquest lloc web<\/strong><\/p>\n\n<p>Aquest lloc web utilitza els seg\u00fcents tipus de cookies:<\/p>\n\n<p><strong>Galetes t\u00e8cniques o necess\u00e0ries<\/strong><strong><br \/><\/strong>Aquestes cookies permeten als usuaris navegar pel lloc web i utilitzar les diferents opcions o serveis que hi ha disponibles, com ara controlar el tr\u00e0nsit i la comunicaci\u00f3 de dades, identificar la sessi\u00f3 o accedir a \u00e0rees restringides.<\/p>\n\n<p><strong>Galetes d&#039;anal\u00edtica<\/strong><strong><br \/><\/strong>Aquestes cookies permeten el seguiment i l&#039;an\u00e0lisi del comportament dels usuaris al lloc web per tal d&#039;introduir millores basades en l&#039;an\u00e0lisi de dades d&#039;\u00fas, per exemple, les cookies de Google Analytics o eines similars.<\/p>\n\n<p><strong>Galetes de personalitzaci\u00f3 (si escau)<\/strong><strong><br \/><\/strong>Aquestes galetes permeten recordar informaci\u00f3 perqu\u00e8 els usuaris puguin accedir al servei amb certes caracter\u00edstiques que poden diferenciar la seva experi\u00e8ncia, com ara l&#039;idioma o el tipus de navegador.<\/p>\n\n<p><strong>Galetes de tercers<\/strong><strong><br \/><\/strong>Aquest lloc web pot utilitzar serveis de tercers que recopilen informaci\u00f3 amb finalitats estad\u00edstiques i\/o per a la prestaci\u00f3 d&#039;altres serveis relacionats amb l&#039;activitat del lloc web.<\/p>\n\n<p class=\"wp-block-heading\"><strong>Base legal per a l&#039;\u00fas de cookies<\/strong><\/p>\n\n<p>La base legal per a l&#039;\u00fas de les cookies t\u00e8cniques \u00e9s l&#039;inter\u00e8s leg\u00edtim del titular del lloc web.<br \/>La base legal per a l&#039;\u00fas de cookies no essencials \u00e9s el consentiment de l&#039;usuari, que es sol\u00b7licita a trav\u00e9s del b\u00e0ner de cookies o del panell de configuraci\u00f3.<\/p>\n\n<p class=\"wp-block-heading\"><strong>Com gestionar o desactivar les galetes (cookies)<\/strong><\/p>\n\n<p>Els usuaris poden permetre, bloquejar o eliminar les cookies instal\u00b7lades al seu equip mitjan\u00e7ant la configuraci\u00f3 de les opcions del navegador instal\u00b7lat al seu dispositiu. A continuaci\u00f3 es mostren els principals navegadors:<\/p>\n\n<ul class=\"wp-block-list\">\n<li>Google Chrome<\/li>\n\n<li>Mozilla Firefox<\/li>\n\n<li>Safari<\/li>\n\n<li>Microsoft Edge<\/li>\n<\/ul>\n\n<p>La desactivaci\u00f3 de les galetes (cookies) pot afectar el correcte funcionament del lloc web.<\/p>\n\n<p class=\"wp-block-heading\"><strong>Actualitzacions de la Pol\u00edtica de Cookies<\/strong><\/p>\n\n<p>VAC-TRON, SA es reserva el dret de modificar aquesta Pol\u00edtica de Cookies en resposta a nous requisits legislatius o reglamentaris o amb la finalitat d&#039;adaptar-la a les instruccions dictades per l&#039;Ag\u00e8ncia Espanyola de Protecci\u00f3 de Dades.<\/p>\n\n<p>Es recomana als usuaris que revisin aquesta pol\u00edtica peri\u00f2dicament.<\/p>\n\n<p class=\"wp-block-heading\"><strong>Contacte<\/strong><\/p>\n\n<p>Per a qualsevol q\u00fcesti\u00f3 relacionada amb l&#039;\u00fas de cookies en aquest lloc web, els usuaris poden contactar amb VAC-TRON, SA a trav\u00e9s dels canals de contacte disponibles al lloc web.<\/p>\n\t\t\t\t\t\t\t\t<\/div>\n\t\t\t\t\t<\/div>\n\t\t\t\t<\/div>\n\t\t\t\t<\/div>","protected":false},"excerpt":{"rendered":"<p>In accordance with Regulation (EU) 2016\/679 (GDPR), Organic Law 3\/2018 (LOPDGDD) and Law 34\/2002 on Information Society Services and Electronic Commerce (LSSI-CE), VAC-TRON, S.A. hereby informs users about the use of cookies on its website. Website owner:VAC-TRON, S.A.Tax ID (CIF): A58006677Registered office: Juan de la Cierva, 6 G-H, Pol. Ind. \u201cCan Castells\u201d, 08420 Canovelles (Barcelona), [&hellip;]<\/p>\n","protected":false},"author":3,"featured_media":0,"parent":0,"menu_order":0,"comment_status":"closed","ping_status":"closed","template":"elementor_header_footer","meta":{"_acf_changed":false,"_joinchat":[],"footnotes":""},"class_list":["post-1040","page","type-page","status-publish","hentry"],"acf":[],"yoast_head":"<!-- This site is optimized with the Yoast SEO plugin v26.9 - https:\/\/yoast.com\/product\/yoast-seo-wordpress\/ -->\n<title>Cookie Policy - vac-tron.es<\/title>\n<meta name=\"robots\" content=\"index, follow, max-snippet:-1, max-image-preview:large, max-video-preview:-1\" \/>\n<link rel=\"canonical\" href=\"https:\/\/vac-tron.es\/ca\/politica-de-cookies\/\" \/>\n<meta property=\"og:locale\" content=\"ca_ES\" \/>\n<meta property=\"og:type\" content=\"article\" \/>\n<meta property=\"og:title\" content=\"Cookie Policy - vac-tron.es\" \/>\n<meta property=\"og:description\" content=\"In accordance with Regulation (EU) 2016\/679 (GDPR), Organic Law 3\/2018 (LOPDGDD) and Law 34\/2002 on Information Society Services and Electronic Commerce (LSSI-CE), VAC-TRON, S.A. hereby informs users about the use of cookies on its website. Website owner:VAC-TRON, S.A.Tax ID (CIF): A58006677Registered office: Juan de la Cierva, 6 G-H, Pol. Ind. \u201cCan Castells\u201d, 08420 Canovelles (Barcelona), [&hellip;]\" \/>\n<meta property=\"og:url\" content=\"https:\/\/vac-tron.es\/ca\/politica-de-cookies\/\" \/>\n<meta property=\"og:site_name\" content=\"vac-tron.es\" \/>\n<meta property=\"article:modified_time\" content=\"2026-02-06T13:22:29+00:00\" \/>\n<meta name=\"twitter:card\" content=\"summary_large_image\" \/>\n<meta name=\"twitter:label1\" content=\"Temps estimat de lectura\" \/>\n\t<meta name=\"twitter:data1\" content=\"2 minuts\" \/>\n<script type=\"application\/ld+json\" class=\"yoast-schema-graph\">{\"@context\":\"https:\/\/schema.org\",\"@graph\":[{\"@type\":\"WebPage\",\"@id\":\"https:\/\/vac-tron.es\/cookie-policy\/\",\"url\":\"https:\/\/vac-tron.es\/cookie-policy\/\",\"name\":\"Cookie Policy - vac-tron.es\",\"isPartOf\":{\"@id\":\"https:\/\/vac-tron.es\/#website\"},\"datePublished\":\"2026-01-26T11:38:05+00:00\",\"dateModified\":\"2026-02-06T13:22:29+00:00\",\"breadcrumb\":{\"@id\":\"https:\/\/vac-tron.es\/cookie-policy\/#breadcrumb\"},\"inLanguage\":\"ca\",\"potentialAction\":[{\"@type\":\"ReadAction\",\"target\":[\"https:\/\/vac-tron.es\/cookie-policy\/\"]}]},{\"@type\":\"BreadcrumbList\",\"@id\":\"https:\/\/vac-tron.es\/cookie-policy\/#breadcrumb\",\"itemListElement\":[{\"@type\":\"ListItem\",\"position\":1,\"name\":\"Home\",\"item\":\"https:\/\/vac-tron.es\/\"},{\"@type\":\"ListItem\",\"position\":2,\"name\":\"Cookie Policy\"}]},{\"@type\":\"WebSite\",\"@id\":\"https:\/\/vac-tron.es\/#website\",\"url\":\"https:\/\/vac-tron.es\/\",\"name\":\"vac-tron.es\",\"description\":\"\",\"publisher\":{\"@id\":\"https:\/\/vac-tron.es\/#organization\"},\"potentialAction\":[{\"@type\":\"SearchAction\",\"target\":{\"@type\":\"EntryPoint\",\"urlTemplate\":\"https:\/\/vac-tron.es\/?s={search_term_string}\"},\"query-input\":{\"@type\":\"PropertyValueSpecification\",\"valueRequired\":true,\"valueName\":\"search_term_string\"}}],\"inLanguage\":\"ca\"},{\"@type\":\"Organization\",\"@id\":\"https:\/\/vac-tron.es\/#organization\",\"name\":\"vac-tron.es\",\"url\":\"https:\/\/vac-tron.es\/\",\"logo\":{\"@type\":\"ImageObject\",\"inLanguage\":\"ca\",\"@id\":\"https:\/\/vac-tron.es\/#\/schema\/logo\/image\/\",\"url\":\"https:\/\/vac-tron.es\/wp-content\/uploads\/2025\/09\/Vac-Tron_Logotipo.svg\",\"contentUrl\":\"https:\/\/vac-tron.es\/wp-content\/uploads\/2025\/09\/Vac-Tron_Logotipo.svg\",\"width\":419,\"height\":143,\"caption\":\"vac-tron.es\"},\"image\":{\"@id\":\"https:\/\/vac-tron.es\/#\/schema\/logo\/image\/\"},\"sameAs\":[\"https:\/\/www.linkedin.com\/company\/vac-tron-s-a\/\"]}]}<\/script>\n<!-- \/ Yoast SEO plugin. -->","yoast_head_json":{"title":"Pol\u00edtica de cookies - vac-tron.es","robots":{"index":"index","follow":"follow","max-snippet":"max-snippet:-1","max-image-preview":"max-image-preview:large","max-video-preview":"max-video-preview:-1"},"canonical":"https:\/\/vac-tron.es\/ca\/politica-de-cookies\/","og_locale":"ca_ES","og_type":"article","og_title":"Cookie Policy - vac-tron.es","og_description":"In accordance with Regulation (EU) 2016\/679 (GDPR), Organic Law 3\/2018 (LOPDGDD) and Law 34\/2002 on Information Society Services and Electronic Commerce (LSSI-CE), VAC-TRON, S.A. hereby informs users about the use of cookies on its website. Website owner:VAC-TRON, S.A.Tax ID (CIF): A58006677Registered office: Juan de la Cierva, 6 G-H, Pol. Ind. \u201cCan Castells\u201d, 08420 Canovelles (Barcelona), [&hellip;]","og_url":"https:\/\/vac-tron.es\/ca\/politica-de-cookies\/","og_site_name":"vac-tron.es","article_modified_time":"2026-02-06T13:22:29+00:00","twitter_card":"summary_large_image","twitter_misc":{"Temps estimat de lectura":"2 minuts"},"schema":{"@context":"https:\/\/schema.org","@graph":[{"@type":"WebPage","@id":"https:\/\/vac-tron.es\/cookie-policy\/","url":"https:\/\/vac-tron.es\/cookie-policy\/","name":"Pol\u00edtica de cookies - vac-tron.es","isPartOf":{"@id":"https:\/\/vac-tron.es\/#website"},"datePublished":"2026-01-26T11:38:05+00:00","dateModified":"2026-02-06T13:22:29+00:00","breadcrumb":{"@id":"https:\/\/vac-tron.es\/cookie-policy\/#breadcrumb"},"inLanguage":"ca","potentialAction":[{"@type":"ReadAction","target":["https:\/\/vac-tron.es\/cookie-policy\/"]}]},{"@type":"BreadcrumbList","@id":"https:\/\/vac-tron.es\/cookie-policy\/#breadcrumb","itemListElement":[{"@type":"ListItem","position":1,"name":"Home","item":"https:\/\/vac-tron.es\/"},{"@type":"ListItem","position":2,"name":"Cookie Policy"}]},{"@type":"WebSite","@id":"https:\/\/vac-tron.es\/#website","url":"https:\/\/vac-tron.es\/","name":"vac-tron.es","description":"","publisher":{"@id":"https:\/\/vac-tron.es\/#organization"},"potentialAction":[{"@type":"SearchAction","target":{"@type":"EntryPoint","urlTemplate":"https:\/\/vac-tron.es\/?s={search_term_string}"},"query-input":{"@type":"PropertyValueSpecification","valueRequired":true,"valueName":"search_term_string"}}],"inLanguage":"ca"},{"@type":"Organization","@id":"https:\/\/vac-tron.es\/#organization","name":"vac-tron.es","url":"https:\/\/vac-tron.es\/","logo":{"@type":"ImageObject","inLanguage":"ca","@id":"https:\/\/vac-tron.es\/#\/schema\/logo\/image\/","url":"https:\/\/vac-tron.es\/wp-content\/uploads\/2025\/09\/Vac-Tron_Logotipo.svg","contentUrl":"https:\/\/vac-tron.es\/wp-content\/uploads\/2025\/09\/Vac-Tron_Logotipo.svg","width":419,"height":143,"caption":"vac-tron.es"},"image":{"@id":"https:\/\/vac-tron.es\/#\/schema\/logo\/image\/"},"sameAs":["https:\/\/www.linkedin.com\/company\/vac-tron-s-a\/"]}]}},"_links":{"self":[{"href":"https:\/\/vac-tron.es\/ca\/wp-json\/wp\/v2\/pages\/1040","targetHints":{"allow":["GET"]}}],"collection":[{"href":"https:\/\/vac-tron.es\/ca\/wp-json\/wp\/v2\/pages"}],"about":[{"href":"https:\/\/vac-tron.es\/ca\/wp-json\/wp\/v2\/types\/page"}],"author":[{"embeddable":true,"href":"https:\/\/vac-tron.es\/ca\/wp-json\/wp\/v2\/users\/3"}],"replies":[{"embeddable":true,"href":"https:\/\/vac-tron.es\/ca\/wp-json\/wp\/v2\/comments?post=1040"}],"version-history":[{"count":4,"href":"https:\/\/vac-tron.es\/ca\/wp-json\/wp\/v2\/pages\/1040\/revisions"}],"predecessor-version":[{"id":1254,"href":"https:\/\/vac-tron.es\/ca\/wp-json\/wp\/v2\/pages\/1040\/revisions\/1254"}],"wp:attachment":[{"href":"https:\/\/vac-tron.es\/ca\/wp-json\/wp\/v2\/media?parent=1040"}],"curies":[{"name":"wp","href":"https:\/\/api.w.org\/{rel}","templated":true}]}}